{"id":42530,"date":"2025-08-04T14:36:13","date_gmt":"2025-08-04T12:36:13","guid":{"rendered":"https:\/\/elastomeri.click.si\/?post_type=product&#038;p=42530"},"modified":"2025-11-24T12:38:24","modified_gmt":"2025-11-24T11:38:24","slug":"harbs-180-80-z","status":"publish","type":"product","link":"https:\/\/elastomeri.si\/de\/produkt\/stahlrollen\/harbs-180-80-z\/","title":{"rendered":"Harbs 180-80 Z"},"content":{"rendered":"<p>Die Stahlrolle wird aus geh\u00e4rtetem Stahl hergestellt, die nach Ihrem Wunsch noch zus\u00e4tzlich f\u00fcr bessere Festigkeit verchromt werden kann.<\/p>\n<p>Bei der Bestellung von Stahlrollen muss der Kunde noch folgendes ausw\u00e4hlen:<\/p>\n<ul>\n<li>das Zahnprofil (A, B, C, D, E, F, G, H, X \u2013 wenn Sie das Zahnprofil X ausw\u00e4hlen, w\u00e4hlen Sie die Richtung der Verzahnung und das Material nicht, da es nur als verchromt zur Verf\u00fcgung steht)<\/li>\n<li>die Richtung der Verzahnung (gerade oder schr\u00e4g)<\/li>\n<li>das Material (Standard \u2013 nur geh\u00e4rtet, verchromt \u2013 geh\u00e4rtet + verchromt)<\/li>\n<\/ul>\n<p>Diese Stahlrollen sind zum Einbau in verschiedene Harbs Maschinen geeignet.<\/p>\n","protected":false},"excerpt":{"rendered":"<p><u>Technische Daten (in mm)<\/u>:<\/p>\n<p>D1 (Rollendurchmesser) = 180<\/p>\n<p>L (Kernl\u00e4nge) = 105<\/p>\n<p>L1 (Verzahnungsbreite) = 80<\/p>\n<p>\u010c (Bohrung) = 34<\/p>\n<p>U (Keilnutbreite) = 10<\/p>\n","protected":false},"featured_media":42630,"template":"","meta":{"_acf_changed":false,"inline_featured_image":false,"_monsterinsights_skip_tracking":false,"_monsterinsights_sitenote_active":false,"_monsterinsights_sitenote_note":"","_monsterinsights_sitenote_category":0},"product_brand":[962],"product_cat":[430],"product_tag":[],"class_list":{"0":"post-42530","1":"product","2":"type-product","3":"status-publish","4":"has-post-thumbnail","6":"product_brand-harbs","7":"product_cat-stahlrollen","8":"pa_d-premer-jedra-mm-d-premer-jedra-180mm","9":"pa_material-chrom","10":"pa_material-standard","11":"pa_oblika-zob-e","12":"pa_oblika-zob-f","13":"pa_oblika-zob-g","14":"pa_oblika-zob-h","15":"pa_oblika-zob-x","16":"pa_oblika-zob-a","17":"pa_oblika-zob-b","18":"pa_oblika-zob-c","19":"pa_oblika-zob-d","20":"pa_smer-zob-gerade","21":"pa_smer-zob-schrag","22":"pa_smer-zob-keiner","24":"first","25":"instock","26":"taxable","27":"shipping-taxable","28":"purchasable","29":"product-type-variable"},"acf":[],"aioseo_notices":[],"_links":{"self":[{"href":"https:\/\/elastomeri.si\/de\/wp-json\/wp\/v2\/product\/42530","targetHints":{"allow":["GET"]}}],"collection":[{"href":"https:\/\/elastomeri.si\/de\/wp-json\/wp\/v2\/product"}],"about":[{"href":"https:\/\/elastomeri.si\/de\/wp-json\/wp\/v2\/types\/product"}],"wp:featuredmedia":[{"embeddable":true,"href":"https:\/\/elastomeri.si\/de\/wp-json\/wp\/v2\/media\/42630"}],"wp:attachment":[{"href":"https:\/\/elastomeri.si\/de\/wp-json\/wp\/v2\/media?parent=42530"}],"wp:term":[{"taxonomy":"product_brand","embeddable":true,"href":"https:\/\/elastomeri.si\/de\/wp-json\/wp\/v2\/product_brand?post=42530"},{"taxonomy":"product_cat","embeddable":true,"href":"https:\/\/elastomeri.si\/de\/wp-json\/wp\/v2\/product_cat?post=42530"},{"taxonomy":"product_tag","embeddable":true,"href":"https:\/\/elastomeri.si\/de\/wp-json\/wp\/v2\/product_tag?post=42530"}],"curies":[{"name":"wp","href":"https:\/\/api.w.org\/{rel}","templated":true}]}}