{"id":41729,"date":"2025-04-09T09:21:05","date_gmt":"2025-04-09T09:21:05","guid":{"rendered":"https:\/\/elastomeri.click.si\/?post_type=product&#038;p=41729"},"modified":"2025-12-18T10:17:58","modified_gmt":"2025-12-18T09:17:58","slug":"verboom-160-50-35-z","status":"publish","type":"product","link":"https:\/\/elastomeri.si\/de\/produkt\/stahlrollen\/verboom-160-50-35-z\/","title":{"rendered":"Verboom 160-50-35 Z"},"content":{"rendered":"<p>Die Stahlrolle wird aus geh\u00e4rtetem Stahl hergestellt, die nach Ihrem Wunsch noch zus\u00e4tzlich f\u00fcr bessere Festigkeit verchromt werden kann.<\/p>\n<p>Bei der Bestellung von Stahlrollen muss der Kunde noch folgendes ausw\u00e4hlen:<\/p>\n<ul>\n<li>das Zahnprofil (A, B, C, D, E, F, G, H, X \u2013 wenn Sie das Zahnprofil X ausw\u00e4hlen, w\u00e4hlen Sie die Richtung der Verzahnung und das Material nicht, da es nur als verchromt zur Verf\u00fcgung steht)<\/li>\n<li>die Richtung der Verzahnung (gerade oder schr\u00e4g)<\/li>\n<li>das Material (standard \u2013 nur geh\u00e4rtet, verchromt \u2013 geh\u00e4rtet + verchromt)<\/li>\n<\/ul>\n<p>Diese Stahlrollen sind zum Einbau in verschiedene Verboom Maschinen geeignet.<\/p>\n","protected":false},"excerpt":{"rendered":"<table id=\"product-attribute-specs-table\" class=\"data table additional-attributes\">\n<tbody>\n<tr>\n<td class=\"col data\" data-th=\"Short Description\"><u>Technische Details (v mm)<\/u>:<\/p>\n<p>D (Kerndurchmesser) = 160<\/p>\n<p>D1 (Rollendurchmesser) = 160<\/p>\n<p>L (Kernl\u00e4nge) = 50<\/p>\n<p>L1 (Verzahnungsbreite) = 50<\/p>\n<p>\u010c (Bohrung) = 35<\/p>\n<p>U (Keilnut) = 10<\/td>\n<\/tr>\n<\/tbody>\n<\/table>\n","protected":false},"featured_media":41829,"template":"","meta":{"_acf_changed":false,"inline_featured_image":false,"_monsterinsights_skip_tracking":false,"_monsterinsights_sitenote_active":false,"_monsterinsights_sitenote_note":"","_monsterinsights_sitenote_category":0},"product_brand":[995],"product_cat":[430],"product_tag":[],"class_list":{"0":"post-41729","1":"product","2":"type-product","3":"status-publish","4":"has-post-thumbnail","6":"product_brand-verboom","7":"product_cat-stahlrollen","8":"pa_d1-premer-koluta-mm-d1-premer-koluta-160mm","9":"pa_material-chrom","10":"pa_material-standard","11":"pa_oblika-zob-b","12":"pa_oblika-zob-c","13":"pa_oblika-zob-d","14":"pa_oblika-zob-e","15":"pa_oblika-zob-f","16":"pa_oblika-zob-g","17":"pa_oblika-zob-h","18":"pa_oblika-zob-x","19":"pa_oblika-zob-a","20":"pa_smer-zob-gerade","21":"pa_smer-zob-schrag","22":"pa_smer-zob-keiner","24":"first","25":"instock","26":"taxable","27":"shipping-taxable","28":"purchasable","29":"product-type-variable"},"acf":[],"aioseo_notices":[],"_links":{"self":[{"href":"https:\/\/elastomeri.si\/de\/wp-json\/wp\/v2\/product\/41729","targetHints":{"allow":["GET"]}}],"collection":[{"href":"https:\/\/elastomeri.si\/de\/wp-json\/wp\/v2\/product"}],"about":[{"href":"https:\/\/elastomeri.si\/de\/wp-json\/wp\/v2\/types\/product"}],"wp:featuredmedia":[{"embeddable":true,"href":"https:\/\/elastomeri.si\/de\/wp-json\/wp\/v2\/media\/41829"}],"wp:attachment":[{"href":"https:\/\/elastomeri.si\/de\/wp-json\/wp\/v2\/media?parent=41729"}],"wp:term":[{"taxonomy":"product_brand","embeddable":true,"href":"https:\/\/elastomeri.si\/de\/wp-json\/wp\/v2\/product_brand?post=41729"},{"taxonomy":"product_cat","embeddable":true,"href":"https:\/\/elastomeri.si\/de\/wp-json\/wp\/v2\/product_cat?post=41729"},{"taxonomy":"product_tag","embeddable":true,"href":"https:\/\/elastomeri.si\/de\/wp-json\/wp\/v2\/product_tag?post=41729"}],"curies":[{"name":"wp","href":"https:\/\/api.w.org\/{rel}","templated":true}]}}