{"id":41423,"date":"2025-04-08T10:23:31","date_gmt":"2025-04-08T08:23:31","guid":{"rendered":"https:\/\/elastomeri.click.si\/?post_type=product&#038;p=41423"},"modified":"2025-11-24T12:56:20","modified_gmt":"2025-11-24T11:56:20","slug":"martin-120-20-40-12-z","status":"publish","type":"product","link":"https:\/\/elastomeri.si\/de\/produkt\/stahlrollen\/martin-120-20-40-12-z\/","title":{"rendered":"Martin 120-20-40-12 Z"},"content":{"rendered":"<p>Die Stahlrolle wird aus geh\u00e4rtetem Stahl hergestellt, die nach Ihrem Wunsch noch zus\u00e4tzlich f\u00fcr bessere Festigkeit verchromt werden kann.<\/p>\n<p>Bei der Bestellung von Stahlrollen muss der Kunde noch folgendes ausw\u00e4hlen:<\/p>\n<ul>\n<li>das Zahnprofil (A, B, C, D, E, F, G, H, X \u2013 wenn Sie das Zahnprofil X ausw\u00e4hlen, w\u00e4hlen Sie die Richtung der Verzahnung und das Material nicht, da es nur als verchromt zur Verf\u00fcgung steht)<\/li>\n<li>die Richtung der Verzahnung (gerade oder schr\u00e4g)<\/li>\n<li>das Material (standard \u2013 nur geh\u00e4rtet, verchromt \u2013 geh\u00e4rtet + verchromt)<\/li>\n<\/ul>\n<p>Diese Stahlrollen sind zum Einbau in verschiedene Martin Maschinen geeignet.<\/p>\n","protected":false},"excerpt":{"rendered":"<p><u>Technische Daten (in mm):<\/u><\/p>\n<p>D (Kerndurchmesser) = 120<\/p>\n<p>D1 (Rollendurchmesser) = 120<\/p>\n<p>L (Kernl\u00e4nge) = 20<\/p>\n<p>L1 (Verzahnungsbreite) = 20<\/p>\n<p>\u010c (Bohrung) = 40<\/p>\n<p>U (Keilnut) = 12<\/p>\n","protected":false},"featured_media":41523,"template":"","meta":{"_acf_changed":false,"inline_featured_image":false,"_monsterinsights_skip_tracking":false,"_monsterinsights_sitenote_active":false,"_monsterinsights_sitenote_note":"","_monsterinsights_sitenote_category":0},"product_brand":[977],"product_cat":[430],"product_tag":[],"class_list":{"0":"post-41423","1":"product","2":"type-product","3":"status-publish","4":"has-post-thumbnail","6":"product_brand-martin","7":"product_cat-stahlrollen","8":"pa_d-premer-jedra-mm-d-premer-jedra-120mm","9":"pa_d1-premer-koluta-mm-d1-premer-koluta-120mm","10":"pa_l-sirina-jedra-mm-l-irina-jedra-20mm","11":"pa_material-standard","12":"pa_material-chrom","13":"pa_oblika-zob-a","14":"pa_oblika-zob-b","15":"pa_oblika-zob-c","16":"pa_oblika-zob-d","17":"pa_oblika-zob-e","18":"pa_oblika-zob-f","19":"pa_oblika-zob-g","20":"pa_oblika-zob-h","21":"pa_oblika-zob-x","22":"pa_smer-zob-gerade","23":"pa_smer-zob-schrag","24":"pa_smer-zob-keiner","26":"first","27":"instock","28":"taxable","29":"shipping-taxable","30":"purchasable","31":"product-type-variable"},"acf":[],"aioseo_notices":[],"_links":{"self":[{"href":"https:\/\/elastomeri.si\/de\/wp-json\/wp\/v2\/product\/41423","targetHints":{"allow":["GET"]}}],"collection":[{"href":"https:\/\/elastomeri.si\/de\/wp-json\/wp\/v2\/product"}],"about":[{"href":"https:\/\/elastomeri.si\/de\/wp-json\/wp\/v2\/types\/product"}],"wp:featuredmedia":[{"embeddable":true,"href":"https:\/\/elastomeri.si\/de\/wp-json\/wp\/v2\/media\/41523"}],"wp:attachment":[{"href":"https:\/\/elastomeri.si\/de\/wp-json\/wp\/v2\/media?parent=41423"}],"wp:term":[{"taxonomy":"product_brand","embeddable":true,"href":"https:\/\/elastomeri.si\/de\/wp-json\/wp\/v2\/product_brand?post=41423"},{"taxonomy":"product_cat","embeddable":true,"href":"https:\/\/elastomeri.si\/de\/wp-json\/wp\/v2\/product_cat?post=41423"},{"taxonomy":"product_tag","embeddable":true,"href":"https:\/\/elastomeri.si\/de\/wp-json\/wp\/v2\/product_tag?post=41423"}],"curies":[{"name":"wp","href":"https:\/\/api.w.org\/{rel}","templated":true}]}}