{"id":40478,"date":"2025-03-21T13:08:56","date_gmt":"2025-03-21T12:08:56","guid":{"rendered":"https:\/\/elastomeri.click.si\/?post_type=product&#038;p=40478"},"modified":"2025-11-24T13:22:51","modified_gmt":"2025-11-24T12:22:51","slug":"wadkin-140-20-25-z","status":"publish","type":"product","link":"https:\/\/elastomeri.si\/de\/produkt\/stahlrollen\/wadkin-140-20-25-z\/","title":{"rendered":"Wadkin 140-20-25 Z"},"content":{"rendered":"<p>Die Stahlrolle wird aus geh\u00e4rtetem Stahl hergestellt, die nach Ihrem Wunsch noch zus\u00e4tzlich f\u00fcr bessere Festigkeit verchromt werden kann.<\/p>\n<p>Bei der Bestellung von Stahlrollen muss der Kunde noch folgendes ausw\u00e4hlen:<\/p>\n<ul>\n<li>das Zahnprofil (A, B, C, D, E, F, G, H, X \u2013 wenn Sie das Zahnprofil X ausw\u00e4hlen, w\u00e4hlen Sie die Richtung der Verzahnung und das Material nicht, da es nur als verchromt zur Verf\u00fcgung steht)<\/li>\n<li>die Richtung der Verzahnung (gerade oder schr\u00e4g)<\/li>\n<li>das Material (standard \u2013 nur geh\u00e4rtet, verchromt \u2013 geh\u00e4rtet + verchromt)<\/li>\n<\/ul>\n<p>Diese Stahlrollen sind zum Einbau in verschiedene Wadkin Maschinen geeignet.<\/p>\n","protected":false},"excerpt":{"rendered":"<p><u>Technische Details (v mm)<\/u>:<\/p>\n<p>D (Kerndurchmesser) = 140<\/p>\n<p>D1 (Rollendurchmesser) = 140<\/p>\n<p>L (Kernl\u00e4nge) = 40<\/p>\n<p>L1 (Verzahnungsbreite) = 25<\/p>\n<p>\u010c (Bohrung) = 30<\/p>\n<p>U (Keilnut) =<\/p>\n<p>TK (Teilkreis) =\u00a0 55<\/p>\n","protected":false},"featured_media":40578,"template":"","meta":{"_acf_changed":false,"inline_featured_image":false,"_monsterinsights_skip_tracking":false,"_monsterinsights_sitenote_active":false,"_monsterinsights_sitenote_note":"","_monsterinsights_sitenote_category":0},"product_brand":[999],"product_cat":[430],"product_tag":[],"class_list":{"0":"post-40478","1":"product","2":"type-product","3":"status-publish","4":"has-post-thumbnail","6":"product_brand-wadkin","7":"product_cat-stahlrollen","8":"pa_d-premer-jedra-mm-d-premer-jedra-140mm","9":"pa_d1-premer-koluta-mm-d1-premer-koluta-140mm","10":"pa_l-sirina-jedra-mm-l-irina-jedra-24mm","11":"pa_material-standard","12":"pa_material-chrom","13":"pa_oblika-zob-d","14":"pa_oblika-zob-e","15":"pa_oblika-zob-f","16":"pa_oblika-zob-g","17":"pa_oblika-zob-h","18":"pa_oblika-zob-x","19":"pa_oblika-zob-a","20":"pa_oblika-zob-b","21":"pa_oblika-zob-c","22":"pa_smer-zob-schrag","23":"pa_smer-zob-keiner","24":"pa_smer-zob-gerade","26":"first","27":"instock","28":"taxable","29":"shipping-taxable","30":"purchasable","31":"product-type-variable"},"acf":[],"aioseo_notices":[],"_links":{"self":[{"href":"https:\/\/elastomeri.si\/de\/wp-json\/wp\/v2\/product\/40478","targetHints":{"allow":["GET"]}}],"collection":[{"href":"https:\/\/elastomeri.si\/de\/wp-json\/wp\/v2\/product"}],"about":[{"href":"https:\/\/elastomeri.si\/de\/wp-json\/wp\/v2\/types\/product"}],"wp:featuredmedia":[{"embeddable":true,"href":"https:\/\/elastomeri.si\/de\/wp-json\/wp\/v2\/media\/40578"}],"wp:attachment":[{"href":"https:\/\/elastomeri.si\/de\/wp-json\/wp\/v2\/media?parent=40478"}],"wp:term":[{"taxonomy":"product_brand","embeddable":true,"href":"https:\/\/elastomeri.si\/de\/wp-json\/wp\/v2\/product_brand?post=40478"},{"taxonomy":"product_cat","embeddable":true,"href":"https:\/\/elastomeri.si\/de\/wp-json\/wp\/v2\/product_cat?post=40478"},{"taxonomy":"product_tag","embeddable":true,"href":"https:\/\/elastomeri.si\/de\/wp-json\/wp\/v2\/product_tag?post=40478"}],"curies":[{"name":"wp","href":"https:\/\/api.w.org\/{rel}","templated":true}]}}