{"id":39560,"date":"2025-02-28T11:14:13","date_gmt":"2025-02-28T10:14:13","guid":{"rendered":"https:\/\/elastomeri.click.si\/?post_type=product&#038;p=39560"},"modified":"2025-11-24T13:27:01","modified_gmt":"2025-11-24T12:27:01","slug":"gubisch-140-30-30-8-z","status":"publish","type":"product","link":"https:\/\/elastomeri.si\/de\/produkt\/stahlrollen\/gubisch-140-30-30-8-z\/","title":{"rendered":"Gubisch 140-30-30-8 Z"},"content":{"rendered":"<p>Die Stahlrolle wird aus geh\u00e4rtetem Stahl hergestellt, die nach Ihrem Wunsch noch zus\u00e4tzlich f\u00fcr bessere Festigkeit verchromt werden kann.<\/p>\n<p>Bei der Bestellung von Stahlrollen muss der Kunde noch folgendes ausw\u00e4hlen:<\/p>\n<ul>\n<li>das Zahnprofil (A, B, C, D, E, F, G, H, X \u2013 wenn Sie das Zahnprofil X ausw\u00e4hlen, w\u00e4hlen Sie die Richtung der Verzahnung und das Material nicht, da es nur als verchromt zur Verf\u00fcgung steht)<\/li>\n<li>die Richtung der Verzahnung (gerade oder schr\u00e4g)<\/li>\n<li>das Material (standard \u2013 nur geh\u00e4rtet, verchromt \u2013 geh\u00e4rtet + verchromt)<\/li>\n<\/ul>\n<p>Diese Stahlrollen sind zum Einbau in verschiedene Gubisch Maschinen geeignet.<\/p>\n","protected":false},"excerpt":{"rendered":"<p><u>Technische Daten (in mm)<\/u>:<\/p>\n<p>D (Kerndurchmesser) = 140<\/p>\n<p>D1 (Rollendurchmesser) = 140<\/p>\n<p>L (Kernl\u00e4nge) = 50<\/p>\n<p>L1 (Verzahnungsbreite) = 50<\/p>\n<p>\u010c (Bohrung) = 30<\/p>\n<p>U (Keilnut) = 8<\/p>\n","protected":false},"featured_media":39660,"template":"","meta":{"_acf_changed":false,"inline_featured_image":false,"_monsterinsights_skip_tracking":false,"_monsterinsights_sitenote_active":false,"_monsterinsights_sitenote_note":"","_monsterinsights_sitenote_category":0},"product_brand":[961],"product_cat":[430],"product_tag":[],"class_list":{"0":"post-39560","1":"product","2":"type-product","3":"status-publish","4":"has-post-thumbnail","6":"product_brand-gubisch","7":"product_cat-stahlrollen","8":"pa_d-premer-jedra-mm-d-premer-jedra-140mm","9":"pa_d1-premer-koluta-mm-d1-premer-koluta-140mm","10":"pa_l-sirina-jedra-mm-l-irina-jedra-30mm","11":"pa_luknja-mm-notranja-luknja-30mm","12":"pa_material-standard","13":"pa_material-chrom","14":"pa_oblika-zob-a","15":"pa_oblika-zob-b","16":"pa_oblika-zob-c","17":"pa_oblika-zob-d","18":"pa_oblika-zob-e","19":"pa_oblika-zob-f","20":"pa_oblika-zob-g","21":"pa_oblika-zob-h","22":"pa_oblika-zob-x","23":"pa_smer-zob-gerade","24":"pa_smer-zob-schrag","25":"pa_smer-zob-keiner","27":"first","28":"instock","29":"taxable","30":"shipping-taxable","31":"purchasable","32":"product-type-variable"},"acf":[],"aioseo_notices":[],"_links":{"self":[{"href":"https:\/\/elastomeri.si\/de\/wp-json\/wp\/v2\/product\/39560","targetHints":{"allow":["GET"]}}],"collection":[{"href":"https:\/\/elastomeri.si\/de\/wp-json\/wp\/v2\/product"}],"about":[{"href":"https:\/\/elastomeri.si\/de\/wp-json\/wp\/v2\/types\/product"}],"wp:featuredmedia":[{"embeddable":true,"href":"https:\/\/elastomeri.si\/de\/wp-json\/wp\/v2\/media\/39660"}],"wp:attachment":[{"href":"https:\/\/elastomeri.si\/de\/wp-json\/wp\/v2\/media?parent=39560"}],"wp:term":[{"taxonomy":"product_brand","embeddable":true,"href":"https:\/\/elastomeri.si\/de\/wp-json\/wp\/v2\/product_brand?post=39560"},{"taxonomy":"product_cat","embeddable":true,"href":"https:\/\/elastomeri.si\/de\/wp-json\/wp\/v2\/product_cat?post=39560"},{"taxonomy":"product_tag","embeddable":true,"href":"https:\/\/elastomeri.si\/de\/wp-json\/wp\/v2\/product_tag?post=39560"}],"curies":[{"name":"wp","href":"https:\/\/api.w.org\/{rel}","templated":true}]}}