{"id":37415,"date":"2022-10-11T07:55:52","date_gmt":"2022-10-11T05:55:52","guid":{"rendered":"https:\/\/elastomeri.click.si\/?post_type=product&#038;p=37415"},"modified":"2025-11-24T14:06:19","modified_gmt":"2025-11-24T13:06:19","slug":"harbs-165-50-34-10-z","status":"publish","type":"product","link":"https:\/\/elastomeri.si\/de\/produkt\/stahlrollen\/harbs-165-50-34-10-z\/","title":{"rendered":"Harbs 165-50-34-10 Z"},"content":{"rendered":"<p>Die Stahlrolle wird aus geh\u00e4rtetem Stahl hergestellt, die nach Ihrem Wunsch noch zus\u00e4tzlich f\u00fcr bessere Festigkeit verchromt werden kann.<\/p>\n<p>Bei der Bestellung von Stahlrollen muss der Kunde noch folgendes ausw\u00e4hlen:<\/p>\n<p>&#8211; das Zahnprofil (A, B, C, D, E, F, G, H, X \u2013 wenn Sie das Zahnprofil X ausw\u00e4hlen, w\u00e4hlen Sie die Richtung der Verzahnung und das Material nicht, da es nur als verchromt zur Verf\u00fcgung steht)<\/p>\n<p>&#8211; die Richtung der Verzahnung (gerade oder schr\u00e4g)<\/p>\n<p>&#8211; das Material (Standard \u2013 nur geh\u00e4rtet, verchromt \u2013 geh\u00e4rtet + verchromt)<\/p>\n<p>Diese Stahlrollen sind zum Einbau in verschiedene Harbs Maschinen geeignet.<\/p>\n","protected":false},"excerpt":{"rendered":"<p>Technische Daten (in mm):<\/p>\n<p>D1 (Rollendurchmesser) = 165<\/p>\n<p>L (Kernl\u00e4nge) = 75<\/p>\n<p>L1 (Verzahnungsbreite) = 50<\/p>\n<p>\u010c (Bohrung) = 34<\/p>\n<p>U (Keilnutbreite) = 10<\/p>\n<p>TK (Teilkreis) =<\/p>\n","protected":false},"featured_media":37515,"template":"","meta":{"_acf_changed":false,"inline_featured_image":false,"_monsterinsights_skip_tracking":false,"_monsterinsights_sitenote_active":false,"_monsterinsights_sitenote_note":"","_monsterinsights_sitenote_category":0},"product_brand":[962],"product_cat":[430],"product_tag":[],"class_list":{"0":"post-37415","1":"product","2":"type-product","3":"status-publish","4":"has-post-thumbnail","6":"product_brand-harbs","7":"product_cat-stahlrollen","8":"pa_material-chrom","9":"pa_material-standard","10":"pa_oblika-zob-c","11":"pa_oblika-zob-d","12":"pa_oblika-zob-e","13":"pa_oblika-zob-f","14":"pa_oblika-zob-g","15":"pa_oblika-zob-h","16":"pa_oblika-zob-x","17":"pa_oblika-zob-a","18":"pa_oblika-zob-b","19":"pa_smer-zob-gerade","20":"pa_smer-zob-schrag","21":"pa_smer-zob-keiner","23":"first","24":"instock","25":"taxable","26":"shipping-taxable","27":"purchasable","28":"product-type-variable"},"acf":[],"aioseo_notices":[],"_links":{"self":[{"href":"https:\/\/elastomeri.si\/de\/wp-json\/wp\/v2\/product\/37415","targetHints":{"allow":["GET"]}}],"collection":[{"href":"https:\/\/elastomeri.si\/de\/wp-json\/wp\/v2\/product"}],"about":[{"href":"https:\/\/elastomeri.si\/de\/wp-json\/wp\/v2\/types\/product"}],"wp:featuredmedia":[{"embeddable":true,"href":"https:\/\/elastomeri.si\/de\/wp-json\/wp\/v2\/media\/37515"}],"wp:attachment":[{"href":"https:\/\/elastomeri.si\/de\/wp-json\/wp\/v2\/media?parent=37415"}],"wp:term":[{"taxonomy":"product_brand","embeddable":true,"href":"https:\/\/elastomeri.si\/de\/wp-json\/wp\/v2\/product_brand?post=37415"},{"taxonomy":"product_cat","embeddable":true,"href":"https:\/\/elastomeri.si\/de\/wp-json\/wp\/v2\/product_cat?post=37415"},{"taxonomy":"product_tag","embeddable":true,"href":"https:\/\/elastomeri.si\/de\/wp-json\/wp\/v2\/product_tag?post=37415"}],"curies":[{"name":"wp","href":"https:\/\/api.w.org\/{rel}","templated":true}]}}