{"id":37109,"date":"2022-09-20T07:34:07","date_gmt":"2022-09-20T05:34:07","guid":{"rendered":"https:\/\/elastomeri.click.si\/?post_type=product&#038;p=37109"},"modified":"2025-11-24T14:11:01","modified_gmt":"2025-11-24T13:11:01","slug":"guilliet-120-50-25-z","status":"publish","type":"product","link":"https:\/\/elastomeri.si\/de\/produkt\/stahlrollen\/guilliet-120-50-25-z\/","title":{"rendered":"Guilliet 120-50-25 Z"},"content":{"rendered":"<p>Die Stahlrolle wird aus geh\u00e4rtetem Stahl hergestellt, die nach Ihrem Wunsch noch zus\u00e4tzlich f\u00fcr bessere Festigkeit verchromt werden kann. Bei der Bestellung von Stahlrollen muss der Kunde noch folgendes ausw\u00e4hlen:<\/p>\n<p>&#8211; das Zahnprofil (A, B, C, D, E, F, G, H, X \u2013 wenn Sie das Zahnprofil X ausw\u00e4hlen, w\u00e4hlen Sie die Richtung der Verzahnung und das Material nicht, da es nur als verchromt zur Verf\u00fcgung steht)<\/p>\n<p>&#8211; die Richtung der Verzahnung (gerade oder schr\u00e4g)<\/p>\n<p>&#8211; das Material (Standard \u2013 nur geh\u00e4rtet, verchromt \u2013 geh\u00e4rtet + verchromt)<\/p>\n<p>Diese Stahlrollen sind zum Einbau in verschiedene Guilliet Maschinen geeignet.<\/p>\n","protected":false},"excerpt":{"rendered":"<p>Technische Daten (in mm):<\/p>\n<p>D1 (Rollendurchmesser) = 120<\/p>\n<p>L (Kernl\u00e4nge) = 20<\/p>\n<p>L1 (Verzahnungsbreite) = 20<\/p>\n<p>\u010c (Bohrung) = 25<\/p>\n<p>U (Keilnutbreite) = 8<\/p>\n<p>TK (Teilkreis) =<\/p>\n","protected":false},"featured_media":37209,"template":"","meta":{"_acf_changed":false,"inline_featured_image":false,"_monsterinsights_skip_tracking":false,"_monsterinsights_sitenote_active":false,"_monsterinsights_sitenote_note":"","_monsterinsights_sitenote_category":0},"product_brand":[958],"product_cat":[430],"product_tag":[],"class_list":{"0":"post-37109","1":"product","2":"type-product","3":"status-publish","4":"has-post-thumbnail","6":"product_brand-guilliet","7":"product_cat-stahlrollen","8":"pa_d-premer-jedra-mm-d-premer-jedra-120mm","9":"pa_d1-premer-koluta-mm-d1-premer-koluta-120mm","10":"pa_material-chrom","11":"pa_material-standard","12":"pa_oblika-zob-d","13":"pa_oblika-zob-e","14":"pa_oblika-zob-f","15":"pa_oblika-zob-g","16":"pa_oblika-zob-h","17":"pa_oblika-zob-x","18":"pa_oblika-zob-a","19":"pa_oblika-zob-b","20":"pa_oblika-zob-c","21":"pa_smer-zob-gerade","22":"pa_smer-zob-schrag","23":"pa_smer-zob-keiner","25":"first","26":"instock","27":"taxable","28":"shipping-taxable","29":"purchasable","30":"product-type-variable"},"acf":[],"aioseo_notices":[],"_links":{"self":[{"href":"https:\/\/elastomeri.si\/de\/wp-json\/wp\/v2\/product\/37109","targetHints":{"allow":["GET"]}}],"collection":[{"href":"https:\/\/elastomeri.si\/de\/wp-json\/wp\/v2\/product"}],"about":[{"href":"https:\/\/elastomeri.si\/de\/wp-json\/wp\/v2\/types\/product"}],"wp:featuredmedia":[{"embeddable":true,"href":"https:\/\/elastomeri.si\/de\/wp-json\/wp\/v2\/media\/37209"}],"wp:attachment":[{"href":"https:\/\/elastomeri.si\/de\/wp-json\/wp\/v2\/media?parent=37109"}],"wp:term":[{"taxonomy":"product_brand","embeddable":true,"href":"https:\/\/elastomeri.si\/de\/wp-json\/wp\/v2\/product_brand?post=37109"},{"taxonomy":"product_cat","embeddable":true,"href":"https:\/\/elastomeri.si\/de\/wp-json\/wp\/v2\/product_cat?post=37109"},{"taxonomy":"product_tag","embeddable":true,"href":"https:\/\/elastomeri.si\/de\/wp-json\/wp\/v2\/product_tag?post=37109"}],"curies":[{"name":"wp","href":"https:\/\/api.w.org\/{rel}","templated":true}]}}