{"id":36632,"date":"2022-09-06T11:56:51","date_gmt":"2022-09-06T09:56:51","guid":{"rendered":"https:\/\/elastomeri.click.si\/?post_type=product&#038;p=36632"},"modified":"2025-11-26T10:49:03","modified_gmt":"2025-11-26T09:49:03","slug":"sac-85-175","status":"publish","type":"product","link":"https:\/\/elastomeri.si\/de\/produkt\/gummirollen\/sac-85-175\/","title":{"rendered":"SAC 85-175"},"content":{"rendered":"<p>Die Scheibe besitzt einen Aluminiumkern mit sechseckiger Bohrung und ist mit einer verschlei\u00dffesten, schwarzen Hartgummimischung (70\u00b15 ShA) beschichtet, die Abdr\u00fccke auf dem Material hinterlassen kann.<\/p>\n<p>Sie eignet sich f\u00fcr den Einbau in verschiedene SAC-Ger\u00e4te. Alternativ ist als Standardprodukt auch eine Scheibe mit denselben Abmessungen und einer wei\u00dfen Gummimischung (60\u00b15 ShA) erh\u00e4ltlich.<\/p>\n","protected":false},"excerpt":{"rendered":"<p><u>Techniche Daten (in mm)<\/u>:<\/p>\n<p>D =\u00a0 53,5<\/p>\n<p>D1 = 85<\/p>\n<p>L = 175<\/p>\n<p>L1 = 175<\/p>\n<p>\u010c = 41<\/p>\n<p>U =<\/p>\n<p>TK =<\/p>\n","protected":false},"featured_media":36633,"template":"","meta":{"_acf_changed":false,"inline_featured_image":false,"_monsterinsights_skip_tracking":false,"_monsterinsights_sitenote_active":false,"_monsterinsights_sitenote_note":"","_monsterinsights_sitenote_category":0},"product_brand":[985],"product_cat":[433],"product_tag":[],"class_list":{"0":"post-36632","1":"product","2":"type-product","3":"status-publish","4":"has-post-thumbnail","6":"product_brand-sac","7":"product_cat-gummirollen","8":"pa_d-premer-jedra-mm-d-premer-jedra-53-5mm","9":"pa_d1-premer-koluta-mm-d1-premer-koluta-85mm","11":"first","12":"onbackorder","13":"taxable","14":"shipping-taxable","15":"purchasable","16":"product-type-simple"},"acf":[],"aioseo_notices":[],"_links":{"self":[{"href":"https:\/\/elastomeri.si\/de\/wp-json\/wp\/v2\/product\/36632","targetHints":{"allow":["GET"]}}],"collection":[{"href":"https:\/\/elastomeri.si\/de\/wp-json\/wp\/v2\/product"}],"about":[{"href":"https:\/\/elastomeri.si\/de\/wp-json\/wp\/v2\/types\/product"}],"wp:featuredmedia":[{"embeddable":true,"href":"https:\/\/elastomeri.si\/de\/wp-json\/wp\/v2\/media\/36633"}],"wp:attachment":[{"href":"https:\/\/elastomeri.si\/de\/wp-json\/wp\/v2\/media?parent=36632"}],"wp:term":[{"taxonomy":"product_brand","embeddable":true,"href":"https:\/\/elastomeri.si\/de\/wp-json\/wp\/v2\/product_brand?post=36632"},{"taxonomy":"product_cat","embeddable":true,"href":"https:\/\/elastomeri.si\/de\/wp-json\/wp\/v2\/product_cat?post=36632"},{"taxonomy":"product_tag","embeddable":true,"href":"https:\/\/elastomeri.si\/de\/wp-json\/wp\/v2\/product_tag?post=36632"}],"curies":[{"name":"wp","href":"https:\/\/api.w.org\/{rel}","templated":true}]}}