{"id":35885,"date":"2022-08-09T06:27:03","date_gmt":"2022-08-09T04:27:03","guid":{"rendered":"https:\/\/elastomeri.click.si\/?post_type=product&#038;p=35885"},"modified":"2025-11-25T10:17:54","modified_gmt":"2025-11-25T09:17:54","slug":"scm-140-25-35-z","status":"publish","type":"product","link":"https:\/\/elastomeri.si\/de\/produkt\/stahlrollen\/scm-140-25-35-z\/","title":{"rendered":"SCM 140-25-35 Z"},"content":{"rendered":"<p>Die Stahlrolle wird aus geh\u00e4rtetem Stahl hergestellt, die nach Ihrem Wunsch noch zus\u00e4tzlich f\u00fcr bessere Festigkeit verchromt werden kann.<\/p>\n<p>Bei der Bestellung von Stahlrollen muss der Kunde noch folgendes ausw\u00e4hlen:<\/p>\n<ul>\n<li>das Zahnprofil (A, B, C, D, E, F, G, H, X \u2013 wenn Sie das Zahnprofil X ausw\u00e4hlen, w\u00e4hlen Sie die Richtung der Verzahnung und das Material nicht, da es nur als verchromt zur Verf\u00fcgung steht)<\/li>\n<li>die Richtung der Verzahnung (gerade oder schr\u00e4g)<\/li>\n<li>das Material (standard \u2013 nur geh\u00e4rtet, verchromt \u2013 geh\u00e4rtet + verchromt)<\/li>\n<\/ul>\n<p>Diese Stahlrollen sind zum Einbau in verschiedene SCM Maschinen geeignet.<\/p>\n","protected":false},"excerpt":{"rendered":"<p><u>Technische Daten (in mm)<\/u>:<\/p>\n<p>D (Kerndurchmesser) = 140<\/p>\n<p>D1 (Rollendurchmesser) = 140<\/p>\n<p>L (Kernl\u00e4nge) = 25<\/p>\n<p>L1 (Verzahnungsbreite) = 25<\/p>\n<p>\u010c (Bohrung) = 35<\/p>\n<p>U (Keilnutbreite) =<\/p>\n<p>TK (Teilkreis) =<\/p>\n","protected":false},"featured_media":35985,"template":"","meta":{"_acf_changed":false,"inline_featured_image":false,"_monsterinsights_skip_tracking":false,"_monsterinsights_sitenote_active":false,"_monsterinsights_sitenote_note":"","_monsterinsights_sitenote_category":0},"product_brand":[987],"product_cat":[430],"product_tag":[],"class_list":{"0":"post-35885","1":"product","2":"type-product","3":"status-publish","4":"has-post-thumbnail","6":"product_brand-scm","7":"product_cat-stahlrollen","8":"pa_d-premer-jedra-mm-d-premer-jedra-140mm","9":"pa_d1-premer-koluta-mm-d1-premer-koluta-140mm","10":"pa_l-sirina-jedra-mm-l-irina-jedra-25mm","11":"pa_l1-sirina-koluta-mm-l1-sirina-koluta-25mm","12":"pa_material-standard","13":"pa_material-chrom","14":"pa_oblika-zob-a","15":"pa_oblika-zob-b","16":"pa_oblika-zob-c","17":"pa_oblika-zob-d","18":"pa_oblika-zob-e","19":"pa_oblika-zob-f","20":"pa_oblika-zob-g","21":"pa_oblika-zob-h","22":"pa_oblika-zob-x","23":"pa_smer-zob-gerade","24":"pa_smer-zob-schrag","25":"pa_smer-zob-keiner","27":"first","28":"instock","29":"taxable","30":"shipping-taxable","31":"purchasable","32":"product-type-variable"},"acf":[],"aioseo_notices":[],"_links":{"self":[{"href":"https:\/\/elastomeri.si\/de\/wp-json\/wp\/v2\/product\/35885","targetHints":{"allow":["GET"]}}],"collection":[{"href":"https:\/\/elastomeri.si\/de\/wp-json\/wp\/v2\/product"}],"about":[{"href":"https:\/\/elastomeri.si\/de\/wp-json\/wp\/v2\/types\/product"}],"wp:featuredmedia":[{"embeddable":true,"href":"https:\/\/elastomeri.si\/de\/wp-json\/wp\/v2\/media\/35985"}],"wp:attachment":[{"href":"https:\/\/elastomeri.si\/de\/wp-json\/wp\/v2\/media?parent=35885"}],"wp:term":[{"taxonomy":"product_brand","embeddable":true,"href":"https:\/\/elastomeri.si\/de\/wp-json\/wp\/v2\/product_brand?post=35885"},{"taxonomy":"product_cat","embeddable":true,"href":"https:\/\/elastomeri.si\/de\/wp-json\/wp\/v2\/product_cat?post=35885"},{"taxonomy":"product_tag","embeddable":true,"href":"https:\/\/elastomeri.si\/de\/wp-json\/wp\/v2\/product_tag?post=35885"}],"curies":[{"name":"wp","href":"https:\/\/api.w.org\/{rel}","templated":true}]}}