{"id":35273,"date":"2022-08-03T10:40:25","date_gmt":"2022-08-03T08:40:25","guid":{"rendered":"https:\/\/elastomeri.click.si\/?post_type=product&#038;p=35273"},"modified":"2025-11-25T10:21:42","modified_gmt":"2025-11-25T09:21:42","slug":"scm-140-50-35-z","status":"publish","type":"product","link":"https:\/\/elastomeri.si\/de\/produkt\/stahlrollen\/scm-140-50-35-z\/","title":{"rendered":"SCM 140-50-35 Z"},"content":{"rendered":"<p>Alle Stahlrollen sind aus hochwertigem geh\u00e4rteten Stahl hergestellt. F\u00fcr bessere Festigkeit k\u00f6nnen wir die Rollen auch verchromt herstellen.<\/p>\n<p>Bei Stahlrollen muss der Kunde folgendes definieren:<\/p>\n<p>&#8211; Zahnprofil (A, B, C, D, E, F, G, H, X \u2013 beim Profil X w\u00e4hlt der Kunde weder die Richtung der Verzahnung und das Material nicht, weil es nur als verchromt zur Verf\u00fcgung steht)<\/p>\n<p>&#8211; Richtung der Verzahnung (gerade oder schr\u00e4g)<\/p>\n<p>&#8211; Material (Standard &#8211; nur geh\u00e4rtet, verchromt &#8211; geh\u00e4rtet + verchromt)<\/p>\n<p>Die Stahlrolle wird f\u00fcr den Einbau in verschiedene SCM Maschinen geeignet.<\/p>\n","protected":false},"excerpt":{"rendered":"<p><u>Technische Daten (in mm)<\/u>:<\/p>\n<p>D1 (Rollendurchmesser) = 140<\/p>\n<p>L (Kernl\u00e4nge) = 50<\/p>\n<p>L1 (Verzahnungsbreite) = 50<\/p>\n<p>\u010c (Bohrung) = 35<\/p>\n<p>U (Keilnutbreite) =<\/p>\n<p>TK (Teilkreis) =<\/p>\n","protected":false},"featured_media":35373,"template":"","meta":{"_acf_changed":false,"inline_featured_image":false,"_monsterinsights_skip_tracking":false,"_monsterinsights_sitenote_active":false,"_monsterinsights_sitenote_note":"","_monsterinsights_sitenote_category":0},"product_brand":[987],"product_cat":[430],"product_tag":[],"class_list":{"0":"post-35273","1":"product","2":"type-product","3":"status-publish","4":"has-post-thumbnail","6":"product_brand-scm","7":"product_cat-stahlrollen","8":"pa_d1-premer-koluta-mm-d1-premer-koluta-140mm","9":"pa_material-standard","10":"pa_material-chrom","11":"pa_oblika-zob-a","12":"pa_oblika-zob-b","13":"pa_oblika-zob-c","14":"pa_oblika-zob-d","15":"pa_oblika-zob-e","16":"pa_oblika-zob-f","17":"pa_oblika-zob-g","18":"pa_oblika-zob-h","19":"pa_oblika-zob-x","20":"pa_smer-zob-gerade","21":"pa_smer-zob-schrag","22":"pa_smer-zob-keiner","24":"first","25":"instock","26":"taxable","27":"shipping-taxable","28":"purchasable","29":"product-type-variable"},"acf":[],"aioseo_notices":[],"_links":{"self":[{"href":"https:\/\/elastomeri.si\/de\/wp-json\/wp\/v2\/product\/35273","targetHints":{"allow":["GET"]}}],"collection":[{"href":"https:\/\/elastomeri.si\/de\/wp-json\/wp\/v2\/product"}],"about":[{"href":"https:\/\/elastomeri.si\/de\/wp-json\/wp\/v2\/types\/product"}],"wp:featuredmedia":[{"embeddable":true,"href":"https:\/\/elastomeri.si\/de\/wp-json\/wp\/v2\/media\/35373"}],"wp:attachment":[{"href":"https:\/\/elastomeri.si\/de\/wp-json\/wp\/v2\/media?parent=35273"}],"wp:term":[{"taxonomy":"product_brand","embeddable":true,"href":"https:\/\/elastomeri.si\/de\/wp-json\/wp\/v2\/product_brand?post=35273"},{"taxonomy":"product_cat","embeddable":true,"href":"https:\/\/elastomeri.si\/de\/wp-json\/wp\/v2\/product_cat?post=35273"},{"taxonomy":"product_tag","embeddable":true,"href":"https:\/\/elastomeri.si\/de\/wp-json\/wp\/v2\/product_tag?post=35273"}],"curies":[{"name":"wp","href":"https:\/\/api.w.org\/{rel}","templated":true}]}}