{"id":31169,"date":"2021-01-25T09:14:58","date_gmt":"2021-01-25T08:14:58","guid":{"rendered":"https:\/\/elastomeri.click.si\/?post_type=product&#038;p=31169"},"modified":"2025-11-25T10:44:24","modified_gmt":"2025-11-25T09:44:24","slug":"weinig-140-60-110-10-z","status":"publish","type":"product","link":"https:\/\/elastomeri.si\/de\/produkt\/stahlrollen\/weinig-140-60-110-10-z\/","title":{"rendered":"Weinig 140-60-110-10 Z"},"content":{"rendered":"<p>Die Stahlrolle wird aus geh\u00e4rtetem Stahl hergestellt, die nach Ihrem Wunsch noch zus\u00e4tzlich f\u00fcr bessere Festigkeit verchromt werden kann. Bei der Bestellung von Stahlrollen muss der Kunde noch folgendes ausw\u00e4hlen:<\/p>\n<p>&#8211; das Zahnprofil (A, B, C, D, E, F, G, H, X \u2013 wenn Sie das Zahnprofil X ausw\u00e4hlen, w\u00e4hlen Sie die Richtung der Verzahnung und das Material nicht, da es nur als verchromt zur Verf\u00fcgung steht)<\/p>\n<p>&#8211; die Richtung der Verzahnung (gerade oder schr\u00e4g)<\/p>\n<p>&#8211; das Material (standard \u2013 nur geh\u00e4rtet, verchromt \u2013 geh\u00e4rtet + verchromt)<\/p>\n<p>Diese Stahlrollen sind zum Einbau in verschiedene Weinig Maschinen geeignet.<\/p>\n","protected":false},"excerpt":{"rendered":"<p>Technische Daten (in mm):<\/p>\n<p>D (Kerndurchmesser) = 140<\/p>\n<p>D1 (Rollendurchmesser) = 140<\/p>\n<p>L (Kernl\u00e4nge) = 60<\/p>\n<p>L1 (Verzahnungsbreite) = 60<\/p>\n<p>\u010c (Bohrung) = 110<\/p>\n<p>U (Keilnutbreite) = 10<\/p>\n<p>TK (Teilkreis) =<\/p>\n","protected":false},"featured_media":31269,"template":"","meta":{"_acf_changed":false,"inline_featured_image":false,"_monsterinsights_skip_tracking":false,"_monsterinsights_sitenote_active":false,"_monsterinsights_sitenote_note":"","_monsterinsights_sitenote_category":0},"product_brand":[1001],"product_cat":[430],"product_tag":[],"class_list":{"0":"post-31169","1":"product","2":"type-product","3":"status-publish","4":"has-post-thumbnail","6":"product_brand-weinig","7":"product_cat-stahlrollen","8":"pa_d-premer-jedra-mm-d-premer-jedra-140mm","9":"pa_d1-premer-koluta-mm-d1-premer-koluta-140mm","10":"pa_material-chrom","11":"pa_material-standard","12":"pa_oblika-zob-c","13":"pa_oblika-zob-d","14":"pa_oblika-zob-e","15":"pa_oblika-zob-f","16":"pa_oblika-zob-g","17":"pa_oblika-zob-h","18":"pa_oblika-zob-x","19":"pa_oblika-zob-a","20":"pa_oblika-zob-b","21":"pa_smer-zob-gerade","22":"pa_smer-zob-schrag","23":"pa_smer-zob-keiner","25":"first","26":"instock","27":"taxable","28":"shipping-taxable","29":"purchasable","30":"product-type-variable"},"acf":[],"aioseo_notices":[],"_links":{"self":[{"href":"https:\/\/elastomeri.si\/de\/wp-json\/wp\/v2\/product\/31169","targetHints":{"allow":["GET"]}}],"collection":[{"href":"https:\/\/elastomeri.si\/de\/wp-json\/wp\/v2\/product"}],"about":[{"href":"https:\/\/elastomeri.si\/de\/wp-json\/wp\/v2\/types\/product"}],"wp:featuredmedia":[{"embeddable":true,"href":"https:\/\/elastomeri.si\/de\/wp-json\/wp\/v2\/media\/31269"}],"wp:attachment":[{"href":"https:\/\/elastomeri.si\/de\/wp-json\/wp\/v2\/media?parent=31169"}],"wp:term":[{"taxonomy":"product_brand","embeddable":true,"href":"https:\/\/elastomeri.si\/de\/wp-json\/wp\/v2\/product_brand?post=31169"},{"taxonomy":"product_cat","embeddable":true,"href":"https:\/\/elastomeri.si\/de\/wp-json\/wp\/v2\/product_cat?post=31169"},{"taxonomy":"product_tag","embeddable":true,"href":"https:\/\/elastomeri.si\/de\/wp-json\/wp\/v2\/product_tag?post=31169"}],"curies":[{"name":"wp","href":"https:\/\/api.w.org\/{rel}","templated":true}]}}