{"id":30863,"date":"2021-01-25T07:50:29","date_gmt":"2021-01-25T06:50:29","guid":{"rendered":"https:\/\/elastomeri.click.si\/?post_type=product&#038;p=30863"},"modified":"2025-11-25T10:46:19","modified_gmt":"2025-11-25T09:46:19","slug":"weinig-140-50-30-8-z","status":"publish","type":"product","link":"https:\/\/elastomeri.si\/de\/produkt\/stahlrollen\/weinig-140-50-30-8-z\/","title":{"rendered":"Weinig 140-50-30-8 Z"},"content":{"rendered":"<p>Alle Rollen sind aus hochwertigem geh\u00e4rtetem Stahl hergestellt. F\u00fcr bessere Festigkeit k\u00f6nnen wir die Rollen auch verchromt herstellen.<\/p>\n<p>Beim Kauf von Stahlrollen muss der Kunde folgendes definieren:<\/p>\n<ul>\n<li>Zahnprofil (A, B, C, D, E, F, G, H, X &#8211; bei der X-Form w\u00e4hlt der Kunde zwischen die Richtung der Verzahnung oder das Material nicht, weil nur als verchromt zur Verf\u00fcgung steht)<\/li>\n<li>Richtung der Verzahnung (gerade oder schr\u00e4g)<\/li>\n<li>Material (Standard &#8211; nur geh\u00e4rtet, verchromt &#8211; geh\u00e4rtet + verchromt)<\/li>\n<\/ul>\n<p>Die Rolle wird f\u00fcr den Einbau in verschiedene Weinig Vierseitenhobelmaschinen geeignet.<\/p>\n","protected":false},"excerpt":{"rendered":"<p><u>Technische<\/u><u>\u00a0<\/u><u>Daten<\/u><u>\u00a0(in\u00a0mm)<\/u>:<\/p>\n<p>D1 (Enddurchmesser) =\u00a0140<\/p>\n<p>L (Kernl\u00e4nge) = 50<\/p>\n<p>L1 (Verzahnungsbreite) = 50<\/p>\n<p>\u010c (Bohrung) =\u00a030<\/p>\n<p>U (Keilnutbreite) =10<\/p>\n<p>TK (Teilkreis) =<\/p>\n","protected":false},"featured_media":30963,"template":"","meta":{"_acf_changed":false,"inline_featured_image":false,"_monsterinsights_skip_tracking":false,"_monsterinsights_sitenote_active":false,"_monsterinsights_sitenote_note":"","_monsterinsights_sitenote_category":0},"product_brand":[1001],"product_cat":[430],"product_tag":[],"class_list":{"0":"post-30863","1":"product","2":"type-product","3":"status-publish","4":"has-post-thumbnail","6":"product_brand-weinig","7":"product_cat-stahlrollen","8":"pa_d-premer-jedra-mm-d-premer-jedra-140mm","9":"pa_d1-premer-koluta-mm-d1-premer-koluta-140mm","10":"pa_luknja-mm-notranja-luknja-30mm","11":"pa_material-standard","12":"pa_material-chrom","13":"pa_oblika-zob-d","14":"pa_oblika-zob-e","15":"pa_oblika-zob-f","16":"pa_oblika-zob-g","17":"pa_oblika-zob-h","18":"pa_oblika-zob-x","19":"pa_oblika-zob-a","20":"pa_oblika-zob-b","21":"pa_oblika-zob-c","22":"pa_smer-zob-gerade","23":"pa_smer-zob-schrag","24":"pa_smer-zob-keiner","26":"first","27":"instock","28":"taxable","29":"shipping-taxable","30":"purchasable","31":"product-type-variable"},"acf":[],"aioseo_notices":[],"_links":{"self":[{"href":"https:\/\/elastomeri.si\/de\/wp-json\/wp\/v2\/product\/30863","targetHints":{"allow":["GET"]}}],"collection":[{"href":"https:\/\/elastomeri.si\/de\/wp-json\/wp\/v2\/product"}],"about":[{"href":"https:\/\/elastomeri.si\/de\/wp-json\/wp\/v2\/types\/product"}],"wp:featuredmedia":[{"embeddable":true,"href":"https:\/\/elastomeri.si\/de\/wp-json\/wp\/v2\/media\/30963"}],"wp:attachment":[{"href":"https:\/\/elastomeri.si\/de\/wp-json\/wp\/v2\/media?parent=30863"}],"wp:term":[{"taxonomy":"product_brand","embeddable":true,"href":"https:\/\/elastomeri.si\/de\/wp-json\/wp\/v2\/product_brand?post=30863"},{"taxonomy":"product_cat","embeddable":true,"href":"https:\/\/elastomeri.si\/de\/wp-json\/wp\/v2\/product_cat?post=30863"},{"taxonomy":"product_tag","embeddable":true,"href":"https:\/\/elastomeri.si\/de\/wp-json\/wp\/v2\/product_tag?post=30863"}],"curies":[{"name":"wp","href":"https:\/\/api.w.org\/{rel}","templated":true}]}}