{"id":28109,"date":"2021-01-22T09:19:50","date_gmt":"2021-01-22T08:19:50","guid":{"rendered":"https:\/\/elastomeri.click.si\/?post_type=product&#038;p=28109"},"modified":"2025-11-25T13:07:08","modified_gmt":"2025-11-25T12:07:08","slug":"weinig-140-20-30-3v-z","status":"publish","type":"product","link":"https:\/\/elastomeri.si\/de\/produkt\/stahlrollen\/weinig-140-20-30-3v-z\/","title":{"rendered":"Weinig 140-20-30-3V Z"},"content":{"rendered":"<p>Alle Stahlrollen sind aus hochwertigem geh\u00e4rteten Stahl hergestellt. F\u00fcr bessere Festigkeit k\u00f6nnen wir die Rollen auch verchromt herstellen. Bei Stahlrollen muss der Kunde folgendes definieren:<\/p>\n<ul>\n<li>Zahnprofil (A, B, C, D, E, F, G, H, X \u2013 beim Profil X w\u00e4hlt der Kunde weder die Richtung der Verzahnung und das Material nicht, weil es nur als verchromt zur Verf\u00fcgung steht)<\/li>\n<li>Richtung der Verzahnung (gerade oder schr\u00e4g)<\/li>\n<li>Material (Standard &#8211; nur geh\u00e4rtet, verchromt &#8211; geh\u00e4rtet + verchromt)<\/li>\n<\/ul>\n<p>Die Stahlrolle wird f\u00fcr den Einbau in verschiedene Weinig Vierseitenhobelmaschinen geeignet.<\/p>\n","protected":false},"excerpt":{"rendered":"<p><u>Technische Daten (in mm):<\/u><\/p>\n<p>D (Kerndurchmesser) = 140<br \/>\nD1 (Enddurchmesser) = 140<br \/>\nL (Kernl\u00e4nge) = 23,5<br \/>\nL1 (Verzahnungsbreite) = 20<br \/>\n\u010c (Bohrung) = 30<br \/>\nU (Keilnutbreite) =<br \/>\nTK (Teilkreis) = 55<\/p>\n","protected":false},"featured_media":28209,"template":"","meta":{"_acf_changed":false,"inline_featured_image":false,"_monsterinsights_skip_tracking":false,"_monsterinsights_sitenote_active":false,"_monsterinsights_sitenote_note":"","_monsterinsights_sitenote_category":0},"product_brand":[1001],"product_cat":[430],"product_tag":[],"class_list":{"0":"post-28109","1":"product","2":"type-product","3":"status-publish","4":"has-post-thumbnail","6":"product_brand-weinig","7":"product_cat-stahlrollen","8":"pa_d-premer-jedra-mm-d-premer-jedra-140mm","9":"pa_d1-premer-koluta-mm-d1-premer-koluta-140mm","10":"pa_l-sirina-jedra-mm-l-irina-jedra-23-5mm","11":"pa_luknja-mm-notranja-luknja-30mm","12":"pa_material-standard","13":"pa_material-chrom","14":"pa_oblika-zob-g","15":"pa_oblika-zob-h","16":"pa_oblika-zob-x","17":"pa_oblika-zob-a","18":"pa_oblika-zob-b","19":"pa_oblika-zob-c","20":"pa_oblika-zob-d","21":"pa_oblika-zob-e","22":"pa_oblika-zob-f","23":"pa_smer-zob-gerade","24":"pa_smer-zob-schrag","25":"pa_smer-zob-keiner","27":"first","28":"instock","29":"taxable","30":"shipping-taxable","31":"purchasable","32":"product-type-variable"},"acf":[],"aioseo_notices":[],"_links":{"self":[{"href":"https:\/\/elastomeri.si\/de\/wp-json\/wp\/v2\/product\/28109","targetHints":{"allow":["GET"]}}],"collection":[{"href":"https:\/\/elastomeri.si\/de\/wp-json\/wp\/v2\/product"}],"about":[{"href":"https:\/\/elastomeri.si\/de\/wp-json\/wp\/v2\/types\/product"}],"wp:featuredmedia":[{"embeddable":true,"href":"https:\/\/elastomeri.si\/de\/wp-json\/wp\/v2\/media\/28209"}],"wp:attachment":[{"href":"https:\/\/elastomeri.si\/de\/wp-json\/wp\/v2\/media?parent=28109"}],"wp:term":[{"taxonomy":"product_brand","embeddable":true,"href":"https:\/\/elastomeri.si\/de\/wp-json\/wp\/v2\/product_brand?post=28109"},{"taxonomy":"product_cat","embeddable":true,"href":"https:\/\/elastomeri.si\/de\/wp-json\/wp\/v2\/product_cat?post=28109"},{"taxonomy":"product_tag","embeddable":true,"href":"https:\/\/elastomeri.si\/de\/wp-json\/wp\/v2\/product_tag?post=28109"}],"curies":[{"name":"wp","href":"https:\/\/api.w.org\/{rel}","templated":true}]}}