{"id":45069,"date":"2025-09-28T21:41:48","date_gmt":"2025-09-28T19:41:48","guid":{"rendered":"https:\/\/elastomeri.click.si\/schutz-personenbezogener-daten\/"},"modified":"2026-01-15T12:22:35","modified_gmt":"2026-01-15T11:22:35","slug":"schutz-personenbezogener-daten","status":"publish","type":"page","link":"https:\/\/elastomeri.si\/de\/schutz-personenbezogener-daten\/","title":{"rendered":"Schutz personenbezogener Daten"},"content":{"rendered":"\t\t<div data-elementor-type=\"wp-page\" data-elementor-id=\"45069\" class=\"elementor elementor-45069 elementor-44032\" data-elementor-post-type=\"page\">\n\t\t\t\t<div class=\"elementor-element elementor-element-145f4fb1 e-flex e-con-boxed e-con e-parent\" data-id=\"145f4fb1\" data-element_type=\"container\" data-e-type=\"container\">\n\t\t\t\t\t<div class=\"e-con-inner\">\n\t\t\t\t<div class=\"elementor-element elementor-element-519d9a7f elementor-widget elementor-widget-heading\" data-id=\"519d9a7f\" data-element_type=\"widget\" data-e-type=\"widget\" data-widget_type=\"heading.default\">\n\t\t\t\t\t<h1 class=\"elementor-heading-title elementor-size-default\">Informationen zum Datenschutz<\/h1>\t\t\t\t<\/div>\n\t\t\t\t<div class=\"elementor-element elementor-element-3a40bf99 elementor-widget elementor-widget-text-editor\" data-id=\"3a40bf99\" data-element_type=\"widget\" data-e-type=\"widget\" data-widget_type=\"text-editor.default\">\n\t\t\t\t\t\t\t\t\t<main><\/main><p>Der Schutz Ihrer pers\u00f6nlichen Daten ist uns sehr wichtig, denn wir m\u00f6chten, dass Sie sich bei uns sicher f\u00fchlen. Wir verarbeiten Ihre Daten ausschlie\u00dflich auf Grundlage gesetzlicher Bestimmungen (Datenschutz-Grundverordnung \u2013 Verordnung (EU) 2016\/679, Bundesdatenschutzgesetz 2018, Telekommunikationsgesetz 2003). In den folgenden Datenschutzhinweisen informieren wir Sie \u00fcber wichtige Aspekte der Datenverarbeitung im Rahmen unserer Website. Sie k\u00f6nnen diese Informationen jederzeit ausdrucken und speichern.   <\/p><div><p>H\u00f6chste Cybersicherheitsstandards sind im gesamten Computersystem implementiert. Computer sind vor illegalen Zugriffen, Diebstahl oder Missbrauch von Diensten, Datenzerst\u00f6rung und unbefugter \u00c4nderung von Daten oder Software gesch\u00fctzt. Wir gew\u00e4hrleisten Cybersicherheit durch folgende Ma\u00dfnahmen:  <\/p><ul><li>fachgerecht installierte Brandschutzbarriere der neuen Generation<\/li><li>regelm\u00e4\u00dfige \u00dcberpr\u00fcfung der Verfahren zur Erkennung von Sicherheitsvorf\u00e4llen,<\/li><li>regelm\u00e4\u00dfige \u00dcberpr\u00fcfung der Reaktionsverfahren bei festgestellten Vorf\u00e4llen,<\/li><li>mit angemessener Sensibilisierung und Schulung der Mitarbeiter,<\/li><li>mit Sicherheitskopien wichtiger Daten, die an einem entfernten Standort gespeichert sind.\u201c<\/li><\/ul><p><strong><br>Kontaktdaten des Verantwortlichen f\u00fcr die personenbezogenen Daten<\/strong><\/p><p>ELASTOMERI d.o.o. Celje<br>Be\u017eigrajska cesta 4<br>3000 Celje<br>Slowenien<\/p><p>Tel.: <a href=\"tel:+386%203%20428%2028%2028\"><span style=\"text-decoration: underline;\">+386 3 428 28 28<\/span><\/a><br>E-mail: <a href=\"mailto:info@elastomeri.si\"><span style=\"text-decoration: underline;\">info@elastomeri.si<\/span><\/a><\/p><p><strong>Schutz personenbezogener Daten<\/strong><\/p><p>Personenbezogene Daten sind alle Informationen, die sich auf eine identifizierte oder identifizierbare nat\u00fcrliche Person beziehen. Wir verfolgen die Besucher unserer Website nicht als Einzelpersonen, sondern sch\u00fctzen ihre Privatsph\u00e4re anonym und im Einklang mit geltendem Recht. Wir speichern und verarbeiten personenbezogene Daten in einem zentralen Datenverwaltungssystem. Wir geben die Daten nicht an Dritte weiter.   <\/p><p>Zweck der Verarbeitung personenbezogener Daten ist es, ein optimales Nutzererlebnis zu gew\u00e4hrleisten und die W\u00fcnsche des Besuchers zu ber\u00fccksichtigen.<\/p><p>Va\u0161e podatke obdelujemo na podlagi va\u0161e privolitve, zakona ter za sklepanje in izvajanje pogodb.<\/p><p><strong><u>Welche personenbezogenen Daten verarbeiten wir?<\/u><\/strong><\/p><p>Wir ben\u00f6tigen grundlegende <u>Informationen<\/u> (Name, Vorname, Adresse, Geburtsdatum und -ort, Sozialversicherungsnummer, Steuernummer, Personalausweisnummer), um Ihnen die Ware zustellen zu k\u00f6nnen. Pers\u00f6nliche Daten wie Name, Vorname, Adresse und Telefonnummer k\u00f6nnen an Transportunternehmen, Postdienstleister, Lieferdienste und Spediteure zum Zweck der Warenzustellung weitergegeben werden. <\/p><p>Wir verwenden die <u>Kontaktdaten<\/u> (E-Mail-Adresse, Telefonnummer, Faxnummer, Datum, Uhrzeit und Inhalt der postalischen oder elektronischen Kommunikation) zur Kommunikation im Zusammenhang mit der Erstellung und Durchf\u00fchrung des Angebots bzw. des Vertrags. <\/p><p>Wir verarbeiten Daten \u00fcber die Nutzung unserer Website (IP-Adresse, Datum und Uhrzeit des Besuchs, Daten \u00fcber besuchte Seiten, Website-Einstellungen, Daten \u00fcber den Internetzugangspunkt) zum Zwecke der Analyse, die es uns erm\u00f6glicht, den Inhalt unserer Website zu verbessern und statistische Trends zu \u00fcberwachen.<\/p><p>Podatke, <u>potrebne za izvajanje na\u0161ih storitev in sklepanje pogodb<\/u> \u2013 to so podatki o nakupih blaga ali storitev ter izdanih ra\u010dunih (osnovni in kontaktni podatki posameznika, interna \u0161tevilka kupca, datum in kraj nakupa, kupljeni izdelki ali naro\u010dene storitve, skupni znesek, na\u010din pla\u010dila, ban\u010dni podatki, naslov za dostavo, \u0161tevilka in datum izdaje ra\u010duna ipd.) \u2013 obdelujemo za namene izpolnjevanja pogodbenih obveznosti ter uveljavljanja pravic. Prav tako se podatki uporabljajo za namene pogajanj pri sklenitvi pogodbe. Ban\u010dni podatki se ne shranjujejo; pla\u010dila potekajo izklju\u010dno prek sistema izvajalca pla\u010dilnih storitev. Podatki, ki nam jih posredujete za namen vra\u010dila denarja v primeru prekinitve pogodbe, se obdelujejo izklju\u010dno za ta namen.   <\/p><p>Wir verarbeiten<u> Daten zur Bearbeitung von Beschwerden, um mit Ihnen \u00fcber die Bearbeitung Ihrer Beschwerde zu kommunizieren<\/u>. Bei der Abwicklung eines Serviceauftrags f\u00fcr Waren leiten wir Ihre Daten gegebenenfalls an autorisierte Servicepartner und IT-Dienstleister im Rahmen der Softwarewartung und -reparatur weiter. Dies dient dazu, dass diese Sie kontaktieren k\u00f6nnen, um weitere Erl\u00e4uterungen zu einer Fehlfunktion eines Ger\u00e4ts, einer Maschine oder eines Programms zu erhalten.  <\/p><p>Wir verarbeiten <u>Daten aus Formularen, die vom Nutzer freiwillig ausgef\u00fcllt werden<\/u> (z. B. im Rahmen von Gewinnspielen, bei der Anmeldung zu Veranstaltungen), zum Zweck der Organisation einer bestimmten Veranstaltung.<\/p><p><u>Wir verwenden Daten <\/u>(z. B. Name, Vorname, E-Mail-Adresse, Anschrift, Telefonnummer) von K\u00e4ufern unserer Produkte oder Dienstleistungen (oder von Nutzern mit Einwilligung) f\u00fcr eigene Werbezwecke, um ihnen Werbung f\u00fcr Produkte und Dienstleistungen aus unserem Angebot zuzusenden. Der Nutzer kann dieser Verwendung seiner E-Mail-Adresse jederzeit kostenlos und unkompliziert widersprechen (\u00fcber einen gut sichtbaren Link in der E-Mail). <\/p><p>Die oben genannten Daten werden mithilfe von Cookies erfasst. Ein Cookie ist eine Information \u00fcber einen Nutzer, die ein Webbrowser auf einem elektronischen Ger\u00e4t f\u00fcr die sp\u00e4tere Verwendung speichert. Es handelt sich dabei um Informationen, die beim Besuch einer bestimmten Website auf dem Computer eines Nutzers gespeichert werden und dazu dienen, Internetnutzer bei erneuten Besuchen derselben Website zu identifizieren, zu verfolgen und spezifische Informationen \u00fcber sie zu sammeln, beispielsweise Pr\u00e4ferenzen f\u00fcr bestimmte Seiten\/Inhalte oder Online-Einkaufsgewohnheiten.   <\/p><p>Cookies sind daher sehr wichtig, um Website-Besuchern ein positives Nutzungserlebnis zu gew\u00e4hrleisten. Weitere Informationen zu Cookies finden Sie unter <a href=\"https:\/\/www.allaboutcookies.org\/\">https:\/\/www.allaboutcookies.org\/.<\/a> <\/p><p>Auf Websites gibt es folgende Arten von Cookies:<\/p><ul><li>Tempor\u00e4re Cookies oder Session-Cookies:<ul><li>werden f\u00fcr die Dauer der Browsersitzung gespeichert und am Ende der Sitzung gel\u00f6scht.<\/li><li>werden f\u00fcr das ordnungsgem\u00e4\u00dfe Funktionieren bestimmter Anwendungen oder Funktionen auf Websites ben\u00f6tigt. <\/li><\/ul><\/li><li>Permanente oder gespeicherte Cookies:<ul><li>werden verwendet, um die Benutzererfahrung zu verbessern<\/li><li>bleiben f\u00fcr einen l\u00e4ngeren Zeitraum in der Cookie-Datei gespeichert (abh\u00e4ngig von der Auswahl, die der Benutzer in seinen Internetbrowser-Einstellungen trifft).<\/li><\/ul><\/li><li>Erstanbieter-Cookies:<ul><li>Sie k\u00f6nnen dauerhaft oder tempor\u00e4r sein. Diese Cookies dienen dazu, Informationen zu speichern, die die Website beim n\u00e4chsten Besuch des Nutzers wiederverwendet; <\/li><\/ul><\/li><li>Andere Cookies:<ul><li>Die Daten stammen von anderen Partner-Websites (die beispielsweise den Datenverkehr messen). Dabei werden Nutzerdaten von verschiedenen Websites gesammelt und f\u00fcr unterschiedliche Zwecke verwendet, von Werbung und Analysen bis hin zur Verbesserung der eigenen Produkte. <\/li><\/ul><\/li><\/ul><p><br>Es gibt au\u00dferdem folgende Einteilung der Cookies:<\/p><ul><li>Unbedingt notwendige Cookies:<ul><li>Grundfunktionen aktivieren (Seitennavigation, Zugriff auf gesch\u00fctzte Bereiche, Speichern von Benutzereingaben in Online-Formularen, Warenkorb)<\/li><li>werden verwendet, um die Einstellungen an die Benutzerpr\u00e4ferenzen anzupassen (wie Ergebnisse\/Inhalte sortiert werden).<\/li><li>Der technisch einwandfreie und reibungslose Betrieb der Website ist ohne diese Cookies nicht m\u00f6glich.<\/li><\/ul><\/li><li>Statistik-Cookies:<ul><li>Wir erfassen Informationen dar\u00fcber, wie Websites genutzt werden. Ziel ist es, deren Attraktivit\u00e4t, Inhalte und Funktionalit\u00e4t zu verbessern. Diese Cookies werden nur mit Ihrer Einwilligung verwendet.  <\/li><li>Dies ist Google Analytics \u2013 ein Tool zur Analyse von Websites (Textdateien werden auf dem Computer des Besuchers gespeichert und erm\u00f6glichen die Analyse seiner Website-Nutzung). Es dient dazu, die Nutzung der Website durch den Besucher auszuwerten, Berichte \u00fcber die Website-Aktivit\u00e4ten zu erstellen und weitere Dienstleistungen im Zusammenhang mit der Nutzung von Websites und dem Internet anzubieten. <\/li><li>Nutzer k\u00f6nnen die Speicherung von Cookies und die Aufzeichnung von durch Cookies generierten und mit der Nutzung der Website zusammenh\u00e4ngenden Daten \u00fcber die Einstellungen ihrer Browser-Software deaktivieren. Ist dies deaktiviert, stehen m\u00f6glicherweise nicht alle Funktionen dieser Website zur Verf\u00fcgung, und die Website-Performance kann beeintr\u00e4chtigt sein. Die Einstellungen k\u00f6nnen unter folgendem Link ge\u00e4ndert werden:<g id=\"gid_0\"> <g id=\"gid_1\">https:\/\/adssettings.google.com\/.<\/g><\/g>  <\/li><\/ul><\/li><\/ul><p><br>F\u00fcr die Installation von Cookies ist die Einwilligung des Nutzers erforderlich. Wenn eine Website eine engere Beziehung zum Nutzer unterh\u00e4lt (Benutzerkonto, Registrierung, Profil), ist die Einholung der Einwilligung bereits Teil des Registrierungsprozesses. <\/p><p>Als registrierter Kunde profitieren Sie von einer einfacheren Einhaltung der Datenschutz-, Datenrichtigkeits- und Daten\u00fcbertragbarkeitsanforderungen. Durch die Bereitstellung der oben genannten Daten erm\u00f6glichen wir registrierten Nutzern Folgendes: <\/p><ul><li>Einblick in das Kaufarchiv<\/li><li>Nachtr\u00e4gliche \u00c4nderung der Lieferadresse<\/li><li>Bearbeitung von Beschwerden<\/li><li>Warenaustausch im Rahmen vertraglicher Rechte<\/li><li>Einl\u00f6sen von Geschenkgutscheinen<\/li><li>Einl\u00f6sen von R\u00fcckerstattungsgutschriften<\/li><li>Zahlung gem\u00e4\u00df Angebot und Ausstellung einer Rechnung an das Unternehmen<\/li><li>Aufgeschobene Zahlung<\/li><\/ul><p> <\/p><p>Personenbezogene Daten, die wir auf Grundlage Ihrer Einwilligung oder unseres berechtigten Interesses verarbeiten, speichern wir dauerhaft, bis Sie Ihre Einwilligung widerrufen.<\/p><p>Sie k\u00f6nnen Ihre Einwilligung zur Verarbeitung Ihrer personenbezogenen Daten jederzeit kostenlos widerrufen. Beachten Sie jedoch, dass Sie Ihre Daten gegebenenfalls vor einem erneuten Kauf erneut eingeben m\u00fcssen. Das Widerrufsrecht gilt nur f\u00fcr die Verarbeitung personenbezogener Daten, die auf Grundlage Ihrer Einwilligung erfolgt, nicht jedoch f\u00fcr die Verarbeitung von Daten, die auf anderen Rechtsgrundlagen beruhen.  <\/p><\/div><footer><div><div><div><div> <\/div><\/div><\/div><\/div><\/footer>\t\t\t\t\t\t\t\t<\/div>\n\t\t\t\t\t<\/div>\n\t\t\t\t<\/div>\n\t\t\t\t<\/div>\n\t\t","protected":false},"excerpt":{"rendered":"<p>Informationen zum Datenschutz Der Schutz Ihrer pers\u00f6nlichen Daten ist uns sehr wichtig, denn wir m\u00f6chten, dass Sie sich bei uns sicher f\u00fchlen. Wir verarbeiten Ihre Daten ausschlie\u00dflich auf Grundlage gesetzlicher Bestimmungen (Datenschutz-Grundverordnung \u2013 Verordnung (EU) 2016\/679, Bundesdatenschutzgesetz 2018, Telekommunikationsgesetz 2003). In den folgenden Datenschutzhinweisen informieren wir Sie \u00fcber wichtige Aspekte der Datenverarbeitung im Rahmen unserer [&hellip;]<\/p>\n","protected":false},"author":3,"featured_media":0,"parent":0,"menu_order":0,"comment_status":"closed","ping_status":"closed","template":"","meta":{"_acf_changed":false,"inline_featured_image":false,"_monsterinsights_skip_tracking":false,"_monsterinsights_sitenote_active":false,"_monsterinsights_sitenote_note":"","_monsterinsights_sitenote_category":0,"footnotes":""},"class_list":["post-45069","page","type-page","status-publish","hentry"],"acf":[],"aioseo_notices":[],"_links":{"self":[{"href":"https:\/\/elastomeri.si\/de\/wp-json\/wp\/v2\/pages\/45069","targetHints":{"allow":["GET"]}}],"collection":[{"href":"https:\/\/elastomeri.si\/de\/wp-json\/wp\/v2\/pages"}],"about":[{"href":"https:\/\/elastomeri.si\/de\/wp-json\/wp\/v2\/types\/page"}],"author":[{"embeddable":true,"href":"https:\/\/elastomeri.si\/de\/wp-json\/wp\/v2\/users\/3"}],"replies":[{"embeddable":true,"href":"https:\/\/elastomeri.si\/de\/wp-json\/wp\/v2\/comments?post=45069"}],"version-history":[{"count":2,"href":"https:\/\/elastomeri.si\/de\/wp-json\/wp\/v2\/pages\/45069\/revisions"}],"predecessor-version":[{"id":46300,"href":"https:\/\/elastomeri.si\/de\/wp-json\/wp\/v2\/pages\/45069\/revisions\/46300"}],"wp:attachment":[{"href":"https:\/\/elastomeri.si\/de\/wp-json\/wp\/v2\/media?parent=45069"}],"curies":[{"name":"wp","href":"https:\/\/api.w.org\/{rel}","templated":true}]}}