{"id":45067,"date":"2025-09-28T21:34:22","date_gmt":"2025-09-28T19:34:22","guid":{"rendered":"https:\/\/elastomeri.click.si\/rechtlicher-hinweis\/"},"modified":"2026-01-15T13:26:53","modified_gmt":"2026-01-15T12:26:53","slug":"rechtlicher-hinweis","status":"publish","type":"page","link":"https:\/\/elastomeri.si\/de\/rechtlicher-hinweis\/","title":{"rendered":"Rechtlicher Hinweis"},"content":{"rendered":"\t\t<div data-elementor-type=\"wp-page\" data-elementor-id=\"45067\" class=\"elementor elementor-45067 elementor-44012\" data-elementor-post-type=\"page\">\n\t\t\t\t<div class=\"elementor-element elementor-element-2f90ccf0 e-flex e-con-boxed e-con e-parent\" data-id=\"2f90ccf0\" data-element_type=\"container\" data-e-type=\"container\">\n\t\t\t\t\t<div class=\"e-con-inner\">\n\t\t\t\t<div class=\"elementor-element elementor-element-5773f394 elementor-widget elementor-widget-heading\" data-id=\"5773f394\" data-element_type=\"widget\" data-e-type=\"widget\" data-widget_type=\"heading.default\">\n\t\t\t\t\t<h1 class=\"elementor-heading-title elementor-size-default\">Rechtlicher Hinweis<\/h1>\t\t\t\t<\/div>\n\t\t\t\t<div class=\"elementor-element elementor-element-dc66f9d elementor-widget elementor-widget-text-editor\" data-id=\"dc66f9d\" data-element_type=\"widget\" data-e-type=\"widget\" data-widget_type=\"text-editor.default\">\n\t\t\t\t\t\t\t\t\t<main id=\"content\" class=\"site-main post-650 page type-page status-publish hentry\" role=\"main\"><\/main><div class=\"page-content\"><div class=\"elementor elementor-650\" data-elementor-type=\"wp-page\" data-elementor-id=\"650\" data-elementor-post-type=\"page\"><section class=\"elementor-section elementor-top-section elementor-element elementor-element-41f9241d elementor-section-boxed elementor-section-height-default elementor-section-height-default\" data-id=\"41f9241d\" data-element_type=\"section\"><div class=\"elementor-container elementor-column-gap-default\"><div class=\"elementor-column elementor-col-100 elementor-top-column elementor-element elementor-element-51bd242\" data-id=\"51bd242\" data-element_type=\"column\"><div class=\"elementor-widget-wrap elementor-element-populated\"><div class=\"elementor-element elementor-element-fc921b4 elementor-widget elementor-widget-text-editor\" data-id=\"fc921b4\" data-element_type=\"widget\" data-widget_type=\"text-editor.default\"><div class=\"elementor-widget-container\"><p>Gegenstand dieser Mitteilung ist die Website unter <a href=\"https:\/\/elastomeri.si\"><span style=\"text-decoration: underline;\">https:\/\/elastomeri.si.<\/span><\/a><\/p><p>Alle Inhalte dieser Website sind Eigentum der ELASTOMERI d.o.o. und dienen ausschlie\u00dflich Informationszwecken. <\/p><p>Wir bei ELASTOMERI haben unsere Website so gestaltet, dass sie allgemeine Informationen \u00fcber das Unternehmen und Neuigkeiten aus der Gesch\u00e4ftswelt bietet.<\/p><p>Mit dem Zugriff auf einen beliebigen Bereich der ELASTOMERI-Website erkl\u00e4ren Sie sich mit allen hierin enthaltenen Einschr\u00e4nkungen und Bedingungen einverstanden. Sollten Sie diesen nicht zustimmen, bitten wir Sie, diese Seiten nicht zu nutzen. Wir empfehlen Ihnen, unsere Website zu besuchen und die aktuellen Nutzungsbedingungen einzusehen, da diese rechtsverbindlich sind.  <\/p><p>Offizielle, rechtliche und formale Informationen \u00fcber das Unternehmen und seine Gesch\u00e4ftst\u00e4tigkeit k\u00f6nnen von den Informationen auf der Website des Unternehmens abweichen.<\/p><h4><strong><br>Haftungsbeschr\u00e4nkung<\/strong><\/h4><p>ELASTOMERI ist stets bem\u00fcht, auf seinen Seiten m\u00f6glichst genaue und aktuelle Informationen bereitzustellen. ELASTOMERI weist jedoch darauf hin, dass die Texte lediglich informativen Charakter haben und daher weder Gew\u00e4hr f\u00fcr deren Richtigkeit und Vollst\u00e4ndigkeit \u00fcbernimmt. Die Nutzung der ver\u00f6ffentlichten Inhalte erfolgt auf eigene Gefahr. ELASTOMERI beh\u00e4lt sich das Recht vor, die Inhalte dieser Webseiten jederzeit und ohne Vorank\u00fcndigung zu \u00e4ndern, zu erg\u00e4nzen oder zu entfernen.  <\/p><p>Weder ELASTOMERI noch eine andere juristische oder nat\u00fcrliche Person, die an der Erstellung und Produktion dieser Websites beteiligt war, ist verantwortlich f\u00fcr gelegentliche Funktionsst\u00f6rungen der Website, f\u00fcr etwaige Ungenauigkeiten der Informationen oder f\u00fcr Sch\u00e4den, die aus der Verwendung ungenauer oder unvollst\u00e4ndiger Informationen entstehen, und haftet daher nicht f\u00fcr Sch\u00e4den oder Unannehmlichkeiten, die sich aus der Existenz der Websites, dem Zugriff auf und\/oder der Nutzung und\/oder der Unm\u00f6glichkeit der Nutzung der Informationen auf diesen Websites und\/oder aus Fehlern oder M\u00e4ngeln in deren Inhalt ergeben, unabh\u00e4ngig davon, ob sie \u00fcber die M\u00f6glichkeit solcher Sch\u00e4den informiert wurden.<\/p><p>Die ELASTOMERI-Website enth\u00e4lt auch Links zu anderen Websites, Referenzen und Partnern, die nicht mit uns verbunden sind. ELASTOMERI d.o.o. kann weder die Richtigkeit der Inhalte dieser Seiten garantieren, noch nimmt ELASTOMERI d.o.o. Beschwerden dar\u00fcber entgegen oder leitet sie weiter und \u00fcbernimmt keine Verantwortung f\u00fcr den Datenschutz auf diesen Seiten. <\/p><h4> <\/h4><h4><strong>Copyright<\/strong><\/h4><p>Alle auf dieser Website ver\u00f6ffentlichten Informationen und Bilder (Texte, Fotos, Skizzen, Karten und Pl\u00e4ne, Computerprogramme) unterliegen dem Urheberrechtsschutz gem\u00e4\u00df dem slowenischen Urheberrechtsgesetz (Amtsblatt der Republik Slowenien, Nr. 21\/1995, in der jeweils geltenden Fassung). Sie d\u00fcrfen ausschlie\u00dflich f\u00fcr Bildungszwecke und nichtkommerzielle Nutzung verwendet werden, sofern alle Hinweise zum Urheberrecht und zu anderen Schutzrechten erhalten bleiben. Eine Vervielf\u00e4ltigung, Reproduktion oder sonstige Verbreitung zu kommerziellen Zwecken ist untersagt. Bei jeder Vervielf\u00e4ltigung (Kopieren, Reproduzieren, Ver\u00f6ffentlichen, Weitergeben) muss ELASTOMERS als Quelle angegeben werden.  <\/p><p>ELASTOMERI beh\u00e4lt sich das Recht vor, die auf dieser Website ver\u00f6ffentlichten Inhalte jederzeit und ohne vorherige Ank\u00fcndigung ganz oder teilweise zu \u00e4ndern, zu erg\u00e4nzen oder zu entfernen. Die Nutzung der ver\u00f6ffentlichten Inhalte erfolgt auf eigene Gefahr. <\/p><h4> <\/h4><h4><strong>Datenschutz<\/strong><\/h4><p>ELASTOMERI verpflichtet sich zum Schutz der Vertraulichkeit der personenbezogenen Daten seiner Website-Nutzer. Wir verwenden die erhobenen Daten ausschlie\u00dflich zur Verbesserung der Website-Nutzung und f\u00fcr die Zwecke, f\u00fcr die die Nutzer sie uns bereitstellen. Wir verwenden personenbezogene Daten und Kontaktdaten nicht f\u00fcr andere Zwecke und geben sie ohne Ihre ausdr\u00fcckliche Einwilligung nicht an Dritte weiter. Wir setzen alles daran, Ihre personenbezogenen Daten vor Missbrauch und unbefugter Nutzung zu sch\u00fctzen.   <\/p><\/div><\/div><\/div><\/div><\/div><\/section><\/div><\/div>\t\t\t\t\t\t\t\t<\/div>\n\t\t\t\t\t<\/div>\n\t\t\t\t<\/div>\n\t\t\t\t<\/div>\n\t\t","protected":false},"excerpt":{"rendered":"<p>Rechtlicher Hinweis Gegenstand dieser Mitteilung ist die Website unter https:\/\/elastomeri.si. Alle Inhalte dieser Website sind Eigentum der ELASTOMERI d.o.o. und dienen ausschlie\u00dflich Informationszwecken. Wir bei ELASTOMERI haben unsere Website so gestaltet, dass sie allgemeine Informationen \u00fcber das Unternehmen und Neuigkeiten aus der Gesch\u00e4ftswelt bietet. Mit dem Zugriff auf einen beliebigen Bereich der ELASTOMERI-Website erkl\u00e4ren Sie [&hellip;]<\/p>\n","protected":false},"author":3,"featured_media":0,"parent":0,"menu_order":0,"comment_status":"closed","ping_status":"closed","template":"","meta":{"_acf_changed":false,"inline_featured_image":false,"_monsterinsights_skip_tracking":false,"_monsterinsights_sitenote_active":false,"_monsterinsights_sitenote_note":"","_monsterinsights_sitenote_category":0,"footnotes":""},"class_list":["post-45067","page","type-page","status-publish","hentry"],"acf":[],"aioseo_notices":[],"_links":{"self":[{"href":"https:\/\/elastomeri.si\/de\/wp-json\/wp\/v2\/pages\/45067","targetHints":{"allow":["GET"]}}],"collection":[{"href":"https:\/\/elastomeri.si\/de\/wp-json\/wp\/v2\/pages"}],"about":[{"href":"https:\/\/elastomeri.si\/de\/wp-json\/wp\/v2\/types\/page"}],"author":[{"embeddable":true,"href":"https:\/\/elastomeri.si\/de\/wp-json\/wp\/v2\/users\/3"}],"replies":[{"embeddable":true,"href":"https:\/\/elastomeri.si\/de\/wp-json\/wp\/v2\/comments?post=45067"}],"version-history":[{"count":2,"href":"https:\/\/elastomeri.si\/de\/wp-json\/wp\/v2\/pages\/45067\/revisions"}],"predecessor-version":[{"id":46308,"href":"https:\/\/elastomeri.si\/de\/wp-json\/wp\/v2\/pages\/45067\/revisions\/46308"}],"wp:attachment":[{"href":"https:\/\/elastomeri.si\/de\/wp-json\/wp\/v2\/media?parent=45067"}],"curies":[{"name":"wp","href":"https:\/\/api.w.org\/{rel}","templated":true}]}}