{"id":45041,"date":"2025-10-17T10:24:45","date_gmt":"2025-10-17T08:24:45","guid":{"rendered":"https:\/\/elastomeri.click.si\/angebot\/technische-produkte\/"},"modified":"2026-01-15T09:37:38","modified_gmt":"2026-01-15T08:37:38","slug":"technische-produkte","status":"publish","type":"page","link":"https:\/\/elastomeri.si\/de\/angebot\/technische-produkte\/","title":{"rendered":"Technische Produkte"},"content":{"rendered":"\t\t<div data-elementor-type=\"wp-page\" data-elementor-id=\"45041\" class=\"elementor elementor-45041 elementor-44258\" data-elementor-post-type=\"page\">\n\t\t\t\t<div class=\"elementor-element elementor-element-9775c27 e-flex e-con-boxed e-con e-parent\" data-id=\"9775c27\" data-element_type=\"container\" data-e-type=\"container\">\n\t\t\t\t\t<div class=\"e-con-inner\">\n\t\t\t\t<div class=\"elementor-element elementor-element-6722e56 elementor-widget elementor-widget-text-editor\" data-id=\"6722e56\" data-element_type=\"widget\" data-e-type=\"widget\" data-widget_type=\"text-editor.default\">\n\t\t\t\t\t\t\t\t\t<p>Wir fertigen und erneuern eine breite Palette technischer Produkte aus <strong>Gummi, Polyurethan und Silikon.<\/strong><\/p>\t\t\t\t\t\t\t\t<\/div>\n\t\t\t\t\t<\/div>\n\t\t\t\t<\/div>\n\t\t<div class=\"elementor-element elementor-element-5c54dcf e-flex e-con-boxed e-con e-parent\" data-id=\"5c54dcf\" data-element_type=\"container\" data-e-type=\"container\">\n\t\t\t\t\t<div class=\"e-con-inner\">\n\t\t\t\t<div class=\"elementor-element elementor-element-83fed5f elementor-widget elementor-widget-heading\" data-id=\"83fed5f\" data-element_type=\"widget\" data-e-type=\"widget\" data-widget_type=\"heading.default\">\n\t\t\t\t\t<h2 class=\"elementor-heading-title elementor-size-default\">Zu unseren Produkten geh\u00f6ren<\/h2>\t\t\t\t<\/div>\n\t\t\t\t<div class=\"elementor-element elementor-element-842e356 elementor-widget elementor-widget-text-editor\" data-id=\"842e356\" data-element_type=\"widget\" data-e-type=\"widget\" data-widget_type=\"text-editor.default\">\n\t\t\t\t\t\t\t\t\t<ul><li>Kettenscheiben, Stopfen und Ringe f\u00fcr Kantenanleimmaschinen (Brandt, Homag, Holz-Her, Ott \u2026)<\/li><li>kleinere Leimauftragswalzen<\/li><li>verschiedene technische Produkte nach Ihren Anforderungen (Stecker, Membranen, Streifen, Greifer, \u2026)<\/li><\/ul><p><br>Ob Sie ein neues Produkt ben\u00f6tigen oder ein bestehendes erneuern m\u00f6chten, wir verbinden Fachwissen mit einer sorgf\u00e4ltigen Materialauswahl, um zuverl\u00e4ssige Ergebnisse zu gew\u00e4hrleisten.<\/p><p><strong>Kontaktieren Sie unsere Experten<\/strong> und gemeinsam finden wir die optimale L\u00f6sung f\u00fcr Ihre Produktionsanforderungen.<\/p>\t\t\t\t\t\t\t\t<\/div>\n\t\t\t\t<div class=\"elementor-element elementor-element-a23ac0f elementor-widget elementor-widget-gallery\" data-id=\"a23ac0f\" data-element_type=\"widget\" data-e-type=\"widget\" data-settings=\"{&quot;lazyload&quot;:&quot;yes&quot;,&quot;gallery_layout&quot;:&quot;grid&quot;,&quot;columns&quot;:4,&quot;columns_tablet&quot;:2,&quot;columns_mobile&quot;:1,&quot;gap&quot;:{&quot;unit&quot;:&quot;px&quot;,&quot;size&quot;:10,&quot;sizes&quot;:[]},&quot;gap_tablet&quot;:{&quot;unit&quot;:&quot;px&quot;,&quot;size&quot;:10,&quot;sizes&quot;:[]},&quot;gap_mobile&quot;:{&quot;unit&quot;:&quot;px&quot;,&quot;size&quot;:10,&quot;sizes&quot;:[]},&quot;link_to&quot;:&quot;file&quot;,&quot;aspect_ratio&quot;:&quot;3:2&quot;,&quot;overlay_background&quot;:&quot;yes&quot;,&quot;content_hover_animation&quot;:&quot;fade-in&quot;}\" data-widget_type=\"gallery.default\">\n\t\t\t\t\t\t\t<div class=\"elementor-gallery__container\">\n\t\t\t\t\t\t\t<a class=\"e-gallery-item elementor-gallery-item elementor-animated-content\" href=\"https:\/\/elastomeri.si\/wp-content\/uploads\/2025\/10\/Tehnicni-izdelki-1-1.jpg\" data-elementor-open-lightbox=\"yes\" data-elementor-lightbox-slideshow=\"a23ac0f\" data-e-action-hash=\"#elementor-action%3Aaction%3Dlightbox%26settings%3DeyJpZCI6NDUwMjksInVybCI6Imh0dHBzOlwvXC9lbGFzdG9tZXJpLnNpXC93cC1jb250ZW50XC91cGxvYWRzXC8yMDI1XC8xMFwvVGVobmljbmktaXpkZWxraS0xLTEuanBnIiwic2xpZGVzaG93IjoiYTIzYWMwZiJ9\">\n\t\t\t\t\t<div class=\"e-gallery-image elementor-gallery-item__image\" data-thumbnail=\"https:\/\/elastomeri.si\/wp-content\/uploads\/2025\/10\/Tehnicni-izdelki-1-1-1024x683.jpg\" data-width=\"800\" data-height=\"534\" aria-label=\"\" role=\"img\" ><\/div>\n\t\t\t\t\t\t\t\t\t\t\t<div class=\"elementor-gallery-item__overlay\"><\/div>\n\t\t\t\t\t\t\t\t\t\t\t\t\t\t<\/a>\n\t\t\t\t\t\t\t<a class=\"e-gallery-item elementor-gallery-item elementor-animated-content\" href=\"https:\/\/elastomeri.si\/wp-content\/uploads\/2025\/10\/Tehnicni-izdelki-2.jpg\" data-elementor-open-lightbox=\"yes\" data-elementor-lightbox-slideshow=\"a23ac0f\" data-e-action-hash=\"#elementor-action%3Aaction%3Dlightbox%26settings%3DeyJpZCI6NDUwMzAsInVybCI6Imh0dHBzOlwvXC9lbGFzdG9tZXJpLnNpXC93cC1jb250ZW50XC91cGxvYWRzXC8yMDI1XC8xMFwvVGVobmljbmktaXpkZWxraS0yLmpwZyIsInNsaWRlc2hvdyI6ImEyM2FjMGYifQ%3D%3D\">\n\t\t\t\t\t<div class=\"e-gallery-image elementor-gallery-item__image\" data-thumbnail=\"https:\/\/elastomeri.si\/wp-content\/uploads\/2025\/10\/Tehnicni-izdelki-2-1024x683.jpg\" data-width=\"800\" data-height=\"534\" aria-label=\"\" role=\"img\" ><\/div>\n\t\t\t\t\t\t\t\t\t\t\t<div class=\"elementor-gallery-item__overlay\"><\/div>\n\t\t\t\t\t\t\t\t\t\t\t\t\t\t<\/a>\n\t\t\t\t\t\t\t<a class=\"e-gallery-item elementor-gallery-item elementor-animated-content\" href=\"https:\/\/elastomeri.si\/wp-content\/uploads\/2025\/10\/Tehnicni-izdelki-3.jpg\" data-elementor-open-lightbox=\"yes\" data-elementor-lightbox-slideshow=\"a23ac0f\" data-e-action-hash=\"#elementor-action%3Aaction%3Dlightbox%26settings%3DeyJpZCI6NDUwMzEsInVybCI6Imh0dHBzOlwvXC9lbGFzdG9tZXJpLnNpXC93cC1jb250ZW50XC91cGxvYWRzXC8yMDI1XC8xMFwvVGVobmljbmktaXpkZWxraS0zLmpwZyIsInNsaWRlc2hvdyI6ImEyM2FjMGYifQ%3D%3D\">\n\t\t\t\t\t<div class=\"e-gallery-image elementor-gallery-item__image\" data-thumbnail=\"https:\/\/elastomeri.si\/wp-content\/uploads\/2025\/10\/Tehnicni-izdelki-3-684x1024.jpg\" data-width=\"684\" data-height=\"1024\" aria-label=\"\" role=\"img\" ><\/div>\n\t\t\t\t\t\t\t\t\t\t\t<div class=\"elementor-gallery-item__overlay\"><\/div>\n\t\t\t\t\t\t\t\t\t\t\t\t\t\t<\/a>\n\t\t\t\t\t\t\t<a class=\"e-gallery-item elementor-gallery-item elementor-animated-content\" href=\"https:\/\/elastomeri.si\/wp-content\/uploads\/2025\/10\/Tehnicni-izdelki-4.jpg\" data-elementor-open-lightbox=\"yes\" data-elementor-lightbox-slideshow=\"a23ac0f\" data-e-action-hash=\"#elementor-action%3Aaction%3Dlightbox%26settings%3DeyJpZCI6NDUwMzIsInVybCI6Imh0dHBzOlwvXC9lbGFzdG9tZXJpLnNpXC93cC1jb250ZW50XC91cGxvYWRzXC8yMDI1XC8xMFwvVGVobmljbmktaXpkZWxraS00LmpwZyIsInNsaWRlc2hvdyI6ImEyM2FjMGYifQ%3D%3D\">\n\t\t\t\t\t<div class=\"e-gallery-image elementor-gallery-item__image\" data-thumbnail=\"https:\/\/elastomeri.si\/wp-content\/uploads\/2025\/10\/Tehnicni-izdelki-4-1024x683.jpg\" data-width=\"800\" data-height=\"534\" aria-label=\"\" role=\"img\" ><\/div>\n\t\t\t\t\t\t\t\t\t\t\t<div class=\"elementor-gallery-item__overlay\"><\/div>\n\t\t\t\t\t\t\t\t\t\t\t\t\t\t<\/a>\n\t\t\t\t\t\t\t<a class=\"e-gallery-item elementor-gallery-item elementor-animated-content\" href=\"https:\/\/elastomeri.si\/wp-content\/uploads\/2025\/10\/Tehnicni-izdelki-5.jpg\" data-elementor-open-lightbox=\"yes\" data-elementor-lightbox-slideshow=\"a23ac0f\" data-e-action-hash=\"#elementor-action%3Aaction%3Dlightbox%26settings%3DeyJpZCI6NDUwMzMsInVybCI6Imh0dHBzOlwvXC9lbGFzdG9tZXJpLnNpXC93cC1jb250ZW50XC91cGxvYWRzXC8yMDI1XC8xMFwvVGVobmljbmktaXpkZWxraS01LmpwZyIsInNsaWRlc2hvdyI6ImEyM2FjMGYifQ%3D%3D\">\n\t\t\t\t\t<div class=\"e-gallery-image elementor-gallery-item__image\" data-thumbnail=\"https:\/\/elastomeri.si\/wp-content\/uploads\/2025\/10\/Tehnicni-izdelki-5-1024x683.jpg\" data-width=\"800\" data-height=\"534\" aria-label=\"\" role=\"img\" ><\/div>\n\t\t\t\t\t\t\t\t\t\t\t<div class=\"elementor-gallery-item__overlay\"><\/div>\n\t\t\t\t\t\t\t\t\t\t\t\t\t\t<\/a>\n\t\t\t\t\t\t\t<a class=\"e-gallery-item elementor-gallery-item elementor-animated-content\" href=\"https:\/\/elastomeri.si\/wp-content\/uploads\/2025\/10\/Tehnicni-izdelki-6.jpg\" data-elementor-open-lightbox=\"yes\" data-elementor-lightbox-slideshow=\"a23ac0f\" data-e-action-hash=\"#elementor-action%3Aaction%3Dlightbox%26settings%3DeyJpZCI6NDUwMzQsInVybCI6Imh0dHBzOlwvXC9lbGFzdG9tZXJpLnNpXC93cC1jb250ZW50XC91cGxvYWRzXC8yMDI1XC8xMFwvVGVobmljbmktaXpkZWxraS02LmpwZyIsInNsaWRlc2hvdyI6ImEyM2FjMGYifQ%3D%3D\">\n\t\t\t\t\t<div class=\"e-gallery-image elementor-gallery-item__image\" data-thumbnail=\"https:\/\/elastomeri.si\/wp-content\/uploads\/2025\/10\/Tehnicni-izdelki-6-1024x683.jpg\" data-width=\"800\" data-height=\"534\" aria-label=\"\" role=\"img\" ><\/div>\n\t\t\t\t\t\t\t\t\t\t\t<div class=\"elementor-gallery-item__overlay\"><\/div>\n\t\t\t\t\t\t\t\t\t\t\t\t\t\t<\/a>\n\t\t\t\t\t\t\t<a class=\"e-gallery-item elementor-gallery-item elementor-animated-content\" href=\"https:\/\/elastomeri.si\/wp-content\/uploads\/2025\/10\/Tehnicni-izdelki-7.jpg\" data-elementor-open-lightbox=\"yes\" data-elementor-lightbox-slideshow=\"a23ac0f\" data-e-action-hash=\"#elementor-action%3Aaction%3Dlightbox%26settings%3DeyJpZCI6NDUwMzUsInVybCI6Imh0dHBzOlwvXC9lbGFzdG9tZXJpLnNpXC93cC1jb250ZW50XC91cGxvYWRzXC8yMDI1XC8xMFwvVGVobmljbmktaXpkZWxraS03LmpwZyIsInNsaWRlc2hvdyI6ImEyM2FjMGYifQ%3D%3D\">\n\t\t\t\t\t<div class=\"e-gallery-image elementor-gallery-item__image\" data-thumbnail=\"https:\/\/elastomeri.si\/wp-content\/uploads\/2025\/10\/Tehnicni-izdelki-7-768x1024.jpg\" data-width=\"768\" data-height=\"1024\" aria-label=\"\" role=\"img\" ><\/div>\n\t\t\t\t\t\t\t\t\t\t\t<div class=\"elementor-gallery-item__overlay\"><\/div>\n\t\t\t\t\t\t\t\t\t\t\t\t\t\t<\/a>\n\t\t\t\t\t\t\t<a class=\"e-gallery-item elementor-gallery-item elementor-animated-content\" href=\"https:\/\/elastomeri.si\/wp-content\/uploads\/2025\/10\/Tehnicni-izdelki-8.jpg\" data-elementor-open-lightbox=\"yes\" data-elementor-lightbox-slideshow=\"a23ac0f\" data-e-action-hash=\"#elementor-action%3Aaction%3Dlightbox%26settings%3DeyJpZCI6NDUwMzYsInVybCI6Imh0dHBzOlwvXC9lbGFzdG9tZXJpLnNpXC93cC1jb250ZW50XC91cGxvYWRzXC8yMDI1XC8xMFwvVGVobmljbmktaXpkZWxraS04LmpwZyIsInNsaWRlc2hvdyI6ImEyM2FjMGYifQ%3D%3D\">\n\t\t\t\t\t<div class=\"e-gallery-image elementor-gallery-item__image\" data-thumbnail=\"https:\/\/elastomeri.si\/wp-content\/uploads\/2025\/10\/Tehnicni-izdelki-8-768x1024.jpg\" data-width=\"768\" data-height=\"1024\" aria-label=\"\" role=\"img\" ><\/div>\n\t\t\t\t\t\t\t\t\t\t\t<div class=\"elementor-gallery-item__overlay\"><\/div>\n\t\t\t\t\t\t\t\t\t\t\t\t\t\t<\/a>\n\t\t\t\t\t\t\t<a class=\"e-gallery-item elementor-gallery-item elementor-animated-content\" href=\"https:\/\/elastomeri.si\/wp-content\/uploads\/2025\/10\/Tehnicni-izdelki-9.jpg\" data-elementor-open-lightbox=\"yes\" data-elementor-lightbox-slideshow=\"a23ac0f\" data-e-action-hash=\"#elementor-action%3Aaction%3Dlightbox%26settings%3DeyJpZCI6NDUwMzcsInVybCI6Imh0dHBzOlwvXC9lbGFzdG9tZXJpLnNpXC93cC1jb250ZW50XC91cGxvYWRzXC8yMDI1XC8xMFwvVGVobmljbmktaXpkZWxraS05LmpwZyIsInNsaWRlc2hvdyI6ImEyM2FjMGYifQ%3D%3D\">\n\t\t\t\t\t<div class=\"e-gallery-image elementor-gallery-item__image\" data-thumbnail=\"https:\/\/elastomeri.si\/wp-content\/uploads\/2025\/10\/Tehnicni-izdelki-9-1024x768.jpg\" data-width=\"800\" data-height=\"600\" aria-label=\"\" role=\"img\" ><\/div>\n\t\t\t\t\t\t\t\t\t\t\t<div class=\"elementor-gallery-item__overlay\"><\/div>\n\t\t\t\t\t\t\t\t\t\t\t\t\t\t<\/a>\n\t\t\t\t\t\t\t<a class=\"e-gallery-item elementor-gallery-item elementor-animated-content\" href=\"https:\/\/elastomeri.si\/wp-content\/uploads\/2025\/10\/Tehnicni-izdelki-10.jpg\" data-elementor-open-lightbox=\"yes\" data-elementor-lightbox-slideshow=\"a23ac0f\" data-e-action-hash=\"#elementor-action%3Aaction%3Dlightbox%26settings%3DeyJpZCI6NDUwMzgsInVybCI6Imh0dHBzOlwvXC9lbGFzdG9tZXJpLnNpXC93cC1jb250ZW50XC91cGxvYWRzXC8yMDI1XC8xMFwvVGVobmljbmktaXpkZWxraS0xMC5qcGciLCJzbGlkZXNob3ciOiJhMjNhYzBmIn0%3D\">\n\t\t\t\t\t<div class=\"e-gallery-image elementor-gallery-item__image\" data-thumbnail=\"https:\/\/elastomeri.si\/wp-content\/uploads\/2025\/10\/Tehnicni-izdelki-10-768x1024.jpg\" data-width=\"768\" data-height=\"1024\" aria-label=\"\" role=\"img\" ><\/div>\n\t\t\t\t\t\t\t\t\t\t\t<div class=\"elementor-gallery-item__overlay\"><\/div>\n\t\t\t\t\t\t\t\t\t\t\t\t\t\t<\/a>\n\t\t\t\t\t\t\t<a class=\"e-gallery-item elementor-gallery-item elementor-animated-content\" href=\"https:\/\/elastomeri.si\/wp-content\/uploads\/2025\/10\/Tehnicni-izdelki-11.jpg\" data-elementor-open-lightbox=\"yes\" data-elementor-lightbox-slideshow=\"a23ac0f\" data-e-action-hash=\"#elementor-action%3Aaction%3Dlightbox%26settings%3DeyJpZCI6NDUwMzksInVybCI6Imh0dHBzOlwvXC9lbGFzdG9tZXJpLnNpXC93cC1jb250ZW50XC91cGxvYWRzXC8yMDI1XC8xMFwvVGVobmljbmktaXpkZWxraS0xMS5qcGciLCJzbGlkZXNob3ciOiJhMjNhYzBmIn0%3D\">\n\t\t\t\t\t<div class=\"e-gallery-image elementor-gallery-item__image\" data-thumbnail=\"https:\/\/elastomeri.si\/wp-content\/uploads\/2025\/10\/Tehnicni-izdelki-11-1024x768.jpg\" data-width=\"800\" data-height=\"600\" aria-label=\"\" role=\"img\" ><\/div>\n\t\t\t\t\t\t\t\t\t\t\t<div class=\"elementor-gallery-item__overlay\"><\/div>\n\t\t\t\t\t\t\t\t\t\t\t\t\t\t<\/a>\n\t\t\t\t\t\t\t<a class=\"e-gallery-item elementor-gallery-item elementor-animated-content\" href=\"https:\/\/elastomeri.si\/wp-content\/uploads\/2025\/10\/Tehnicni-izdelki-12.jpg\" data-elementor-open-lightbox=\"yes\" data-elementor-lightbox-slideshow=\"a23ac0f\" data-e-action-hash=\"#elementor-action%3Aaction%3Dlightbox%26settings%3DeyJpZCI6NDUwNDAsInVybCI6Imh0dHBzOlwvXC9lbGFzdG9tZXJpLnNpXC93cC1jb250ZW50XC91cGxvYWRzXC8yMDI1XC8xMFwvVGVobmljbmktaXpkZWxraS0xMi5qcGciLCJzbGlkZXNob3ciOiJhMjNhYzBmIn0%3D\">\n\t\t\t\t\t<div class=\"e-gallery-image elementor-gallery-item__image\" data-thumbnail=\"https:\/\/elastomeri.si\/wp-content\/uploads\/2025\/10\/Tehnicni-izdelki-12-768x1024.jpg\" data-width=\"768\" data-height=\"1024\" aria-label=\"\" role=\"img\" ><\/div>\n\t\t\t\t\t\t\t\t\t\t\t<div class=\"elementor-gallery-item__overlay\"><\/div>\n\t\t\t\t\t\t\t\t\t\t\t\t\t\t<\/a>\n\t\t\t\t\t<\/div>\n\t\t\t\t\t<\/div>\n\t\t\t\t\t<\/div>\n\t\t\t\t<\/div>\n\t\t\t\t<\/div>\n\t\t","protected":false},"excerpt":{"rendered":"<p>Wir fertigen und erneuern eine breite Palette technischer Produkte aus Gummi, Polyurethan und Silikon. Zu unseren Produkten geh\u00f6ren Kettenscheiben, Stopfen und Ringe f\u00fcr Kantenanleimmaschinen (Brandt, Homag, Holz-Her, Ott \u2026) kleinere Leimauftragswalzen verschiedene technische Produkte nach Ihren Anforderungen (Stecker, Membranen, Streifen, Greifer, \u2026) Ob Sie ein neues Produkt ben\u00f6tigen oder ein bestehendes erneuern m\u00f6chten, wir verbinden [&hellip;]<\/p>\n","protected":false},"author":1,"featured_media":0,"parent":44955,"menu_order":0,"comment_status":"closed","ping_status":"closed","template":"","meta":{"_acf_changed":false,"inline_featured_image":false,"_monsterinsights_skip_tracking":false,"_monsterinsights_sitenote_active":false,"_monsterinsights_sitenote_note":"","_monsterinsights_sitenote_category":0,"footnotes":""},"class_list":["post-45041","page","type-page","status-publish","hentry"],"acf":[],"aioseo_notices":[],"_links":{"self":[{"href":"https:\/\/elastomeri.si\/de\/wp-json\/wp\/v2\/pages\/45041","targetHints":{"allow":["GET"]}}],"collection":[{"href":"https:\/\/elastomeri.si\/de\/wp-json\/wp\/v2\/pages"}],"about":[{"href":"https:\/\/elastomeri.si\/de\/wp-json\/wp\/v2\/types\/page"}],"author":[{"embeddable":true,"href":"https:\/\/elastomeri.si\/de\/wp-json\/wp\/v2\/users\/1"}],"replies":[{"embeddable":true,"href":"https:\/\/elastomeri.si\/de\/wp-json\/wp\/v2\/comments?post=45041"}],"version-history":[{"count":9,"href":"https:\/\/elastomeri.si\/de\/wp-json\/wp\/v2\/pages\/45041\/revisions"}],"predecessor-version":[{"id":46269,"href":"https:\/\/elastomeri.si\/de\/wp-json\/wp\/v2\/pages\/45041\/revisions\/46269"}],"up":[{"embeddable":true,"href":"https:\/\/elastomeri.si\/de\/wp-json\/wp\/v2\/pages\/44955"}],"wp:attachment":[{"href":"https:\/\/elastomeri.si\/de\/wp-json\/wp\/v2\/media?parent=45041"}],"curies":[{"name":"wp","href":"https:\/\/api.w.org\/{rel}","templated":true}]}}