{"id":44955,"date":"2025-09-28T21:37:29","date_gmt":"2025-09-28T19:37:29","guid":{"rendered":"https:\/\/elastomeri.click.si\/angebot\/"},"modified":"2026-01-15T09:34:19","modified_gmt":"2026-01-15T08:34:19","slug":"angebot","status":"publish","type":"page","link":"https:\/\/elastomeri.si\/de\/angebot\/","title":{"rendered":"Angebot"},"content":{"rendered":"\t\t<div data-elementor-type=\"wp-page\" data-elementor-id=\"44955\" class=\"elementor elementor-44955 elementor-44023\" data-elementor-post-type=\"page\">\n\t\t\t\t<div class=\"elementor-element elementor-element-484725cd e-flex e-con-boxed e-con e-parent\" data-id=\"484725cd\" data-element_type=\"container\" data-e-type=\"container\">\n\t\t\t\t\t<div class=\"e-con-inner\">\n\t\t\t\t<div class=\"elementor-element elementor-element-1b02764a elementor-widget__width-initial elementor-widget elementor-widget-text-editor\" data-id=\"1b02764a\" data-element_type=\"widget\" data-e-type=\"widget\" data-widget_type=\"text-editor.default\">\n\t\t\t\t\t\t\t\t\t<p>Spezialisten f\u00fcr die Herstellung und Erneuerung von gummierten und verzahnten Rollen, gummierten Walzen und technischen Produkten f\u00fcr verschiedene Branchen. Seit 1977 ihr zuverl\u00e4ssiger Partner<\/p>\t\t\t\t\t\t\t\t<\/div>\n\t\t\t\t\t<\/div>\n\t\t\t\t<\/div>\n\t\t<div class=\"elementor-element elementor-element-b0c9b96 e-flex e-con-boxed e-con e-parent\" data-id=\"b0c9b96\" data-element_type=\"container\" data-e-type=\"container\">\n\t\t\t\t\t<div class=\"e-con-inner\">\n\t\t\t\t<div class=\"elementor-element elementor-element-a64bb08 elementor-widget elementor-widget-text-editor\" data-id=\"a64bb08\" data-element_type=\"widget\" data-e-type=\"widget\" data-widget_type=\"text-editor.default\">\n\t\t\t\t\t\t\t\t\t<p>Wir verpflichten uns zu h\u00f6chsten Qualit\u00e4ts- und Pr\u00e4zisionsstandards und sind \u00fcberzeugt, dass unsere Produkte entscheidend zur Optimierung Ihrer Produktionsprozesse beitragen. Unser Expertenteam widmet sich jedem Projekt mit gr\u00f6\u00dfter Sorgfalt und Professionalit\u00e4t. <\/p><p>In unserem Unternehmen verwenden wir <strong>bew\u00e4hrte und hochwertige Materialien<\/strong>, die es uns erm\u00f6glichen, die Eigenschaften der Walzen und Rollen optimal an Ihre Prozesse anzupassen:<\/p><ul><li>NBR<\/li><li>EPDM<\/li><li>FDA-zertifizierter Gummi<\/li><li>antistatische Mischungen<\/li><li>Silikon<\/li><li>Polyurethane<\/li><\/ul><p><br>Dadurch wird die <strong>Best\u00e4ndigkeit der Walzen gegen\u00fcber Chemikalien, Temperatur, Verschlei\u00df<\/strong> und, falls erforderlich, <strong>elektrischer Leitf\u00e4higkeit <\/strong>sichergestellt.<\/p>\t\t\t\t\t\t\t\t<\/div>\n\t\t\t\t<div class=\"elementor-element elementor-element-246772a elementor-widget elementor-widget-text-editor\" data-id=\"246772a\" data-element_type=\"widget\" data-e-type=\"widget\" data-widget_type=\"text-editor.default\">\n\t\t\t\t\t\t\t\t\t<p>Wir sind der offizielle Lieferant von Holz-Her und Otto Martin.<\/p>\t\t\t\t\t\t\t\t<\/div>\n\t\t\t\t<div class=\"elementor-element elementor-element-d45cba1 elementor-widget elementor-widget-gallery\" data-id=\"d45cba1\" data-element_type=\"widget\" data-e-type=\"widget\" data-settings=\"{&quot;columns&quot;:2,&quot;lazyload&quot;:&quot;yes&quot;,&quot;gallery_layout&quot;:&quot;grid&quot;,&quot;columns_tablet&quot;:2,&quot;columns_mobile&quot;:1,&quot;gap&quot;:{&quot;unit&quot;:&quot;px&quot;,&quot;size&quot;:10,&quot;sizes&quot;:[]},&quot;gap_tablet&quot;:{&quot;unit&quot;:&quot;px&quot;,&quot;size&quot;:10,&quot;sizes&quot;:[]},&quot;gap_mobile&quot;:{&quot;unit&quot;:&quot;px&quot;,&quot;size&quot;:10,&quot;sizes&quot;:[]},&quot;link_to&quot;:&quot;file&quot;,&quot;aspect_ratio&quot;:&quot;3:2&quot;,&quot;overlay_background&quot;:&quot;yes&quot;,&quot;content_hover_animation&quot;:&quot;fade-in&quot;}\" data-widget_type=\"gallery.default\">\n\t\t\t\t\t\t\t<div class=\"elementor-gallery__container\">\n\t\t\t\t\t\t\t<a class=\"e-gallery-item elementor-gallery-item elementor-animated-content\" href=\"https:\/\/elastomeri.si\/wp-content\/uploads\/2025\/10\/Reference-Holz-Her.jpg\" data-elementor-open-lightbox=\"yes\" data-elementor-lightbox-slideshow=\"d45cba1\" data-e-action-hash=\"#elementor-action%3Aaction%3Dlightbox%26settings%3DeyJpZCI6NDQ5NTEsInVybCI6Imh0dHBzOlwvXC9lbGFzdG9tZXJpLnNpXC93cC1jb250ZW50XC91cGxvYWRzXC8yMDI1XC8xMFwvUmVmZXJlbmNlLUhvbHotSGVyLmpwZyIsInNsaWRlc2hvdyI6ImQ0NWNiYTEifQ%3D%3D\">\n\t\t\t\t\t<div class=\"e-gallery-image elementor-gallery-item__image\" data-thumbnail=\"https:\/\/elastomeri.si\/wp-content\/uploads\/2025\/10\/Reference-Holz-Her-1024x682.jpg\" data-width=\"800\" data-height=\"533\" aria-label=\"\" role=\"img\" ><\/div>\n\t\t\t\t\t\t\t\t\t\t\t<div class=\"elementor-gallery-item__overlay\"><\/div>\n\t\t\t\t\t\t\t\t\t\t\t\t\t\t<\/a>\n\t\t\t\t\t\t\t<a class=\"e-gallery-item elementor-gallery-item elementor-animated-content\" href=\"https:\/\/elastomeri.si\/wp-content\/uploads\/2025\/10\/Reference-Martin.jpg\" data-elementor-open-lightbox=\"yes\" data-elementor-lightbox-slideshow=\"d45cba1\" data-e-action-hash=\"#elementor-action%3Aaction%3Dlightbox%26settings%3DeyJpZCI6NDQ5NTIsInVybCI6Imh0dHBzOlwvXC9lbGFzdG9tZXJpLnNpXC93cC1jb250ZW50XC91cGxvYWRzXC8yMDI1XC8xMFwvUmVmZXJlbmNlLU1hcnRpbi5qcGciLCJzbGlkZXNob3ciOiJkNDVjYmExIn0%3D\">\n\t\t\t\t\t<div class=\"e-gallery-image elementor-gallery-item__image\" data-thumbnail=\"https:\/\/elastomeri.si\/wp-content\/uploads\/2025\/10\/Reference-Martin-1024x682.jpg\" data-width=\"800\" data-height=\"533\" aria-label=\"\" role=\"img\" ><\/div>\n\t\t\t\t\t\t\t\t\t\t\t<div class=\"elementor-gallery-item__overlay\"><\/div>\n\t\t\t\t\t\t\t\t\t\t\t\t\t\t<\/a>\n\t\t\t\t\t<\/div>\n\t\t\t\t\t<\/div>\n\t\t\t\t<div class=\"elementor-element elementor-element-7370098 elementor-widget elementor-widget-heading\" data-id=\"7370098\" data-element_type=\"widget\" data-e-type=\"widget\" data-widget_type=\"heading.default\">\n\t\t\t\t\t<h2 class=\"elementor-heading-title elementor-size-default\">Warum uns w\u00e4hlen?<\/h2>\t\t\t\t<\/div>\n\t\t\t\t<div class=\"elementor-element elementor-element-46f9816 elementor-widget elementor-widget-text-editor\" data-id=\"46f9816\" data-element_type=\"widget\" data-e-type=\"widget\" data-widget_type=\"text-editor.default\">\n\t\t\t\t\t\t\t\t\t<ul><li><strong>Hochwertige Materialien<\/strong> europ\u00e4ischer Herkunft<\/li><li><strong>Schnelle Bearbeitung: <\/strong>Die Neugummierung von Rollen dauert 3-5 Arbeitstage, die Neugummierung von Walzen nur 5-7 Arbeitstage, wodurch die Ausfallzeiten in Ihrer Produktion minimal sind.<\/li><li><strong>Kostenlose Beratung und Empfehlung: <\/strong>Gemeinsam erarbeiten wir den optimalen Plan, schlagen Ihnen das beste Material vor und unterbreiten Ihnen ein kostenloses Angebot.<\/li><\/ul><p><br>Wir bieten umfassende L\u00f6sungen f\u00fcr die Herstellung und Verarbeitung von Produkten f\u00fcr verschiedene Branchen an.<\/p>\t\t\t\t\t\t\t\t<\/div>\n\t\t\t\t\t<\/div>\n\t\t\t\t<\/div>\n\t\t<div class=\"elementor-element elementor-element-2471b42c e-flex e-con-boxed e-con e-parent\" data-id=\"2471b42c\" data-element_type=\"container\" data-e-type=\"container\" id=\"gumirani-koluti\">\n\t\t\t\t\t<div class=\"e-con-inner\">\n\t\t<div class=\"elementor-element elementor-element-5357a0e6 e-con-full e-flex e-con e-child\" data-id=\"5357a0e6\" data-element_type=\"container\" data-e-type=\"container\">\n\t\t\t\t<div class=\"elementor-element elementor-element-65e8095f elementor-widget elementor-widget-heading\" data-id=\"65e8095f\" data-element_type=\"widget\" data-e-type=\"widget\" data-widget_type=\"heading.default\">\n\t\t\t\t\t<h2 class=\"elementor-heading-title elementor-size-default\">Gummirollen<\/h2>\t\t\t\t<\/div>\n\t\t\t\t<div class=\"elementor-element elementor-element-3fb224a9 elementor-widget elementor-widget-text-editor\" data-id=\"3fb224a9\" data-element_type=\"widget\" data-e-type=\"widget\" data-widget_type=\"text-editor.default\">\n\t\t\t\t\t\t\t\t\t<p>Wir fertigen und erneuern <strong>Gummi-, Polyurethan- und Silikonrollen<\/strong>, die haupts\u00e4chlich f\u00fcr Holzbearbeitungsmaschinen bestimmt sind. Unser Ziel ist es, Ihnen zuverl\u00e4ssige und langlebige Scheiben zu liefern, die Ausfallzeiten und Wartungskosten reduzieren. <\/p>\t\t\t\t\t\t\t\t<\/div>\n\t\t\t\t<div class=\"elementor-element elementor-element-8c7cbda elementor-widget elementor-widget-button\" data-id=\"8c7cbda\" data-element_type=\"widget\" data-e-type=\"widget\" data-widget_type=\"button.default\">\n\t\t\t\t\t\t\t\t\t\t<a class=\"elementor-button elementor-button-link elementor-size-sm\" href=\"https:\/\/elastomeri.si\/de\/angebot\/gummierte-rollen\/\">\n\t\t\t\t\t\t<span class=\"elementor-button-content-wrapper\">\n\t\t\t\t\t\t<span class=\"elementor-button-icon\">\n\t\t\t\t<svg xmlns=\"http:\/\/www.w3.org\/2000\/svg\" width=\"20\" height=\"18\" viewBox=\"0 0 20 18\" fill=\"none\"><path d=\"M10.1818 1L18.1818 9M18.1818 9L10.1818 17M18.1818 9H0\" stroke=\"currentColor\" stroke-width=\"1.2\"><\/path><\/svg>\t\t\t<\/span>\n\t\t\t\t\t\t\t\t\t<span class=\"elementor-button-text\">Mehr lesen<\/span>\n\t\t\t\t\t<\/span>\n\t\t\t\t\t<\/a>\n\t\t\t\t\t\t\t\t<\/div>\n\t\t\t\t<\/div>\n\t\t<div class=\"elementor-element elementor-element-18bc6a08 e-con-full e-flex e-con e-child\" data-id=\"18bc6a08\" data-element_type=\"container\" data-e-type=\"container\">\n\t\t\t\t<div class=\"elementor-element elementor-element-6501b542 elementor-widget elementor-widget-image\" data-id=\"6501b542\" data-element_type=\"widget\" data-e-type=\"widget\" data-widget_type=\"image.default\">\n\t\t\t\t\t\t\t\t\t\t\t\t\t\t\t\t<a href=\"https:\/\/elastomeri.si\/de\/angebot\/gummierte-rollen\/\">\n\t\t\t\t\t\t\t<img fetchpriority=\"high\" decoding=\"async\" width=\"800\" height=\"533\" src=\"https:\/\/elastomeri.si\/wp-content\/uploads\/2025\/09\/mesani-gumirani-koluti-scaled-1-1024x682.jpg\" class=\"attachment-large size-large wp-image-44536\" alt=\"\" srcset=\"https:\/\/elastomeri.si\/wp-content\/uploads\/2025\/09\/mesani-gumirani-koluti-scaled-1-1024x682.jpg 1024w, https:\/\/elastomeri.si\/wp-content\/uploads\/2025\/09\/mesani-gumirani-koluti-scaled-1-300x200.jpg 300w, https:\/\/elastomeri.si\/wp-content\/uploads\/2025\/09\/mesani-gumirani-koluti-scaled-1-600x400.jpg 600w, https:\/\/elastomeri.si\/wp-content\/uploads\/2025\/09\/mesani-gumirani-koluti-scaled-1-768x512.jpg 768w, https:\/\/elastomeri.si\/wp-content\/uploads\/2025\/09\/mesani-gumirani-koluti-scaled-1-1536x1024.jpg 1536w, https:\/\/elastomeri.si\/wp-content\/uploads\/2025\/09\/mesani-gumirani-koluti-scaled-1-2048x1365.jpg 2048w\" sizes=\"(max-width: 800px) 100vw, 800px\" \/>\t\t\t\t\t\t\t\t<\/a>\n\t\t\t\t\t\t\t\t\t\t\t\t\t\t\t<\/div>\n\t\t\t\t<\/div>\n\t\t\t\t\t<\/div>\n\t\t\t\t<\/div>\n\t\t<div class=\"elementor-element elementor-element-75807bbf e-flex e-con-boxed e-con e-parent\" data-id=\"75807bbf\" data-element_type=\"container\" data-e-type=\"container\" id=\"zobati-koluti\">\n\t\t\t\t\t<div class=\"e-con-inner\">\n\t\t<div class=\"elementor-element elementor-element-3fe43893 e-con-full e-flex e-con e-child\" data-id=\"3fe43893\" data-element_type=\"container\" data-e-type=\"container\">\n\t\t\t\t<div class=\"elementor-element elementor-element-3ff8a199 elementor-widget elementor-widget-image\" data-id=\"3ff8a199\" data-element_type=\"widget\" data-e-type=\"widget\" data-widget_type=\"image.default\">\n\t\t\t\t\t\t\t\t\t\t\t\t\t\t\t\t<a href=\"https:\/\/elastomeri.si\/de\/angebot\/stahlrollen\/\">\n\t\t\t\t\t\t\t<img decoding=\"async\" width=\"800\" height=\"534\" src=\"https:\/\/elastomeri.si\/wp-content\/uploads\/2025\/10\/Zobati-koluti-skupinska-1-1024x683.jpg\" class=\"attachment-large size-large wp-image-44537\" alt=\"\" srcset=\"https:\/\/elastomeri.si\/wp-content\/uploads\/2025\/10\/Zobati-koluti-skupinska-1-1024x683.jpg 1024w, https:\/\/elastomeri.si\/wp-content\/uploads\/2025\/10\/Zobati-koluti-skupinska-1-300x200.jpg 300w, https:\/\/elastomeri.si\/wp-content\/uploads\/2025\/10\/Zobati-koluti-skupinska-1-600x400.jpg 600w, https:\/\/elastomeri.si\/wp-content\/uploads\/2025\/10\/Zobati-koluti-skupinska-1-768x512.jpg 768w, https:\/\/elastomeri.si\/wp-content\/uploads\/2025\/10\/Zobati-koluti-skupinska-1.jpg 1200w\" sizes=\"(max-width: 800px) 100vw, 800px\" \/>\t\t\t\t\t\t\t\t<\/a>\n\t\t\t\t\t\t\t\t\t\t\t\t\t\t\t<\/div>\n\t\t\t\t<\/div>\n\t\t<div class=\"elementor-element elementor-element-7c49845 e-con-full e-flex e-con e-child\" data-id=\"7c49845\" data-element_type=\"container\" data-e-type=\"container\">\n\t\t\t\t<div class=\"elementor-element elementor-element-3f980bcc elementor-widget elementor-widget-heading\" data-id=\"3f980bcc\" data-element_type=\"widget\" data-e-type=\"widget\" data-widget_type=\"heading.default\">\n\t\t\t\t\t<h2 class=\"elementor-heading-title elementor-size-default\">Stahlrollen<\/h2>\t\t\t\t<\/div>\n\t\t\t\t<div class=\"elementor-element elementor-element-5e3558a7 elementor-widget elementor-widget-text-editor\" data-id=\"5e3558a7\" data-element_type=\"widget\" data-e-type=\"widget\" data-widget_type=\"text-editor.default\">\n\t\t\t\t\t\t\t\t\t<p>Wir bieten die <strong>Herstellung und das Sch\u00e4rfen von Stahlrollen f\u00fcr Holzbearbeitungsmaschinen<\/strong> an, wobei besonderer Wert auf <strong>Pr\u00e4zision, Langlebigkeit und optimale Funktion gelegt wird.<\/strong><\/p>\t\t\t\t\t\t\t\t<\/div>\n\t\t\t\t<div class=\"elementor-element elementor-element-3c5b108 elementor-widget elementor-widget-button\" data-id=\"3c5b108\" data-element_type=\"widget\" data-e-type=\"widget\" data-widget_type=\"button.default\">\n\t\t\t\t\t\t\t\t\t\t<a class=\"elementor-button elementor-button-link elementor-size-sm\" href=\"https:\/\/elastomeri.si\/de\/angebot\/stahlrollen\/\">\n\t\t\t\t\t\t<span class=\"elementor-button-content-wrapper\">\n\t\t\t\t\t\t<span class=\"elementor-button-icon\">\n\t\t\t\t<svg xmlns=\"http:\/\/www.w3.org\/2000\/svg\" width=\"20\" height=\"18\" viewBox=\"0 0 20 18\" fill=\"none\"><path d=\"M10.1818 1L18.1818 9M18.1818 9L10.1818 17M18.1818 9H0\" stroke=\"currentColor\" stroke-width=\"1.2\"><\/path><\/svg>\t\t\t<\/span>\n\t\t\t\t\t\t\t\t\t<span class=\"elementor-button-text\">Mehr lesen<\/span>\n\t\t\t\t\t<\/span>\n\t\t\t\t\t<\/a>\n\t\t\t\t\t\t\t\t<\/div>\n\t\t\t\t<\/div>\n\t\t\t\t\t<\/div>\n\t\t\t\t<\/div>\n\t\t<div class=\"elementor-element elementor-element-ad153c9 e-flex e-con-boxed e-con e-parent\" data-id=\"ad153c9\" data-element_type=\"container\" data-e-type=\"container\" id=\"obnova-valjev\">\n\t\t\t\t\t<div class=\"e-con-inner\">\n\t\t<div class=\"elementor-element elementor-element-563136d0 e-con-full e-flex e-con e-child\" data-id=\"563136d0\" data-element_type=\"container\" data-e-type=\"container\">\n\t\t\t\t<div class=\"elementor-element elementor-element-3fdc2e91 elementor-widget elementor-widget-heading\" data-id=\"3fdc2e91\" data-element_type=\"widget\" data-e-type=\"widget\" data-widget_type=\"heading.default\">\n\t\t\t\t\t<h2 class=\"elementor-heading-title elementor-size-default\">Herstellung und Erneuerung von Walzen<\/h2>\t\t\t\t<\/div>\n\t\t\t\t<div class=\"elementor-element elementor-element-6e1adea9 elementor-widget elementor-widget-text-editor\" data-id=\"6e1adea9\" data-element_type=\"widget\" data-e-type=\"widget\" data-widget_type=\"text-editor.default\">\n\t\t\t\t\t\t\t\t\t<p>Wir sind spezialisiert auf die Herstellung und Erneuerung bzw. Neugummierung von <strong>Walzen aus Gummi, Silikon und Polyurethan.<\/strong><br>Unsere L\u00f6sungen richten sich an Unternehmen der <strong>Holz-, Grafik-, Papier-, Verpackungs-, Pharma- und Lebensmittelindustrie.<\/strong><\/p>\t\t\t\t\t\t\t\t<\/div>\n\t\t\t\t<div class=\"elementor-element elementor-element-8b546ba elementor-widget elementor-widget-button\" data-id=\"8b546ba\" data-element_type=\"widget\" data-e-type=\"widget\" data-widget_type=\"button.default\">\n\t\t\t\t\t\t\t\t\t\t<a class=\"elementor-button elementor-button-link elementor-size-sm\" href=\"https:\/\/elastomeri.si\/de\/angebot\/herstellung-und-erneuerung-von-walzen\/\">\n\t\t\t\t\t\t<span class=\"elementor-button-content-wrapper\">\n\t\t\t\t\t\t<span class=\"elementor-button-icon\">\n\t\t\t\t<svg xmlns=\"http:\/\/www.w3.org\/2000\/svg\" width=\"20\" height=\"18\" viewBox=\"0 0 20 18\" fill=\"none\"><path d=\"M10.1818 1L18.1818 9M18.1818 9L10.1818 17M18.1818 9H0\" stroke=\"currentColor\" stroke-width=\"1.2\"><\/path><\/svg>\t\t\t<\/span>\n\t\t\t\t\t\t\t\t\t<span class=\"elementor-button-text\">Mehr lesen<\/span>\n\t\t\t\t\t<\/span>\n\t\t\t\t\t<\/a>\n\t\t\t\t\t\t\t\t<\/div>\n\t\t\t\t<\/div>\n\t\t<div class=\"elementor-element elementor-element-114e569a e-con-full e-flex e-con e-child\" data-id=\"114e569a\" data-element_type=\"container\" data-e-type=\"container\">\n\t\t\t\t<div class=\"elementor-element elementor-element-5d832398 elementor-widget elementor-widget-image\" data-id=\"5d832398\" data-element_type=\"widget\" data-e-type=\"widget\" data-widget_type=\"image.default\">\n\t\t\t\t\t\t\t\t\t\t\t\t\t\t\t\t<a href=\"https:\/\/elastomeri.si\/de\/angebot\/herstellung-und-erneuerung-von-walzen\/\">\n\t\t\t\t\t\t\t<img decoding=\"async\" width=\"800\" height=\"800\" src=\"https:\/\/elastomeri.si\/wp-content\/uploads\/2025\/10\/Izdelava-in-obnova-valjev-brusilni-2-1024x1024.jpg\" class=\"attachment-large size-large wp-image-44953\" alt=\"\" srcset=\"https:\/\/elastomeri.si\/wp-content\/uploads\/2025\/10\/Izdelava-in-obnova-valjev-brusilni-2-1024x1024.jpg 1024w, https:\/\/elastomeri.si\/wp-content\/uploads\/2025\/10\/Izdelava-in-obnova-valjev-brusilni-2-300x300.jpg 300w, https:\/\/elastomeri.si\/wp-content\/uploads\/2025\/10\/Izdelava-in-obnova-valjev-brusilni-2-100x100.jpg 100w, https:\/\/elastomeri.si\/wp-content\/uploads\/2025\/10\/Izdelava-in-obnova-valjev-brusilni-2-600x600.jpg 600w, https:\/\/elastomeri.si\/wp-content\/uploads\/2025\/10\/Izdelava-in-obnova-valjev-brusilni-2-150x150.jpg 150w, https:\/\/elastomeri.si\/wp-content\/uploads\/2025\/10\/Izdelava-in-obnova-valjev-brusilni-2-768x768.jpg 768w, https:\/\/elastomeri.si\/wp-content\/uploads\/2025\/10\/Izdelava-in-obnova-valjev-brusilni-2.jpg 1200w\" sizes=\"(max-width: 800px) 100vw, 800px\" \/>\t\t\t\t\t\t\t\t<\/a>\n\t\t\t\t\t\t\t\t\t\t\t\t\t\t\t<\/div>\n\t\t\t\t<\/div>\n\t\t\t\t\t<\/div>\n\t\t\t\t<\/div>\n\t\t<div class=\"elementor-element elementor-element-41acdbda e-flex e-con-boxed e-con e-parent\" data-id=\"41acdbda\" data-element_type=\"container\" data-e-type=\"container\" id=\"tehnicni-izdelki\">\n\t\t\t\t\t<div class=\"e-con-inner\">\n\t\t<div class=\"elementor-element elementor-element-e199d45 e-con-full e-flex e-con e-child\" data-id=\"e199d45\" data-element_type=\"container\" data-e-type=\"container\">\n\t\t\t\t<div class=\"elementor-element elementor-element-5dd528a1 elementor-widget elementor-widget-image\" data-id=\"5dd528a1\" data-element_type=\"widget\" data-e-type=\"widget\" data-widget_type=\"image.default\">\n\t\t\t\t\t\t\t\t\t\t\t\t\t\t\t\t<a href=\"https:\/\/elastomeri.si\/de\/angebot\/technische-produkte\/\">\n\t\t\t\t\t\t\t<img loading=\"lazy\" decoding=\"async\" width=\"510\" height=\"340\" src=\"https:\/\/elastomeri.si\/wp-content\/uploads\/2025\/10\/Tehnicni-izdelki-1.jpg\" class=\"attachment-large size-large wp-image-44954\" alt=\"\" srcset=\"https:\/\/elastomeri.si\/wp-content\/uploads\/2025\/10\/Tehnicni-izdelki-1.jpg 510w, https:\/\/elastomeri.si\/wp-content\/uploads\/2025\/10\/Tehnicni-izdelki-1-300x200.jpg 300w\" sizes=\"(max-width: 510px) 100vw, 510px\" \/>\t\t\t\t\t\t\t\t<\/a>\n\t\t\t\t\t\t\t\t\t\t\t\t\t\t\t<\/div>\n\t\t\t\t<\/div>\n\t\t<div class=\"elementor-element elementor-element-6814dfaf e-con-full e-flex e-con e-child\" data-id=\"6814dfaf\" data-element_type=\"container\" data-e-type=\"container\">\n\t\t\t\t<div class=\"elementor-element elementor-element-6ffadcdc elementor-widget elementor-widget-heading\" data-id=\"6ffadcdc\" data-element_type=\"widget\" data-e-type=\"widget\" data-widget_type=\"heading.default\">\n\t\t\t\t\t<h2 class=\"elementor-heading-title elementor-size-default\">Technische Produkte <\/h2>\t\t\t\t<\/div>\n\t\t\t\t<div class=\"elementor-element elementor-element-cd77b08 elementor-widget elementor-widget-text-editor\" data-id=\"cd77b08\" data-element_type=\"widget\" data-e-type=\"widget\" data-widget_type=\"text-editor.default\">\n\t\t\t\t\t\t\t\t\t<p>Wir fertigen und erneuern eine breite Palette technischer Produkte aus <strong>Gummi, Polyurethan und Silikon.<\/strong><\/p>\t\t\t\t\t\t\t\t<\/div>\n\t\t\t\t<div class=\"elementor-element elementor-element-9ec1880 elementor-widget elementor-widget-button\" data-id=\"9ec1880\" data-element_type=\"widget\" data-e-type=\"widget\" data-widget_type=\"button.default\">\n\t\t\t\t\t\t\t\t\t\t<a class=\"elementor-button elementor-button-link elementor-size-sm\" href=\"https:\/\/elastomeri.si\/de\/angebot\/technische-produkte\/\">\n\t\t\t\t\t\t<span class=\"elementor-button-content-wrapper\">\n\t\t\t\t\t\t<span class=\"elementor-button-icon\">\n\t\t\t\t<svg xmlns=\"http:\/\/www.w3.org\/2000\/svg\" width=\"20\" height=\"18\" viewBox=\"0 0 20 18\" fill=\"none\"><path d=\"M10.1818 1L18.1818 9M18.1818 9L10.1818 17M18.1818 9H0\" stroke=\"currentColor\" stroke-width=\"1.2\"><\/path><\/svg>\t\t\t<\/span>\n\t\t\t\t\t\t\t\t\t<span class=\"elementor-button-text\">Mehr lesen<\/span>\n\t\t\t\t\t<\/span>\n\t\t\t\t\t<\/a>\n\t\t\t\t\t\t\t\t<\/div>\n\t\t\t\t<\/div>\n\t\t\t\t\t<\/div>\n\t\t\t\t<\/div>\n\t\t\t\t<\/div>\n\t\t","protected":false},"excerpt":{"rendered":"<p>Spezialisten f\u00fcr die Herstellung und Erneuerung von gummierten und verzahnten Rollen, gummierten Walzen und technischen Produkten f\u00fcr verschiedene Branchen. Seit 1977 ihr zuverl\u00e4ssiger Partner Wir verpflichten uns zu h\u00f6chsten Qualit\u00e4ts- und Pr\u00e4zisionsstandards und sind \u00fcberzeugt, dass unsere Produkte entscheidend zur Optimierung Ihrer Produktionsprozesse beitragen. Unser Expertenteam widmet sich jedem Projekt mit gr\u00f6\u00dfter Sorgfalt und Professionalit\u00e4t. [&hellip;]<\/p>\n","protected":false},"author":3,"featured_media":0,"parent":0,"menu_order":0,"comment_status":"closed","ping_status":"closed","template":"","meta":{"_acf_changed":false,"inline_featured_image":false,"_monsterinsights_skip_tracking":false,"_monsterinsights_sitenote_active":false,"_monsterinsights_sitenote_note":"","_monsterinsights_sitenote_category":0,"footnotes":""},"class_list":["post-44955","page","type-page","status-publish","hentry"],"acf":[],"aioseo_notices":[],"_links":{"self":[{"href":"https:\/\/elastomeri.si\/de\/wp-json\/wp\/v2\/pages\/44955","targetHints":{"allow":["GET"]}}],"collection":[{"href":"https:\/\/elastomeri.si\/de\/wp-json\/wp\/v2\/pages"}],"about":[{"href":"https:\/\/elastomeri.si\/de\/wp-json\/wp\/v2\/types\/page"}],"author":[{"embeddable":true,"href":"https:\/\/elastomeri.si\/de\/wp-json\/wp\/v2\/users\/3"}],"replies":[{"embeddable":true,"href":"https:\/\/elastomeri.si\/de\/wp-json\/wp\/v2\/comments?post=44955"}],"version-history":[{"count":23,"href":"https:\/\/elastomeri.si\/de\/wp-json\/wp\/v2\/pages\/44955\/revisions"}],"predecessor-version":[{"id":46264,"href":"https:\/\/elastomeri.si\/de\/wp-json\/wp\/v2\/pages\/44955\/revisions\/46264"}],"wp:attachment":[{"href":"https:\/\/elastomeri.si\/de\/wp-json\/wp\/v2\/media?parent=44955"}],"curies":[{"name":"wp","href":"https:\/\/api.w.org\/{rel}","templated":true}]}}