{"id":44947,"date":"2025-09-26T15:22:21","date_gmt":"2025-09-26T13:22:21","guid":{"rendered":"https:\/\/elastomeri.click.si\/datenschutzrichtlinie\/"},"modified":"2025-11-03T13:25:57","modified_gmt":"2025-11-03T12:25:57","slug":"datenschutzrichtlinie","status":"publish","type":"page","link":"https:\/\/elastomeri.si\/de\/datenschutzrichtlinie\/","title":{"rendered":"Datenschutzrichtlinie"},"content":{"rendered":"\t\t<div data-elementor-type=\"wp-page\" data-elementor-id=\"44947\" class=\"elementor elementor-44947 elementor-43996\" data-elementor-post-type=\"page\">\n\t\t\t\t<div class=\"elementor-element elementor-element-927636b e-flex e-con-boxed e-con e-parent\" data-id=\"927636b\" data-element_type=\"container\" data-e-type=\"container\">\n\t\t\t\t\t<div class=\"e-con-inner\">\n\t\t\t\t<div class=\"elementor-element elementor-element-5a5b7b10 elementor-widget elementor-widget-heading\" data-id=\"5a5b7b10\" data-element_type=\"widget\" data-e-type=\"widget\" data-widget_type=\"heading.default\">\n\t\t\t\t\t<h1 class=\"elementor-heading-title elementor-size-default\">Datenschutzrichtlinie<\/h1>\t\t\t\t<\/div>\n\t\t\t\t<div class=\"elementor-element elementor-element-13844029 elementor-widget elementor-widget-text-editor\" data-id=\"13844029\" data-element_type=\"widget\" data-e-type=\"widget\" data-widget_type=\"text-editor.default\">\n\t\t\t\t\t\t\t\t\t<h3>Erkl\u00e4rung der Informationspflicht<\/h3><p>Der Schutz Ihrer pers\u00f6nlichen Daten ist uns sehr wichtig. Wir verarbeiten Ihre Daten ausschlie\u00dflich auf Grundlage gesetzlicher Bestimmungen (Datenschutz-Grundverordnung \u2013 Verordnung (EU) 2016\/679, Bundesdatenschutzgesetz 2018, Telekommunikationsgesetz 2003). In dieser Datenschutzerkl\u00e4rung informieren wir Sie \u00fcber wichtige Aspekte der Datenverarbeitung im Rahmen unserer Website.  <br><br><\/p><h3>Ihre Daten<\/h3><p><strong>Erhebung und Verarbeitung Ihrer Daten<\/strong><br>Die Verarbeitung personenbezogener Daten, die Sie unseren Diensten und Portalen freiwillig zur Verf\u00fcgung stellen, ist erforderlich, damit wir Ihre Anfragen, Bestellungen, W\u00fcnsche usw. bearbeiten, Vertr\u00e4ge vorbereiten und abschlie\u00dfen sowie Ihnen E-Newsletter zusenden k\u00f6nnen.<\/p><p><strong>Erhebung und Verarbeitung Ihrer Daten<\/strong><br>Daten\u00fcbermittlung<br>Wir \u00fcbermitteln Ihre Daten innerhalb von <em>Elastomeri d.o.o. <\/em>nur dann, wenn dies zur Erf\u00fcllung Ihrer Anfrage oder in Ihrem Interesse erforderlich ist. Wir sch\u00fctzen die Vertraulichkeit Ihrer Daten und werden diese weder verkaufen, vermieten noch Dritten zug\u00e4nglich machen. <\/p><p>Die \u00dcbermittlung an staatliche Institutionen und Beh\u00f6rden darf nur im Rahmen zwingender nationaler Rechtsvorschriften erfolgen.<br><br><\/p><h3>Newsletter<\/h3><p>Sie k\u00f6nnen unseren Newsletter \u00fcber unsere Website abonnieren. Daf\u00fcr ben\u00f6tigen wir Ihren Namen, Ihre E-Mail-Adresse und Ihre Zustimmung zum Erhalt des Newsletters.<br>Sie k\u00f6nnen Ihr Newsletter-Abonnement jederzeit k\u00fcndigen. Senden Sie Ihre Abmeldung bitte an folgende Adresse: <span style=\"text-decoration: underline;\"><a href=\"mailto:info@elastomeri.si\">info@elastomeri.si.<\/a><\/span> Wir werden Ihre Newsletter-bezogenen Daten dann umgehend l\u00f6schen.   <br><br><\/p><h3>Ihre Rechte<\/h3><p>Grunds\u00e4tzlich haben Sie das Recht auf Auskunft, Berichtigung, L\u00f6schung, Einschr\u00e4nkung der Verarbeitung, Daten\u00fcbertragbarkeit, Widerruf und Widerspruch. Wenn Sie der Ansicht sind, dass die Verarbeitung Ihrer Daten gegen das Datenschutzrecht verst\u00f6\u00dft oder Ihre Datenschutzrechte anderweitig verletzt wurden, k\u00f6nnen Sie eine Beschwerde bei einer Aufsichtsbeh\u00f6rde einreichen. <\/p><p>Sie haben das Recht, von <em>Elastomeri d.o.o.<\/em> Auskunft \u00fcber Ihre bei uns gespeicherten personenbezogenen Daten zu verlangen. Dar\u00fcber hinaus haben Sie das Recht, die Berichtigung, L\u00f6schung, Einschr\u00e4nkung oder Beendigung der Verarbeitung dieser Daten sowie die \u00dcbermittlung der gespeicherten Daten in einem geeigneten Format an Sie oder einen von Ihnen benannten Dritten zu verlangen. <\/p><p>Kann Ihre Anfrage nicht oder wird sie nicht innerhalb eines Monats nach Eingang bearbeitet, haben Sie das Recht, eine Beschwerde bei der Aufsichtsbeh\u00f6rde einzureichen. Die zust\u00e4ndige Aufsichtsbeh\u00f6rde ist der Informationsbeauftragte der Republik Slowenien.  <\/p><p>Sie k\u00f6nnen Ihre Anfragen per Post oder E-Mail an die folgenden Adressen senden:<\/p><p><em>Elastomeri d.o.o.<\/em><br><em>Be\u017eigrajska 4<\/em><br>3000 Celje<\/p><p>Bitte geben Sie Ihre Kontaktdaten, den Namen der betreffenden Website oder des betreffenden Dienstes sowie eine detaillierte Beschreibung Ihres Anliegens oder Wunsches in Bezug auf den Datenschutz an. <\/p><p>Bitte haben Sie Verst\u00e4ndnis daf\u00fcr, dass wir Ihnen zu Ihrem Schutz vor Anfragen oder Aufforderungen von unbefugten Dritten Informationen ausschlie\u00dflich schriftlich an die Postanschrift \u00fcbermitteln, die Sie auf den entsprechenden Portalen angegeben haben.<\/p>\t\t\t\t\t\t\t\t<\/div>\n\t\t\t\t\t<\/div>\n\t\t\t\t<\/div>\n\t\t\t\t<\/div>\n\t\t","protected":false},"excerpt":{"rendered":"<p>Datenschutzrichtlinie Erkl\u00e4rung der Informationspflicht Der Schutz Ihrer pers\u00f6nlichen Daten ist uns sehr wichtig. Wir verarbeiten Ihre Daten ausschlie\u00dflich auf Grundlage gesetzlicher Bestimmungen (Datenschutz-Grundverordnung \u2013 Verordnung (EU) 2016\/679, Bundesdatenschutzgesetz 2018, Telekommunikationsgesetz 2003). In dieser Datenschutzerkl\u00e4rung informieren wir Sie \u00fcber wichtige Aspekte der Datenverarbeitung im Rahmen unserer Website. Ihre Daten Erhebung und Verarbeitung Ihrer DatenDie Verarbeitung personenbezogener [&hellip;]<\/p>\n","protected":false},"author":3,"featured_media":0,"parent":0,"menu_order":0,"comment_status":"closed","ping_status":"closed","template":"","meta":{"_acf_changed":false,"inline_featured_image":false,"_monsterinsights_skip_tracking":false,"_monsterinsights_sitenote_active":false,"_monsterinsights_sitenote_note":"","_monsterinsights_sitenote_category":0,"footnotes":""},"class_list":["post-44947","page","type-page","status-publish","hentry"],"acf":[],"aioseo_notices":[],"_links":{"self":[{"href":"https:\/\/elastomeri.si\/de\/wp-json\/wp\/v2\/pages\/44947","targetHints":{"allow":["GET"]}}],"collection":[{"href":"https:\/\/elastomeri.si\/de\/wp-json\/wp\/v2\/pages"}],"about":[{"href":"https:\/\/elastomeri.si\/de\/wp-json\/wp\/v2\/types\/page"}],"author":[{"embeddable":true,"href":"https:\/\/elastomeri.si\/de\/wp-json\/wp\/v2\/users\/3"}],"replies":[{"embeddable":true,"href":"https:\/\/elastomeri.si\/de\/wp-json\/wp\/v2\/comments?post=44947"}],"version-history":[{"count":1,"href":"https:\/\/elastomeri.si\/de\/wp-json\/wp\/v2\/pages\/44947\/revisions"}],"predecessor-version":[{"id":44948,"href":"https:\/\/elastomeri.si\/de\/wp-json\/wp\/v2\/pages\/44947\/revisions\/44948"}],"wp:attachment":[{"href":"https:\/\/elastomeri.si\/de\/wp-json\/wp\/v2\/media?parent=44947"}],"curies":[{"name":"wp","href":"https:\/\/api.w.org\/{rel}","templated":true}]}}