{"id":44941,"date":"2025-10-21T09:45:55","date_gmt":"2025-10-21T07:45:55","guid":{"rendered":"https:\/\/elastomeri.click.si\/haeufig-gestellte-fragen\/"},"modified":"2026-01-14T15:47:39","modified_gmt":"2026-01-14T14:47:39","slug":"haeufig-gestellte-fragen","status":"publish","type":"page","link":"https:\/\/elastomeri.si\/de\/haeufig-gestellte-fragen\/","title":{"rendered":"H\u00e4ufig gestellte Fragen"},"content":{"rendered":"\t\t<div data-elementor-type=\"wp-page\" data-elementor-id=\"44941\" class=\"elementor elementor-44941 elementor-44480\" data-elementor-post-type=\"page\">\n\t\t\t\t<div class=\"elementor-element elementor-element-d8ac11b e-flex e-con-boxed e-con e-parent\" data-id=\"d8ac11b\" data-element_type=\"container\" data-e-type=\"container\">\n\t\t\t\t\t<div class=\"e-con-inner\">\n\t\t\t\t\t<\/div>\n\t\t\t\t<\/div>\n\t\t<div class=\"elementor-element elementor-element-962a3e7 e-flex e-con-boxed e-con e-parent\" data-id=\"962a3e7\" data-element_type=\"container\" data-e-type=\"container\">\n\t\t\t\t\t<div class=\"e-con-inner\">\n\t\t<div class=\"elementor-element elementor-element-4defcb5 e-con-full e-flex e-con e-child\" data-id=\"4defcb5\" data-element_type=\"container\" data-e-type=\"container\">\n\t\t\t\t<div class=\"elementor-element elementor-element-d7343b7 elementor-widget elementor-widget-n-accordion\" data-id=\"d7343b7\" data-element_type=\"widget\" data-e-type=\"widget\" data-settings=\"{&quot;default_state&quot;:&quot;expanded&quot;,&quot;max_items_expended&quot;:&quot;one&quot;,&quot;n_accordion_animation_duration&quot;:{&quot;unit&quot;:&quot;ms&quot;,&quot;size&quot;:400,&quot;sizes&quot;:[]}}\" data-widget_type=\"nested-accordion.default\">\n\t\t\t\t\t\t\t<div class=\"e-n-accordion\" aria-label=\"Accordion. Open links with Enter or Space, close with Escape, and navigate with Arrow Keys\">\n\t\t\t\t\t\t<details id=\"e-n-accordion-item-2250\" class=\"e-n-accordion-item\" open>\n\t\t\t\t<summary class=\"e-n-accordion-item-title\" data-accordion-index=\"1\" tabindex=\"0\" aria-expanded=\"true\" aria-controls=\"e-n-accordion-item-2250\" >\n\t\t\t\t\t<span class='e-n-accordion-item-title-header'><div class=\"e-n-accordion-item-title-text\"> Welche Materialien verwenden Sie? <\/div><\/span>\n\t\t\t\t\t\t\t<span class='e-n-accordion-item-title-icon'>\n\t\t\t<span class='e-opened' ><svg xmlns=\"http:\/\/www.w3.org\/2000\/svg\" width=\"24\" height=\"24\" viewBox=\"0 0 24 24\" fill=\"none\"><g clip-path=\"url(#clip0_7_434)\"><path d=\"M6 12H18\" stroke=\"white\" stroke-linecap=\"round\" stroke-linejoin=\"round\"><\/path><\/g><defs><clipPath id=\"clip0_7_434\"><rect width=\"24\" height=\"24\" fill=\"white\"><\/rect><\/clipPath><\/defs><\/svg><\/span>\n\t\t\t<span class='e-closed'><svg xmlns=\"http:\/\/www.w3.org\/2000\/svg\" width=\"24\" height=\"24\" viewBox=\"0 0 24 24\" fill=\"none\"><g clip-path=\"url(#clip0_7_453)\"><path d=\"M12 6V18\" stroke=\"white\" stroke-linecap=\"round\" stroke-linejoin=\"round\"><\/path><path d=\"M6 12H18\" stroke=\"white\" stroke-linecap=\"round\" stroke-linejoin=\"round\"><\/path><\/g><defs><clipPath id=\"clip0_7_453\"><rect width=\"24\" height=\"24\" fill=\"white\"><\/rect><\/clipPath><\/defs><\/svg><\/span>\n\t\t<\/span>\n\n\t\t\t\t\t\t<\/summary>\n\t\t\t\t<div role=\"region\" aria-labelledby=\"e-n-accordion-item-2250\" class=\"elementor-element elementor-element-31605d8 e-con-full e-flex e-con e-child\" data-id=\"31605d8\" data-element_type=\"container\" data-e-type=\"container\">\n\t\t\t\t<div class=\"elementor-element elementor-element-da7b270 elementor-widget elementor-widget-text-editor\" data-id=\"da7b270\" data-element_type=\"widget\" data-e-type=\"widget\" data-widget_type=\"text-editor.default\">\n\t\t\t\t\t\t\t\t\t<p>Wir verwenden unterschiedliche Materialqualit\u00e4ten, abgestimmt auf den Verwendungszweck und die Anforderungen des Produkts. Es stehen verschiedene Gummisorten zur Verf\u00fcgung (NBR, X-NBR, SBR, EPDM, auch lebensmittelechter Gummi mit FDA-Zertifikat), Silikon und Polyurethan. Bei speziellen Anforderungen bieten wir Ihnen zudem individuell zugeschnittene L\u00f6sungen hinsichtlich Materialwahl.<\/p>\t\t\t\t\t\t\t\t<\/div>\n\t\t\t\t<\/div>\n\t\t\t\t\t<\/details>\n\t\t\t\t\t\t<details id=\"e-n-accordion-item-2251\" class=\"e-n-accordion-item\" >\n\t\t\t\t<summary class=\"e-n-accordion-item-title\" data-accordion-index=\"2\" tabindex=\"-1\" aria-expanded=\"false\" aria-controls=\"e-n-accordion-item-2251\" >\n\t\t\t\t\t<span class='e-n-accordion-item-title-header'><div class=\"e-n-accordion-item-title-text\"> Kann eine Rolle aus dem Katalog mit einer anderen Gummih\u00e4rte ausgef\u00fchrt werden? <\/div><\/span>\n\t\t\t\t\t\t\t<span class='e-n-accordion-item-title-icon'>\n\t\t\t<span class='e-opened' ><svg xmlns=\"http:\/\/www.w3.org\/2000\/svg\" width=\"24\" height=\"24\" viewBox=\"0 0 24 24\" fill=\"none\"><g clip-path=\"url(#clip0_7_434)\"><path d=\"M6 12H18\" stroke=\"white\" stroke-linecap=\"round\" stroke-linejoin=\"round\"><\/path><\/g><defs><clipPath id=\"clip0_7_434\"><rect width=\"24\" height=\"24\" fill=\"white\"><\/rect><\/clipPath><\/defs><\/svg><\/span>\n\t\t\t<span class='e-closed'><svg xmlns=\"http:\/\/www.w3.org\/2000\/svg\" width=\"24\" height=\"24\" viewBox=\"0 0 24 24\" fill=\"none\"><g clip-path=\"url(#clip0_7_453)\"><path d=\"M12 6V18\" stroke=\"white\" stroke-linecap=\"round\" stroke-linejoin=\"round\"><\/path><path d=\"M6 12H18\" stroke=\"white\" stroke-linecap=\"round\" stroke-linejoin=\"round\"><\/path><\/g><defs><clipPath id=\"clip0_7_453\"><rect width=\"24\" height=\"24\" fill=\"white\"><\/rect><\/clipPath><\/defs><\/svg><\/span>\n\t\t<\/span>\n\n\t\t\t\t\t\t<\/summary>\n\t\t\t\t<div role=\"region\" aria-labelledby=\"e-n-accordion-item-2251\" class=\"elementor-element elementor-element-f28da9d e-con-full e-flex e-con e-child\" data-id=\"f28da9d\" data-element_type=\"container\" data-e-type=\"container\">\n\t\t\t\t<div class=\"elementor-element elementor-element-3a46242 elementor-widget elementor-widget-text-editor\" data-id=\"3a46242\" data-element_type=\"widget\" data-e-type=\"widget\" data-widget_type=\"text-editor.default\">\n\t\t\t\t\t\t\t\t\t<p>Ja, jede Rolle oder Walze kann mit unterschiedlicher H\u00e4rte oder Gummiqualit\u00e4t hergestellt werden, ganz nach Ihren Bed\u00fcrfnissen.<\/p>\t\t\t\t\t\t\t\t<\/div>\n\t\t\t\t<\/div>\n\t\t\t\t\t<\/details>\n\t\t\t\t\t\t<details id=\"e-n-accordion-item-2252\" class=\"e-n-accordion-item\" >\n\t\t\t\t<summary class=\"e-n-accordion-item-title\" data-accordion-index=\"3\" tabindex=\"-1\" aria-expanded=\"false\" aria-controls=\"e-n-accordion-item-2252\" >\n\t\t\t\t\t<span class='e-n-accordion-item-title-header'><div class=\"e-n-accordion-item-title-text\"> Wie lange sind die Lieferzeiten f\u00fcr die Rollen aus dem Katalog? <\/div><\/span>\n\t\t\t\t\t\t\t<span class='e-n-accordion-item-title-icon'>\n\t\t\t<span class='e-opened' ><svg xmlns=\"http:\/\/www.w3.org\/2000\/svg\" width=\"24\" height=\"24\" viewBox=\"0 0 24 24\" fill=\"none\"><g clip-path=\"url(#clip0_7_434)\"><path d=\"M6 12H18\" stroke=\"white\" stroke-linecap=\"round\" stroke-linejoin=\"round\"><\/path><\/g><defs><clipPath id=\"clip0_7_434\"><rect width=\"24\" height=\"24\" fill=\"white\"><\/rect><\/clipPath><\/defs><\/svg><\/span>\n\t\t\t<span class='e-closed'><svg xmlns=\"http:\/\/www.w3.org\/2000\/svg\" width=\"24\" height=\"24\" viewBox=\"0 0 24 24\" fill=\"none\"><g clip-path=\"url(#clip0_7_453)\"><path d=\"M12 6V18\" stroke=\"white\" stroke-linecap=\"round\" stroke-linejoin=\"round\"><\/path><path d=\"M6 12H18\" stroke=\"white\" stroke-linecap=\"round\" stroke-linejoin=\"round\"><\/path><\/g><defs><clipPath id=\"clip0_7_453\"><rect width=\"24\" height=\"24\" fill=\"white\"><\/rect><\/clipPath><\/defs><\/svg><\/span>\n\t\t<\/span>\n\n\t\t\t\t\t\t<\/summary>\n\t\t\t\t<div role=\"region\" aria-labelledby=\"e-n-accordion-item-2252\" class=\"elementor-element elementor-element-fb63146 e-con-full e-flex e-con e-child\" data-id=\"fb63146\" data-element_type=\"container\" data-e-type=\"container\">\n\t\t\t\t<div class=\"elementor-element elementor-element-9da98ab elementor-widget elementor-widget-text-editor\" data-id=\"9da98ab\" data-element_type=\"widget\" data-e-type=\"widget\" data-widget_type=\"text-editor.default\">\n\t\t\t\t\t\t\t\t\t<p>Wir haben eine gro\u00dfe Auswahl an gummierten und verzahnten Rollen f\u00fcr verschiedene Holzbearbeitungsmaschinen auf Lager.<\/p><p>Falls ein Produkt aus unserem Katalogprogramm derzeit nicht vorr\u00e4tig ist, gelten folgende \u00fcbliche Lieferzeiten:<\/p><ul><li>Gummirollen und Silikonrollen: <strong>3\u20135 Arbeitstage<\/strong><\/li><li>Neugummierungen von Walzen: <strong>5\u20137 Arbeitstage<\/strong><\/li><li>Geh\u00e4rtete Stahlrollen: <strong>1\u20132 Arbeitswochen<\/strong><\/li><li>Verchromte Stahlrollen: <strong>2\u20133 Arbeitswochen<\/strong><\/li><\/ul>\t\t\t\t\t\t\t\t<\/div>\n\t\t\t\t<\/div>\n\t\t\t\t\t<\/details>\n\t\t\t\t\t\t<details id=\"e-n-accordion-item-2253\" class=\"e-n-accordion-item\" >\n\t\t\t\t<summary class=\"e-n-accordion-item-title\" data-accordion-index=\"4\" tabindex=\"-1\" aria-expanded=\"false\" aria-controls=\"e-n-accordion-item-2253\" >\n\t\t\t\t\t<span class='e-n-accordion-item-title-header'><div class=\"e-n-accordion-item-title-text\"> Stellen Sie auch Sonderanfertigungen von Walzen und Rollen her und wie lange ist die Lieferzeit? <\/div><\/span>\n\t\t\t\t\t\t\t<span class='e-n-accordion-item-title-icon'>\n\t\t\t<span class='e-opened' ><svg xmlns=\"http:\/\/www.w3.org\/2000\/svg\" width=\"24\" height=\"24\" viewBox=\"0 0 24 24\" fill=\"none\"><g clip-path=\"url(#clip0_7_434)\"><path d=\"M6 12H18\" stroke=\"white\" stroke-linecap=\"round\" stroke-linejoin=\"round\"><\/path><\/g><defs><clipPath id=\"clip0_7_434\"><rect width=\"24\" height=\"24\" fill=\"white\"><\/rect><\/clipPath><\/defs><\/svg><\/span>\n\t\t\t<span class='e-closed'><svg xmlns=\"http:\/\/www.w3.org\/2000\/svg\" width=\"24\" height=\"24\" viewBox=\"0 0 24 24\" fill=\"none\"><g clip-path=\"url(#clip0_7_453)\"><path d=\"M12 6V18\" stroke=\"white\" stroke-linecap=\"round\" stroke-linejoin=\"round\"><\/path><path d=\"M6 12H18\" stroke=\"white\" stroke-linecap=\"round\" stroke-linejoin=\"round\"><\/path><\/g><defs><clipPath id=\"clip0_7_453\"><rect width=\"24\" height=\"24\" fill=\"white\"><\/rect><\/clipPath><\/defs><\/svg><\/span>\n\t\t<\/span>\n\n\t\t\t\t\t\t<\/summary>\n\t\t\t\t<div role=\"region\" aria-labelledby=\"e-n-accordion-item-2253\" class=\"elementor-element elementor-element-5ab31c7 e-con-full e-flex e-con e-child\" data-id=\"5ab31c7\" data-element_type=\"container\" data-e-type=\"container\">\n\t\t\t\t<div class=\"elementor-element elementor-element-33f32be elementor-widget elementor-widget-text-editor\" data-id=\"33f32be\" data-element_type=\"widget\" data-e-type=\"widget\" data-widget_type=\"text-editor.default\">\n\t\t\t\t\t\t\t\t\t<p>Ja, wir fertigen auch Walzen und Rollen nach Bestellung oder nach Muster.<\/p><p>Die Lieferzeiten f\u00fcr Sonderanfertigungen sind:<\/p><ul><li>Gummirollen: 2 Arbeitswochen<\/li><li>Geh\u00e4rtete Stahlrollen: 1\u20132 Arbeitswochen<\/li><li>zus\u00e4tzlich verchromte Stahlrollen: 2\u20133 Arbeitswochen<\/li><li>neue Walzen: nach Vereinbarung<\/li><\/ul>\t\t\t\t\t\t\t\t<\/div>\n\t\t\t\t<\/div>\n\t\t\t\t\t<\/details>\n\t\t\t\t\t\t<details id=\"e-n-accordion-item-2254\" class=\"e-n-accordion-item\" >\n\t\t\t\t<summary class=\"e-n-accordion-item-title\" data-accordion-index=\"5\" tabindex=\"-1\" aria-expanded=\"false\" aria-controls=\"e-n-accordion-item-2254\" >\n\t\t\t\t\t<span class='e-n-accordion-item-title-header'><div class=\"e-n-accordion-item-title-text\"> Ist es m\u00f6glich, auch nur eine einzelne Rolle oder Walze herzustellen? <\/div><\/span>\n\t\t\t\t\t\t\t<span class='e-n-accordion-item-title-icon'>\n\t\t\t<span class='e-opened' ><svg xmlns=\"http:\/\/www.w3.org\/2000\/svg\" width=\"24\" height=\"24\" viewBox=\"0 0 24 24\" fill=\"none\"><g clip-path=\"url(#clip0_7_434)\"><path d=\"M6 12H18\" stroke=\"white\" stroke-linecap=\"round\" stroke-linejoin=\"round\"><\/path><\/g><defs><clipPath id=\"clip0_7_434\"><rect width=\"24\" height=\"24\" fill=\"white\"><\/rect><\/clipPath><\/defs><\/svg><\/span>\n\t\t\t<span class='e-closed'><svg xmlns=\"http:\/\/www.w3.org\/2000\/svg\" width=\"24\" height=\"24\" viewBox=\"0 0 24 24\" fill=\"none\"><g clip-path=\"url(#clip0_7_453)\"><path d=\"M12 6V18\" stroke=\"white\" stroke-linecap=\"round\" stroke-linejoin=\"round\"><\/path><path d=\"M6 12H18\" stroke=\"white\" stroke-linecap=\"round\" stroke-linejoin=\"round\"><\/path><\/g><defs><clipPath id=\"clip0_7_453\"><rect width=\"24\" height=\"24\" fill=\"white\"><\/rect><\/clipPath><\/defs><\/svg><\/span>\n\t\t<\/span>\n\n\t\t\t\t\t\t<\/summary>\n\t\t\t\t<div role=\"region\" aria-labelledby=\"e-n-accordion-item-2254\" class=\"elementor-element elementor-element-5936c66 e-con-full e-flex e-con e-child\" data-id=\"5936c66\" data-element_type=\"container\" data-e-type=\"container\">\n\t\t\t\t<div class=\"elementor-element elementor-element-369464b elementor-widget elementor-widget-text-editor\" data-id=\"369464b\" data-element_type=\"widget\" data-e-type=\"widget\" data-widget_type=\"text-editor.default\">\n\t\t\t\t\t\t\t\t\t<p>Ja, wir fertigen problemlos Einzelst\u00fccke, Kleinserien oder gr\u00f6\u00dfere Mengen. Unabh\u00e4ngig von der Gr\u00f6\u00dfe Ihres Auftrags erhalten Sie von uns stets dieselbe professionelle Beratung, pr\u00e4zise Fertigung und individuelle Betreuung. <\/p>\t\t\t\t\t\t\t\t<\/div>\n\t\t\t\t<\/div>\n\t\t\t\t\t<\/details>\n\t\t\t\t\t\t<details id=\"e-n-accordion-item-2255\" class=\"e-n-accordion-item\" >\n\t\t\t\t<summary class=\"e-n-accordion-item-title\" data-accordion-index=\"6\" tabindex=\"-1\" aria-expanded=\"false\" aria-controls=\"e-n-accordion-item-2255\" >\n\t\t\t\t\t<span class='e-n-accordion-item-title-header'><div class=\"e-n-accordion-item-title-text\"> Sind Produktr\u00fcckgaben und Umtausch m\u00f6glich? <\/div><\/span>\n\t\t\t\t\t\t\t<span class='e-n-accordion-item-title-icon'>\n\t\t\t<span class='e-opened' ><svg xmlns=\"http:\/\/www.w3.org\/2000\/svg\" width=\"24\" height=\"24\" viewBox=\"0 0 24 24\" fill=\"none\"><g clip-path=\"url(#clip0_7_434)\"><path d=\"M6 12H18\" stroke=\"white\" stroke-linecap=\"round\" stroke-linejoin=\"round\"><\/path><\/g><defs><clipPath id=\"clip0_7_434\"><rect width=\"24\" height=\"24\" fill=\"white\"><\/rect><\/clipPath><\/defs><\/svg><\/span>\n\t\t\t<span class='e-closed'><svg xmlns=\"http:\/\/www.w3.org\/2000\/svg\" width=\"24\" height=\"24\" viewBox=\"0 0 24 24\" fill=\"none\"><g clip-path=\"url(#clip0_7_453)\"><path d=\"M12 6V18\" stroke=\"white\" stroke-linecap=\"round\" stroke-linejoin=\"round\"><\/path><path d=\"M6 12H18\" stroke=\"white\" stroke-linecap=\"round\" stroke-linejoin=\"round\"><\/path><\/g><defs><clipPath id=\"clip0_7_453\"><rect width=\"24\" height=\"24\" fill=\"white\"><\/rect><\/clipPath><\/defs><\/svg><\/span>\n\t\t<\/span>\n\n\t\t\t\t\t\t<\/summary>\n\t\t\t\t<div role=\"region\" aria-labelledby=\"e-n-accordion-item-2255\" class=\"elementor-element elementor-element-be5361a e-con-full e-flex e-con e-child\" data-id=\"be5361a\" data-element_type=\"container\" data-e-type=\"container\">\n\t\t\t\t<div class=\"elementor-element elementor-element-a6e0705 elementor-widget elementor-widget-text-editor\" data-id=\"a6e0705\" data-element_type=\"widget\" data-e-type=\"widget\" data-widget_type=\"text-editor.default\">\n\t\t\t\t\t\t\t\t\t<p>R\u00fcckgabe und Umtausch sind nur f\u00fcr Standardprodukte aus unserem Katalog und unserer Preisliste m\u00f6glich (gilt nicht f\u00fcr Sonderanfertigungen). Unbenutzte und unbesch\u00e4digte Standardprodukte k\u00f6nnen innerhalb von 14 Tagen ab Lieferdatum zur\u00fcckgegeben werden. <\/p>\t\t\t\t\t\t\t\t<\/div>\n\t\t\t\t<\/div>\n\t\t\t\t\t<\/details>\n\t\t\t\t\t\t<details id=\"e-n-accordion-item-2256\" class=\"e-n-accordion-item\" >\n\t\t\t\t<summary class=\"e-n-accordion-item-title\" data-accordion-index=\"7\" tabindex=\"-1\" aria-expanded=\"false\" aria-controls=\"e-n-accordion-item-2256\" >\n\t\t\t\t\t<span class='e-n-accordion-item-title-header'><div class=\"e-n-accordion-item-title-text\"> In welche L\u00e4nder versenden Sie bestellte Produkte? <\/div><\/span>\n\t\t\t\t\t\t\t<span class='e-n-accordion-item-title-icon'>\n\t\t\t<span class='e-opened' ><svg xmlns=\"http:\/\/www.w3.org\/2000\/svg\" width=\"24\" height=\"24\" viewBox=\"0 0 24 24\" fill=\"none\"><g clip-path=\"url(#clip0_7_434)\"><path d=\"M6 12H18\" stroke=\"white\" stroke-linecap=\"round\" stroke-linejoin=\"round\"><\/path><\/g><defs><clipPath id=\"clip0_7_434\"><rect width=\"24\" height=\"24\" fill=\"white\"><\/rect><\/clipPath><\/defs><\/svg><\/span>\n\t\t\t<span class='e-closed'><svg xmlns=\"http:\/\/www.w3.org\/2000\/svg\" width=\"24\" height=\"24\" viewBox=\"0 0 24 24\" fill=\"none\"><g clip-path=\"url(#clip0_7_453)\"><path d=\"M12 6V18\" stroke=\"white\" stroke-linecap=\"round\" stroke-linejoin=\"round\"><\/path><path d=\"M6 12H18\" stroke=\"white\" stroke-linecap=\"round\" stroke-linejoin=\"round\"><\/path><\/g><defs><clipPath id=\"clip0_7_453\"><rect width=\"24\" height=\"24\" fill=\"white\"><\/rect><\/clipPath><\/defs><\/svg><\/span>\n\t\t<\/span>\n\n\t\t\t\t\t\t<\/summary>\n\t\t\t\t<div role=\"region\" aria-labelledby=\"e-n-accordion-item-2256\" class=\"elementor-element elementor-element-ffec75c e-con-full e-flex e-con e-child\" data-id=\"ffec75c\" data-element_type=\"container\" data-e-type=\"container\">\n\t\t\t\t<div class=\"elementor-element elementor-element-5680b41 elementor-widget elementor-widget-text-editor\" data-id=\"5680b41\" data-element_type=\"widget\" data-e-type=\"widget\" data-widget_type=\"text-editor.default\">\n\t\t\t\t\t\t\t\t\t<p>Wir versenden Produkte weltweit. Wir arbeiten mit zuverl\u00e4ssigen Versanddienstleistern wie GLS, DHL, FedEx und anderen zusammen. <\/p>\t\t\t\t\t\t\t\t<\/div>\n\t\t\t\t<\/div>\n\t\t\t\t\t<\/details>\n\t\t\t\t\t\t<details id=\"e-n-accordion-item-2257\" class=\"e-n-accordion-item\" >\n\t\t\t\t<summary class=\"e-n-accordion-item-title\" data-accordion-index=\"8\" tabindex=\"-1\" aria-expanded=\"false\" aria-controls=\"e-n-accordion-item-2257\" >\n\t\t\t\t\t<span class='e-n-accordion-item-title-header'><div class=\"e-n-accordion-item-title-text\"> Wie werde ich B2B-Kunde? <\/div><\/span>\n\t\t\t\t\t\t\t<span class='e-n-accordion-item-title-icon'>\n\t\t\t<span class='e-opened' ><svg xmlns=\"http:\/\/www.w3.org\/2000\/svg\" width=\"24\" height=\"24\" viewBox=\"0 0 24 24\" fill=\"none\"><g clip-path=\"url(#clip0_7_434)\"><path d=\"M6 12H18\" stroke=\"white\" stroke-linecap=\"round\" stroke-linejoin=\"round\"><\/path><\/g><defs><clipPath id=\"clip0_7_434\"><rect width=\"24\" height=\"24\" fill=\"white\"><\/rect><\/clipPath><\/defs><\/svg><\/span>\n\t\t\t<span class='e-closed'><svg xmlns=\"http:\/\/www.w3.org\/2000\/svg\" width=\"24\" height=\"24\" viewBox=\"0 0 24 24\" fill=\"none\"><g clip-path=\"url(#clip0_7_453)\"><path d=\"M12 6V18\" stroke=\"white\" stroke-linecap=\"round\" stroke-linejoin=\"round\"><\/path><path d=\"M6 12H18\" stroke=\"white\" stroke-linecap=\"round\" stroke-linejoin=\"round\"><\/path><\/g><defs><clipPath id=\"clip0_7_453\"><rect width=\"24\" height=\"24\" fill=\"white\"><\/rect><\/clipPath><\/defs><\/svg><\/span>\n\t\t<\/span>\n\n\t\t\t\t\t\t<\/summary>\n\t\t\t\t<div role=\"region\" aria-labelledby=\"e-n-accordion-item-2257\" class=\"elementor-element elementor-element-a285aa1 e-con-full e-flex e-con e-child\" data-id=\"a285aa1\" data-element_type=\"container\" data-e-type=\"container\">\n\t\t\t\t<div class=\"elementor-element elementor-element-37df3b8 elementor-widget elementor-widget-text-editor\" data-id=\"37df3b8\" data-element_type=\"widget\" data-e-type=\"widget\" data-widget_type=\"text-editor.default\">\n\t\t\t\t\t\t\t\t\t<div id=\"et-icon-box-450449\" class=\"et-icon-box et-item icon-position-top icon-alignment-left hover-transform\" data-parallax=\"false\" data-move=\"false\" data-coordinatex=\"0\" data-coordinatey=\"0\" data-speed=\"10\"><div class=\"et-icon-box-inner et-item-inner et-clearfix animate\"><div class=\"et-icon-content et-clearfix\"><p>Im Elastomeri-Onlineshop k\u00f6nnen Sie sich einfach und schnell f\u00fcr das B2B-Partnerprogramm anmelden. F\u00fcllen Sie das Anmeldeformular aus und warten Sie auf die Best\u00e4tigung des Unternehmens.<br>Folgen Sie den Anweisungen unter folgendem Link: <span style=\"text-decoration: underline;\"><a href=\"https:\/\/elastomeri.si\/de\/so-funktioniert-das-b2b-affiliate-programm\/\">B2B-Partnerprogramm<\/a><\/span> <\/p><\/div><\/div><\/div>\t\t\t\t\t\t\t\t<\/div>\n\t\t\t\t<\/div>\n\t\t\t\t\t<\/details>\n\t\t\t\t\t<\/div>\n\t\t\t\t\t\t<\/div>\n\t\t\t\t<\/div>\n\t\t<div class=\"elementor-element elementor-element-cab4d0b e-con-full e-flex e-con e-child\" data-id=\"cab4d0b\" data-element_type=\"container\" data-e-type=\"container\">\n\t\t\t\t<div class=\"elementor-element elementor-element-dddfb44 elementor-widget elementor-widget-image\" data-id=\"dddfb44\" data-element_type=\"widget\" data-e-type=\"widget\" data-widget_type=\"image.default\">\n\t\t\t\t\t\t\t\t\t\t\t\t\t\t\t<img fetchpriority=\"high\" decoding=\"async\" width=\"800\" height=\"600\" src=\"https:\/\/elastomeri.si\/wp-content\/uploads\/2025\/10\/Foto-Pogosta-vprasanja-1024x768.jpg\" class=\"attachment-large size-large wp-image-44540\" alt=\"\" srcset=\"https:\/\/elastomeri.si\/wp-content\/uploads\/2025\/10\/Foto-Pogosta-vprasanja-1024x768.jpg 1024w, https:\/\/elastomeri.si\/wp-content\/uploads\/2025\/10\/Foto-Pogosta-vprasanja-300x225.jpg 300w, https:\/\/elastomeri.si\/wp-content\/uploads\/2025\/10\/Foto-Pogosta-vprasanja-600x450.jpg 600w, https:\/\/elastomeri.si\/wp-content\/uploads\/2025\/10\/Foto-Pogosta-vprasanja-768x576.jpg 768w, https:\/\/elastomeri.si\/wp-content\/uploads\/2025\/10\/Foto-Pogosta-vprasanja.jpg 1210w\" sizes=\"(max-width: 800px) 100vw, 800px\" \/>\t\t\t\t\t\t\t\t\t\t\t\t\t\t\t<\/div>\n\t\t<div class=\"elementor-element elementor-element-5b64ec9 e-con-full e-flex e-con e-child\" data-id=\"5b64ec9\" data-element_type=\"container\" data-e-type=\"container\">\n\t\t\t\t<div class=\"elementor-element elementor-element-cf5bc09 elementor-widget elementor-widget-heading\" data-id=\"cf5bc09\" data-element_type=\"widget\" data-e-type=\"widget\" data-widget_type=\"heading.default\">\n\t\t\t\t\t<div class=\"elementor-heading-title elementor-size-default\">Haben Sie noch weitere Fragen an uns? <\/div>\t\t\t\t<\/div>\n\t\t\t\t<div class=\"elementor-element elementor-element-0b700f3 elementor-widget elementor-widget-button\" data-id=\"0b700f3\" data-element_type=\"widget\" data-e-type=\"widget\" data-widget_type=\"button.default\">\n\t\t\t\t\t\t\t\t\t\t<a class=\"elementor-button elementor-button-link elementor-size-sm\" href=\"https:\/\/elastomeri.si\/de\/kontakt\/\">\n\t\t\t\t\t\t<span class=\"elementor-button-content-wrapper\">\n\t\t\t\t\t\t\t\t\t<span class=\"elementor-button-text\">Schreiben Sie uns<\/span>\n\t\t\t\t\t<\/span>\n\t\t\t\t\t<\/a>\n\t\t\t\t\t\t\t\t<\/div>\n\t\t\t\t<\/div>\n\t\t\t\t<\/div>\n\t\t\t\t\t<\/div>\n\t\t\t\t<\/div>\n\t\t\t\t<\/div>\n\t\t","protected":false},"excerpt":{"rendered":"<p>Welche Materialien verwenden Sie? Wir verwenden unterschiedliche Materialqualit\u00e4ten, abgestimmt auf den Verwendungszweck und die Anforderungen des Produkts. Es stehen verschiedene Gummisorten zur Verf\u00fcgung (NBR, X-NBR, SBR, EPDM, auch lebensmittelechter Gummi mit FDA-Zertifikat), Silikon und Polyurethan. Bei speziellen Anforderungen bieten wir Ihnen zudem individuell zugeschnittene L\u00f6sungen hinsichtlich Materialwahl. Kann eine Rolle aus dem Katalog mit einer [&hellip;]<\/p>\n","protected":false},"author":1,"featured_media":0,"parent":0,"menu_order":0,"comment_status":"closed","ping_status":"closed","template":"","meta":{"_acf_changed":false,"inline_featured_image":false,"_monsterinsights_skip_tracking":false,"_monsterinsights_sitenote_active":false,"_monsterinsights_sitenote_note":"","_monsterinsights_sitenote_category":0,"footnotes":""},"class_list":["post-44941","page","type-page","status-publish","hentry"],"acf":[],"aioseo_notices":[],"_links":{"self":[{"href":"https:\/\/elastomeri.si\/de\/wp-json\/wp\/v2\/pages\/44941","targetHints":{"allow":["GET"]}}],"collection":[{"href":"https:\/\/elastomeri.si\/de\/wp-json\/wp\/v2\/pages"}],"about":[{"href":"https:\/\/elastomeri.si\/de\/wp-json\/wp\/v2\/types\/page"}],"author":[{"embeddable":true,"href":"https:\/\/elastomeri.si\/de\/wp-json\/wp\/v2\/users\/1"}],"replies":[{"embeddable":true,"href":"https:\/\/elastomeri.si\/de\/wp-json\/wp\/v2\/comments?post=44941"}],"version-history":[{"count":14,"href":"https:\/\/elastomeri.si\/de\/wp-json\/wp\/v2\/pages\/44941\/revisions"}],"predecessor-version":[{"id":46244,"href":"https:\/\/elastomeri.si\/de\/wp-json\/wp\/v2\/pages\/44941\/revisions\/46244"}],"wp:attachment":[{"href":"https:\/\/elastomeri.si\/de\/wp-json\/wp\/v2\/media?parent=44941"}],"curies":[{"name":"wp","href":"https:\/\/api.w.org\/{rel}","templated":true}]}}