{"id":44939,"date":"2025-07-04T13:12:59","date_gmt":"2025-07-04T11:12:59","guid":{"rendered":"https:\/\/elastomeri.click.si\/geschaeftsbedingungen\/"},"modified":"2026-01-15T11:38:03","modified_gmt":"2026-01-15T10:38:03","slug":"geschaeftsbedingungen","status":"publish","type":"page","link":"https:\/\/elastomeri.si\/de\/geschaeftsbedingungen\/","title":{"rendered":"Gesch\u00e4ftsbedingungen"},"content":{"rendered":"\t\t<div data-elementor-type=\"wp-page\" data-elementor-id=\"44939\" class=\"elementor elementor-44939 elementor-23996\" data-elementor-post-type=\"page\">\n\t\t\t\t<div class=\"elementor-element elementor-element-e869ab1 e-flex e-con-boxed e-con e-parent\" data-id=\"e869ab1\" data-element_type=\"container\" data-e-type=\"container\">\n\t\t\t\t\t<div class=\"e-con-inner\">\n\t\t\t\t<div class=\"elementor-element elementor-element-c24a7f7 elementor-widget elementor-widget-heading\" data-id=\"c24a7f7\" data-element_type=\"widget\" data-e-type=\"widget\" data-widget_type=\"heading.default\">\n\t\t\t\t\t<h1 class=\"elementor-heading-title elementor-size-default\">Allgemeine Gesch\u00e4ftsbedingungen<\/h1>\t\t\t\t<\/div>\n\t\t\t\t<div class=\"elementor-element elementor-element-d0143ad elementor-widget elementor-widget-text-editor\" data-id=\"d0143ad\" data-element_type=\"widget\" data-e-type=\"widget\" data-widget_type=\"text-editor.default\">\n\t\t\t\t\t\t\t\t\t<p>Die Allgemeinen Gesch\u00e4ftsbedingungen (AGB) des ELASTOMERI-Onlineshops (<span style=\"text-decoration: underline;\"><a href=\"https:\/\/elastomeri.si\">https:\/\/elastomeri.si<\/a><\/span>) regeln die Gesch\u00e4fts- und Vertragsbeziehung zwischen dem ELASTOMERI-Onlineshop und seinen Besuchern bzw. Kunden. Sie wurden gem\u00e4\u00df dem Verbraucherschutzgesetz, dem Gesetz \u00fcber elektronische Kommunikation und dem Datenschutzgesetz erstellt.<br>Der ELASTOMERI-Onlineshop (nachfolgend \u201eOnlineshop\u201c genannt) wird von der Firma Elastomeri d.o.o., Celje, Be\u017eigrajska cesta 4, 3000 Celje, Steuernummer: SI56652046 (in diesen AGB auch \u201eELASTOMERI\u201c genannt) betrieben. Weitere Informationen zum Unternehmen finden Sie unter: <a href=\"https:\/\/elastomeri.si\"><span style=\"text-decoration: underline;\">https:\/\/elastomeri.si.<\/span><\/a>    <\/p><p>Alle Bestellungen, K\u00e4ufe und sonstigen Dienstleistungen, die \u00fcber den Online-Shop in Auftrag gegeben werden, unterliegen ausschlie\u00dflich diesen AGB. Sie k\u00f6nnen die AGB jederzeit ausw\u00e4hlen, ausdrucken und als PDF speichern. Sie befinden sich am Ende der Website.<\/p><p>Sie k\u00f6nnen die Allgemeinen Gesch\u00e4ftsbedingungen f\u00fcr den Online-Shop jederzeit ausw\u00e4hlen, ausdrucken und als PDF speichern. Sie finden diese am Ende der Webseite. <\/p><h3><strong><br>Benutzerunterst\u00fctzung \u2013 Kontakte<\/strong><\/h3><p>Wenn Sie allgemeine Informationen zu Online-Bestellungen, Online-Lieferungen oder R\u00fccksendungen sowie zur Nutzung der Website ben\u00f6tigen, k\u00f6nnen Sie sich an unsere Mitarbeiter wenden:<\/p><p>E-Mail: <span style=\"text-decoration: underline;\"><a href=\"mailto:info@elastomeri.si\">info@elastomeri.si<\/a><br><\/span>Telefon: <a href=\"tel:+386%203%20428%2028%2028\"><span style=\"text-decoration: underline;\">+386 3 428 28 28<\/span><\/a>, <br>\u00d6ffnungszeiten: Mo\u2013Do: 07:00\u201316:30, Fr: 07:00\u201315:00<\/p><h3> <\/h3><h3><strong>Preise<\/strong><\/h3><p>Alle Produktpreise im Online-Shop sind in Euro (EUR) angegeben und verstehen sich zuz\u00fcglich Mehrwertsteuer. Die auf der Website <span style=\"text-decoration: underline;\"><a href=\"https:\/\/elastomeri.si\">https:\/\/elastomeri.si<\/a><\/span>, angezeigten Preise k\u00f6nnen sich ohne vorherige Ank\u00fcndigung \u00e4ndern. Die Preise gelten zum Zeitpunkt der Bestellung und haben keine festgelegte G\u00fcltigkeitsdauer.  <\/p><p>Sollte sich der Preis eines Artikels w\u00e4hrend der Bestellabwicklung \u00e4ndern, verpflichtet sich der Anbieter, eine f\u00fcr beide Parteien zufriedenstellende L\u00f6sung zu finden. Andernfalls kann der K\u00e4ufer vom Kauf zur\u00fccktreten. <\/p><h3><strong><br>Login oder Registrierung <\/strong><\/h3><p>Produkte im Online-Shop k\u00f6nnen als Gast (ohne Benutzerkonto) oder als registrierter Kunde (mit Benutzerkonto) erworben werden. Beide werden im Folgenden als \u201eKunde\u201c bezeichnet.<br>Sowohl registrierte Kunden als auch G\u00e4ste m\u00fcssen den AGB sowie der Verarbeitung ihrer personenbezogenen Daten zustimmen, um einen Kauf abzuschlie\u00dfen. Die Verarbeitung personenbezogener Daten dient der Erbringung der Dienstleistungen im Online-Shop.  <\/p><p>F\u00fcr einen Kauf werden folgende Angaben ben\u00f6tigt: Name, Vorname, Adresse, Ort, Postleitzahl, Land, E-Mail-Adresse und Telefonnummer. Bei Unternehmen zus\u00e4tzlich die Umsatzsteuer-Identifikationsnummer. Sie m\u00fcssen mindestens 18 Jahre alt sein, um in unserem Online-Shop einkaufen zu k\u00f6nnen.  <\/p><p>Nicht registrierte Kunden k\u00f6nnen folgende Vorteile einer Registrierung nicht nutzen:<\/p><ul><li>Einfaches Nachbestellen ohne erneute Dateneingabe<\/li><li>\u00dcberpr\u00fcfung des Status offener Bestellungen<\/li><li>Einsicht in das Archiv der K\u00e4ufe und Bestellungen<\/li><li>Einl\u00f6sung von Geschenkgutscheinen<\/li><li>Einl\u00f6sung von R\u00fcckerstattungsgutschriften<\/li><li>Zahlung gem\u00e4\u00df Angebot und Ausstellung einer Rechnung an das Unternehmen<\/li><li>schnellere Bearbeitung von Beschwerden<\/li><li>Schnellere Warenaustauschm\u00f6glichkeiten im Rahmen der vertraglichen Rechte<\/li><li>\u00c4nderung der Lieferadresse<\/li><\/ul><p>Der K\u00e4ufer ist f\u00fcr die sichere Aufbewahrung seines Benutzernamens und seines Passworts verantwortlich. Bei Verdacht auf eine Gef\u00e4hrdung seines Benutzerkontos muss das Passwort unverz\u00fcglich ge\u00e4ndert werden. Mit der Eingabe seiner Daten garantiert der K\u00e4ufer deren Richtigkeit.  <\/p><h3><strong><br>Bestellungen \u2013 Kaufprozess<\/strong><\/h3><p>Produkte k\u00f6nnen im Online-Shop auf verschiedene Weise gefunden werden:<\/p><ul><li>Navigationsmen\u00fc: Platzieren Sie den Mauszeiger \u00fcber der gew\u00fcnschten Kategorie und w\u00e4hlen Sie die Marke aus. <\/li><li>Suchleiste: Geben Sie den Namen oder ein Stichwort des Produkts ein.  <\/li><li>Der Besucher wird anschlie\u00dfend auf eine Unterseite mit Produkten der ausgew\u00e4hlten Marke weitergeleitet. Links befindet sich ein Filter f\u00fcr bestimmte Produktattribute (Preisspanne, Abmessungen usw.), der die Suche erleichtert. Eine Produktvorschau ist verf\u00fcgbar: Es werden das Produktbild (beim \u00dcberfahren des Bildes mit dem Mauszeiger erscheinen Symbole zum schnellen Hinzuf\u00fcgen des Produkts zum Warenkorb oder zur Wunschliste), der Produktname und der Preis angezeigt. Auf der Produktunterseite finden Sie:   <\/li><li>Produktbilder (durch Anklicken vergr\u00f6\u00dferbar) <\/li><li>Produktname, Preis und Hinweise zu Neuheit, Highlight oder Rabatt<\/li><li>Informationen zu verf\u00fcgbaren Produktvarianten<\/li><li>Filteroptionen (Preisspanne, Abmessungen, etc.) <\/li><li>Optionen: Zur Wunschliste hinzuf\u00fcgen, Produkt teilen, Meinungen anderer Kunden<\/li><li>Mengenangaben k\u00f6nnen eingegeben und Produkte in den Warenkorb gelegt werden. Rabattcodes werden im vorgesehenen Feld eingegeben. Der Kauf kann \u00fcber \u201eZur Kasse\u201c abgeschlossen werden. Fehlende oder fehlerhafte Angaben werden rot markiert.<\/li><\/ul><p>Auf der rechten Seite befinden sich Felder, in die die gew\u00fcnschte Produktmenge eingegeben wird. Der Besucher legt die gew\u00fcnschten Produkte in den Warenkorb, indem er unten im Bereich auf den Button \u201eIn den Warenkorb\u201c klickt. Nach dem Hinzuf\u00fcgen eines Produkts zum Warenkorb \u00f6ffnet sich ein Fenster mit einer Warenkorbvorschau. Der Besucher kann den Kauf dann, falls gew\u00fcnscht, direkt mit einem Klick auf \u201eZur Kasse\u201c abschlie\u00dfen. W\u00e4hlt der Besucher die Option \u201eWarenkorb ansehen\u201c, wird er auf eine Seite weitergeleitet, auf der er den Warenkorb \u00fcberpr\u00fcfen und den Kauf abschlie\u00dfen kann. Dort kann der Kunde den Warenkorb bearbeiten (Menge \u00e4ndern und\/oder Produkte entfernen). Nach jeder Mengen\u00e4nderung muss der Button \u201eWarenkorb aktualisieren\u201c angeklickt werden. Der Besucher gibt einen eventuell vorhandenen Rabattcode in das daf\u00fcr vorgesehene Feld ein und best\u00e4tigt ihn mit einem Klick auf \u201eRabatt anwenden\u201c. <\/p><p>M\u00f6chte der Besucher den Warenkorb vollst\u00e4ndig leeren, klickt er auf \u201eWarenkorb leeren\u201c. M\u00f6chte er ein weiteres Produkt hinzuf\u00fcgen, w\u00e4hlt er \u201eWeiter einkaufen\u201c. An derselben Stelle befindet sich auch der Link \u201eZur Zahlung\u201c, \u00fcber den der K\u00e4ufer seine pers\u00f6nlichen Daten eingibt. Fehlende oder fehlerhafte Angaben werden rot umrandet und mit einem Korrekturhinweis versehen. Die Versandart wird ebenfalls hier ausgew\u00e4hlt.  <\/p><p>Durch Klicken des \u201eWeiter\u201c-Buttons wird der Besucher zur Auswahl einer Zahlungsmethode weitergeleitet:<\/p><ul><li>Zahlung mit PayPal (klicken Sie auf den blauen Button mit der Aufschrift \u201eMit PayPal bezahlen\u201c, es erscheint ein Fenster, in dem Sie Ihren PayPal-Benutzernamen und Ihr Passwort eingeben m\u00fcssen);<\/li><li>Bank\u00fcberweisung \/ Proforma-Rechnung: Bestellung muss sp\u00e4testens drei (3) Tage nach Erhalt der Zahlungsinformationen bezahlt werden     <\/li><li>Kreditkarte: Visa, MasterCard, Maestro, American Express<\/li><\/ul><p><br>Eink\u00e4ufe mit Zahlungskarten im Online-Shop sind absolut sicher. Es werden Ma\u00dfnahmen ergriffen, die den nationalen und europ\u00e4ischen Rechtsvorschriften f\u00fcr Zahlungsdienste entsprechen und das Betrugsrisiko minimieren.  <\/p><p>W\u00e4hrend des gesamten Bestellvorgangs sieht der Kunde eine Bestell\u00fcbersicht, in der die Produkte im Warenkorb mit ihren Mengen und dem Gesamtwert der Bestellung aufgelistet sind. Er kann au\u00dferdem die Lieferadresse \u00e4ndern und die Versandart ausw\u00e4hlen. <\/p><p>Der K\u00e4ufer schlie\u00dft seine Bestellung ab, indem er auf den Button \u201eBestellung absenden\u201c klickt. Sobald der K\u00e4ufer die Bestellung best\u00e4tigt hat, erscheint eine Benachrichtigung \u00fcber den erfolgreichen Abschluss des Kaufs. F\u00fcr Direktbestellungen (pers\u00f6nlich, telefonisch oder per E-Mail) ist ausschlie\u00dflich die Zahlung per Bank\u00fcberweisung m\u00f6glich.  <\/p><p>Anschlie\u00dfend pr\u00fcft und bearbeitet ELASTOMERI die Bestellung. Der Kaufvertrag zwischen ELASTOMERI und dem K\u00e4ufer kommt zustande, sobald der K\u00e4ufer eine E-Mail mit der Benachrichtigung \u201eIhre Bestellung ist versandbereit\u201c erh\u00e4lt. Die best\u00e4tigte Bestellung bzw. der Kaufvertrag wird elektronisch auf dem Server von ELASTOMERI d.o.o. gespeichert. Der K\u00e4ufer kann eine Kopie des Vertrags per E-Mail an <a href=\"mailto:info@elastomeri.si\">info@elastomeri.si<\/a> anfordern.    <\/p><p>Der K\u00e4ufer ist an die zum Zeitpunkt der Online-Bestellung bzw. des Kaufs geltenden Allgemeinen Gesch\u00e4ftsbedingungen gebunden. Mit der Bestellung best\u00e4tigt der K\u00e4ufer, dass er die Allgemeinen Gesch\u00e4ftsbedingungen zur Kenntnis genommen hat. <\/p><p><strong> <\/strong><\/p><h3><strong>Zahlungsmethoden<\/strong><\/h3><p><strong>Im Online-Shop stehen folgende Zahlungsmethoden zur Verf\u00fcgung:<\/strong><\/p><ul><li>PayPal: Bezahlung \u00fcber das PayPal-Benutzerkonto<\/li><li><strong>Bank\u00fcberweisung \/ Proforma-Rechnung: Bestellung muss sp\u00e4testens drei (3) Tage nach Erhalt der Zahlungsinformationen bezahlt werden <\/strong> &#8211; Nach Abschluss der Bestellung erh\u00e4lt der K\u00e4ufer eine Bestellbest\u00e4tigung und Zahlungsinformationen per E-Mail. Der K\u00e4ufer gibt die Bestellnummer im Verwendungszweck an. Die Bestellung muss innerhalb drei (3) Tage nach Erhalt der E-Mail mit den Zahlungsinformationen bezahlt werden. Andernfalls wird die Bestellung von ELASTOMERI d.o.o. storniert. Die Bearbeitungszeit beginnt mit dem Zahlungseingang auf dem Konto von ELASTOMERI d.o.o.    <\/li><li><strong>Kreditkarte:<\/strong> Visa, MasterCard, Maestro, American Express<\/li><\/ul><p>Einkaufen mit Zahlungskarten im Online-Shop von ELASTOMERI d.o.o. ist absolut sicher. Es werden Ma\u00dfnahmen getroffen, die den nationalen und europ\u00e4ischen Rechtsvorschriften f\u00fcr Zahlungsdienste entsprechen und das Betrugsrisiko bei Online-Zahlungen minimieren. <\/p><p><strong>Zahlungsmethode f\u00fcr Direktbestellungen<\/strong><br>F\u00fcr Direktbestellungen bei ELASTOMERI d.o.o. (pers\u00f6nlich, telefonisch oder per E-Mail) ist ausschlie\u00dflich <strong>die Zahlung per Bank\u00fcberweisung m\u00f6glich.<\/strong><\/p><p>Nach Ihrer Bestellung erhalten Sie eine Bestellbest\u00e4tigung und Zahlungsinformationen per E-Mail. Geben Sie Ihre Bestellnummer im Feld \u201eReferenz\u201c ein. <\/p><p><strong> <\/strong><\/p><h3><strong>Lieferung<\/strong><\/h3><p>ELASTOMERI d.o.o. liefert bestellte Waren innerhalb der Republik Slowenien schnellstm\u00f6glich. Die Lieferung erfolgt in Zusammenarbeit mit Po\u0161ta Slovenije, DPD oder GLS. <\/p><p>Die Lieferzeit wird f\u00fcr jedes Produkt individuell angegeben und beginnt am n\u00e4chsten Werktag nach der Auftragsbest\u00e4tigung. Samstage, Sonntage und Feiertage werden nicht mitgerechnet. Teillieferungen sind m\u00f6glich.  <\/p><p>Sollte eine Lieferung aufgrund unvorhergesehener Umst\u00e4nde verz\u00f6gert werden, wird der K\u00e4ufer informiert und erh\u00e4lt einen neuen Liefertermin. In diesem Fall kann der K\u00e4ufer kostenfrei vom Vertrag zur\u00fccktreten. <\/p><h3><strong><br>Gutscheincodes<\/strong><\/h3><p>Der K\u00e4ufer kann einen Materialfehler geltend machen, indem er eine Benachrichtigung an die E-Mail-Adresse info@elastomeri.si sendet. <\/p><p>Gutscheincodes k\u00f6nnen einem Produkt oder dem gesamten Einkauf zugeordnet sein. Bei produktbezogenen Codes muss dieser einzeln eingegeben werden. Pro Einkauf kann nur ein Gutscheincode pro Produkt eingel\u00f6st werden. Gutscheincodes k\u00f6nnen nicht in Bargeld umgetauscht werden.   <\/p><p>Der Code kann nicht gegen Bargeld eingetauscht werden.<\/p><h3><strong><br>Empfang der Sendung<\/strong><\/h3><p>Beim Empfang der Sendung sollte der K\u00e4ufer:<\/p><ul><li>Pr\u00fcfen, ob die Sendung besch\u00e4digt ist<\/li><li>Pr\u00fcfen, ob das bestellte Produkt geliefert wurde<\/li><li>Verpackung vorsichtig \u00f6ffnen und Originalzustand, Etiketten und Schutzfolien bis zur endg\u00fcltigen Entscheidung bewahren<\/li><\/ul><p>Falls die Sendung besch\u00e4digt ist:<br>Reklamationsprozess starten<br>Innerhalb von 30 Tagen nach Erhalt das Produkt zur Post bringen oder Abholung vor Ort vereinbaren<br>Zusammen mit dem Postmitarbeiter ein Protokoll erstellen  <\/p><p>Kopie des Protokolls an <a href=\"mailto:info@elastomeri.si\"><span style=\"text-decoration: underline;\">info@elastomeri.si <\/span><\/a>senden<br>ELASTOMERI k\u00fcmmert sich um die weitere Abwicklung und sendet ein neues Produkt oder erstattet den Kaufpreis.<\/p><p>Falls das falsche Produkt geliefert wurde:<br>Verpackung nicht \u00f6ffnen<br>Kontaktieren Sie ELASTOMERI per E-Mail: <a href=\"mailto:info@elastomeri.si\"><span style=\"text-decoration: underline;\">info@elastomeri.si<\/span><\/a><\/p><h3><strong><br>R\u00fccktritt vom Vertrag \/ R\u00fcckgabe der Waren<\/strong><\/h3><p>Kunden haben bei Online-K\u00e4ufen das Recht, innerhalb von 14 Tagen ohne Angabe von Gr\u00fcnden vom Vertrag zur\u00fcckzutreten. Die einzigen Kosten sind die unmittelbaren R\u00fccksendekosten. <\/p><p>Kein R\u00fccktrittsrecht besteht bei:<\/p><ul><li>Ma\u00dfgefertigten Produkten<\/li><li>die aufgrund ihrer Beschaffenheit nicht zur R\u00fccksendung geeignet ist,<\/li><li>Waren, die aus hygienischen Gr\u00fcnden nicht zur\u00fcckgegeben werden k\u00f6nnen<\/li><li>Sichtbaren Gebrauchsspuren oder Besch\u00e4digungen<\/li><\/ul><p>Hat der K\u00e4ufer die Ware bereits erhalten und tritt er vom Vertrag zur\u00fcck, muss die Ware innerhalb von 14 Tagen nach Eingang der Widerrufserkl\u00e4rung unbesch\u00e4digt und in der gleichen Menge an das Unternehmen zur\u00fcckgesandt werden. Der K\u00e4ufer sollte die Ware in der unbesch\u00e4digten Originalverpackung zur\u00fccksenden, um eine Minderung der R\u00fcckerstattung zu vermeiden. Der R\u00fccksendung sind eine Kopie der Originalrechnung und alle weiteren relevanten Dokumente beizuf\u00fcgen. Die Produktverpackung muss unbesch\u00e4digt sein.    <\/p><p>Der K\u00e4ufer haftet f\u00fcr einen etwaigen Wertverlust des Produkts, wenn dieser auf ein Verhalten zur\u00fcckzuf\u00fchren ist, das nicht unbedingt notwendig war, um die Art, die Eigenschaften und die Funktionsweise der Ware festzustellen.<\/p><p>R\u00fccksendungen m\u00fcssen unbesch\u00e4digt und in Originalverpackung innerhalb von 14 Tagen erfolgen. R\u00fcckerstattungen erfolgen \u00fcber dieselbe Zahlungsmethode, die beim Kauf verwendet wurde, sofern nicht anders gew\u00fcnscht.  <\/p><p>Die Frist f\u00fcr die Aus\u00fcbung des Widerrufsrechts beginnt bei der Lieferung von Waren mit dem Tag der Annahme der Ware durch den K\u00e4ufer und bei der Erbringung von Dienstleistungen mit dem Tag des Vertragsabschlusses bzw. mit dem Tag der Erbringung der Dienstleistung durch das Unternehmen.<\/p><p>Der K\u00e4ufer kann vom Vertrag zur\u00fccktreten, indem er eine eindeutige Widerrufserkl\u00e4rung per E-Mail an <a href=\"mailto:info@elastomeri.si\">info@elastomeri.si<\/a> sendet. Die Widerrufserkl\u00e4rung gilt als fristgerecht abgeschickt, wenn sie innerhalb der f\u00fcr den Widerruf des Vertrags festgelegten Frist abgesendet wird. <\/p><p>Adresse f\u00fcr R\u00fccksendungen:<br>Elastomeri d.o.o.<br>Be\u017eigrajska cesta 4<br>3000 Celje<\/p><h3><strong><br>Garantie und Gew\u00e4hrleistung<\/strong><\/h3><p>Der Hersteller garantiert die Qualit\u00e4t der Produktherstellung, jedoch nicht die Geschwindigkeit des Verschlei\u00dfes. Sch\u00e4den durch normale Abnutzung, unsachgem\u00e4\u00dfen Gebrauch, mangelnde Wartung oder bekannte M\u00e4ngel beim Kauf sind von der Garantie ausgeschlossen.<\/p><p>Defekte und Verschlei\u00dfformen, die durch Folgendes entstehen:<\/p><ul><li>normale Abnutzung,<\/li><li>unachtsamer Umgang mit dem Produkt,<\/li><li>mangelnde Wartung,<\/li><li>M\u00e4ngel, die dem Kunden zum Zeitpunkt des Kaufs bekannt waren.<\/li><\/ul><p>Reklamationen m\u00fcssen innerhalb von 45 Tagen mit der Kaufrechnung eingereicht werden. ELASTOMERI repariert oder ersetzt das Produkt. Eingriffe des K\u00e4ufers in das Produkt erl\u00f6schen die Garantie. Gew\u00e4hrleistungsrechte verfallen zwei Jahre nach dem Kaufdatum. <\/p><p>Wenn der Hersteller die Ware nicht repariert oder durch eine neue ersetzt, hat der K\u00e4ufer das Recht, vom Vertrag zur\u00fcckzutreten oder eine Minderung des Kaufpreises zu verlangen.<\/p><p>Die Garantie erlischt, sobald der K\u00e4ufer in das Produkt eingreift, um den Mangel zu beheben. ELASTOMERI \u00fcbernimmt keine Kosten f\u00fcr die M\u00e4ngelbeseitigung, wenn diese vom K\u00e4ufer selbst oder von einem Dritten ohne Zustimmung von ELASTOMERI durchgef\u00fchrt wird.  <\/p><p>Die Rechte des K\u00e4ufers, die Gew\u00e4hrleistung geltend zu machen, erl\u00f6schen zwei Jahre nach dem Datum, an dem der K\u00e4ufer die kostenlose Behebung von M\u00e4ngeln oder den Austausch der Ware gegen neue Ware verlangt hat.<\/p><h3><strong><br>Beschwerdeverfahren<\/strong><\/h3><p>ELASTOMERI nimmt Beschwerden ernst und bem\u00fcht sich um schnelle L\u00f6sungen. <\/p><p>M\u00e4ngel innerhalb von zwei Monaten melden<br>M\u00f6glichkeit auf Nachbesserung, anteilige R\u00fcckerstattung, Ersatz oder volle R\u00fcckerstattung<br>Verbraucher muss Mangel genau beschreiben und Pr\u00fcfung erm\u00f6glichen   <\/p><p>Ein Mangel gilt als wesentlich, wenn das Produkt: <\/p><ul><li>nicht die f\u00fcr den normalen Gebrauch oder die Vermarktung erforderlichen Eigenschaften aufweist<\/li><li>nicht f\u00fcr den spezifischen Verwendungszweck geeignet ist, der dem Verk\u00e4ufer bekannt war<\/li><li>nicht die ausdr\u00fccklich oder stillschweigend vereinbarten Eigenschaften besitzt<\/li><li>nicht dem Muster oder Modell entspricht, sofern dieses nur zu Informationszwecken gezeigt wurde<\/li><\/ul><p>Die Eignung der Produkte wird im Vergleich zu herk\u00f6mmlichen Produkten derselben Art bewertet.<\/p><p>Bei einem tats\u00e4chlichen Mangel kann der K\u00e4ufer eine Meldung an <a href=\"mailto:info@elastomeri.si\"><span style=\"text-decoration: underline;\">info@elastomeri.si<\/span><\/a> senden.<\/p>\t\t\t\t\t\t\t\t<\/div>\n\t\t\t\t\t<\/div>\n\t\t\t\t<\/div>\n\t\t\t\t<\/div>\n\t\t","protected":false},"excerpt":{"rendered":"<p>Allgemeine Gesch\u00e4ftsbedingungen Die Allgemeinen Gesch\u00e4ftsbedingungen (AGB) des ELASTOMERI-Onlineshops (https:\/\/elastomeri.si) regeln die Gesch\u00e4fts- und Vertragsbeziehung zwischen dem ELASTOMERI-Onlineshop und seinen Besuchern bzw. Kunden. Sie wurden gem\u00e4\u00df dem Verbraucherschutzgesetz, dem Gesetz \u00fcber elektronische Kommunikation und dem Datenschutzgesetz erstellt.Der ELASTOMERI-Onlineshop (nachfolgend \u201eOnlineshop\u201c genannt) wird von der Firma Elastomeri d.o.o., Celje, Be\u017eigrajska cesta 4, 3000 Celje, Steuernummer: SI56652046 (in [&hellip;]<\/p>\n","protected":false},"author":1,"featured_media":0,"parent":0,"menu_order":0,"comment_status":"closed","ping_status":"closed","template":"","meta":{"_acf_changed":false,"inline_featured_image":false,"_monsterinsights_skip_tracking":false,"_monsterinsights_sitenote_active":false,"_monsterinsights_sitenote_note":"","_monsterinsights_sitenote_category":0,"footnotes":""},"class_list":["post-44939","page","type-page","status-publish","hentry"],"acf":[],"aioseo_notices":[],"_links":{"self":[{"href":"https:\/\/elastomeri.si\/de\/wp-json\/wp\/v2\/pages\/44939","targetHints":{"allow":["GET"]}}],"collection":[{"href":"https:\/\/elastomeri.si\/de\/wp-json\/wp\/v2\/pages"}],"about":[{"href":"https:\/\/elastomeri.si\/de\/wp-json\/wp\/v2\/types\/page"}],"author":[{"embeddable":true,"href":"https:\/\/elastomeri.si\/de\/wp-json\/wp\/v2\/users\/1"}],"replies":[{"embeddable":true,"href":"https:\/\/elastomeri.si\/de\/wp-json\/wp\/v2\/comments?post=44939"}],"version-history":[{"count":13,"href":"https:\/\/elastomeri.si\/de\/wp-json\/wp\/v2\/pages\/44939\/revisions"}],"predecessor-version":[{"id":46299,"href":"https:\/\/elastomeri.si\/de\/wp-json\/wp\/v2\/pages\/44939\/revisions\/46299"}],"wp:attachment":[{"href":"https:\/\/elastomeri.si\/de\/wp-json\/wp\/v2\/media?parent=44939"}],"curies":[{"name":"wp","href":"https:\/\/api.w.org\/{rel}","templated":true}]}}