{"id":44936,"date":"2025-09-26T15:11:30","date_gmt":"2025-09-26T13:11:30","guid":{"rendered":"https:\/\/elastomeri.click.si\/cookies\/"},"modified":"2025-10-30T14:43:31","modified_gmt":"2025-10-30T13:43:31","slug":"cookies","status":"publish","type":"page","link":"https:\/\/elastomeri.si\/de\/cookies\/","title":{"rendered":"Cookies"},"content":{"rendered":"\t\t<div data-elementor-type=\"wp-page\" data-elementor-id=\"44936\" class=\"elementor elementor-44936 elementor-43987\" data-elementor-post-type=\"page\">\n\t\t\t\t<div class=\"elementor-element elementor-element-4ea5cfdd e-flex e-con-boxed e-con e-parent\" data-id=\"4ea5cfdd\" data-element_type=\"container\" data-e-type=\"container\">\n\t\t\t\t\t<div class=\"e-con-inner\">\n\t\t\t\t<div class=\"elementor-element elementor-element-7f830cd2 elementor-widget elementor-widget-heading\" data-id=\"7f830cd2\" data-element_type=\"widget\" data-e-type=\"widget\" data-widget_type=\"heading.default\">\n\t\t\t\t\t<h1 class=\"elementor-heading-title elementor-size-default\">Cookie-Richtlinie<\/h1>\t\t\t\t<\/div>\n\t\t\t\t<div class=\"elementor-element elementor-element-53f41982 elementor-widget elementor-widget-text-editor\" data-id=\"53f41982\" data-element_type=\"widget\" data-e-type=\"widget\" data-widget_type=\"text-editor.default\">\n\t\t\t\t\t\t\t\t\t<p>Cookies sind sehr wichtig, um Website-Besuchern ein positives Nutzungserlebnis zu gew\u00e4hrleisten. Weitere Informationen zu Cookies finden Sie unter <span style=\"text-decoration: underline;\"><a href=\"https:\/\/www.allaboutcookies.org\/\">https:\/\/www.allaboutcookies.org\/.<\/a><\/span> <\/p><p>Auf Websites gibt es folgende Arten von Cookies:<\/p><ul><li>Tempor\u00e4re Cookies oder Session-Cookies:<ul><li>werden f\u00fcr die Dauer der Browsersitzung gespeichert und am Ende der Sitzung gel\u00f6scht.<\/li><li>werden f\u00fcr das ordnungsgem\u00e4\u00dfe Funktionieren bestimmter Anwendungen oder Funktionen auf Websites ben\u00f6tigt. <\/li><\/ul><\/li><li>Permanente oder gespeicherte Cookies:<ul><li>werden verwendet, um die Benutzererfahrung zu verbessern<\/li><li>bleiben f\u00fcr einen l\u00e4ngeren Zeitraum in der Cookie-Datei gespeichert (abh\u00e4ngig von der Auswahl, die der Benutzer in seinen Internetbrowser-Einstellungen trifft).<\/li><\/ul><\/li><li>Erstanbieter-Cookies:<ul><li>Sie k\u00f6nnen dauerhaft oder tempor\u00e4r sein. Diese Cookies dienen dazu, Informationen zu speichern, die die Website beim n\u00e4chsten Besuch des Nutzers wiederverwendet; <\/li><\/ul><\/li><li>Andere Cookies:<ul><li>Die Daten stammen von anderen Partner-Websites (die beispielsweise den Datenverkehr messen). Dabei werden Nutzerdaten von verschiedenen Websites gesammelt und f\u00fcr unterschiedliche Zwecke verwendet, von Werbung und Analysen bis hin zur Verbesserung der eigenen Produkte. <\/li><\/ul><\/li><\/ul><p><br>Es gibt au\u00dferdem folgende Einteilung der Cookies:<\/p><ul><li>Unbedingt notwendige Cookies:<ul><li>Grundfunktionen aktivieren (Seitennavigation, Zugriff auf gesch\u00fctzte Bereiche, Speichern von Benutzereingaben in Online-Formularen, Warenkorb)<\/li><li>werden verwendet, um die Einstellungen an die Benutzerpr\u00e4ferenzen anzupassen (wie Ergebnisse\/Inhalte sortiert werden).<\/li><li>Der technisch einwandfreie und reibungslose Betrieb der Website ist ohne diese Cookies nicht m\u00f6glich.<\/li><\/ul><\/li><li>Statistik-Cookies:<ul><li>Wir erfassen Informationen dar\u00fcber, wie Websites genutzt werden. Ziel ist es, deren Attraktivit\u00e4t, Inhalte und Funktionalit\u00e4t zu verbessern. Diese Cookies werden nur mit Ihrer Einwilligung verwendet.  <\/li><li>Dies ist Google Analytics \u2013 ein Tool zur Analyse von Websites (Textdateien werden auf dem Computer des Besuchers gespeichert und erm\u00f6glichen die Analyse seiner Website-Nutzung). Es dient dazu, die Nutzung der Website durch den Besucher auszuwerten, Berichte \u00fcber die Website-Aktivit\u00e4ten zu erstellen und weitere Dienstleistungen im Zusammenhang mit der Nutzung von Websites und dem Internet anzubieten. <\/li><li>Nutzer k\u00f6nnen die Speicherung von Cookies und die Aufzeichnung von durch Cookies generierten und mit der Nutzung der Website zusammenh\u00e4ngenden Daten \u00fcber die Einstellungen ihrer Browser-Software deaktivieren. Ist dies deaktiviert, stehen m\u00f6glicherweise nicht alle Funktionen dieser Website zur Verf\u00fcgung, und die Website-Performance kann beeintr\u00e4chtigt sein. Die Einstellungen k\u00f6nnen unter folgendem Link ge\u00e4ndert werden:<span style=\"text-decoration: underline;\"> <a href=\"https:\/\/adssettings.google.com\/\">https:\/\/adssettings.google.com\/.<\/a><\/span>  <\/li><\/ul><\/li><\/ul><p><br>F\u00fcr die Installation von Cookies ist die Einwilligung des Nutzers erforderlich. Wenn eine Website eine engere Beziehung zum Nutzer unterh\u00e4lt (Benutzerkonto, Registrierung, Profil), ist die Einholung der Einwilligung bereits Teil des Registrierungsprozesses. <\/p>\t\t\t\t\t\t\t\t<\/div>\n\t\t\t\t\t<\/div>\n\t\t\t\t<\/div>\n\t\t\t\t<\/div>\n\t\t","protected":false},"excerpt":{"rendered":"<p>Cookie-Richtlinie Cookies sind sehr wichtig, um Website-Besuchern ein positives Nutzungserlebnis zu gew\u00e4hrleisten. Weitere Informationen zu Cookies finden Sie unter https:\/\/www.allaboutcookies.org\/. Auf Websites gibt es folgende Arten von Cookies: Tempor\u00e4re Cookies oder Session-Cookies: werden f\u00fcr die Dauer der Browsersitzung gespeichert und am Ende der Sitzung gel\u00f6scht. werden f\u00fcr das ordnungsgem\u00e4\u00dfe Funktionieren bestimmter Anwendungen oder Funktionen auf [&hellip;]<\/p>\n","protected":false},"author":3,"featured_media":0,"parent":0,"menu_order":0,"comment_status":"closed","ping_status":"closed","template":"","meta":{"_acf_changed":false,"inline_featured_image":false,"_monsterinsights_skip_tracking":false,"_monsterinsights_sitenote_active":false,"_monsterinsights_sitenote_note":"","_monsterinsights_sitenote_category":0,"footnotes":""},"class_list":["post-44936","page","type-page","status-publish","hentry"],"acf":[],"aioseo_notices":[],"_links":{"self":[{"href":"https:\/\/elastomeri.si\/de\/wp-json\/wp\/v2\/pages\/44936","targetHints":{"allow":["GET"]}}],"collection":[{"href":"https:\/\/elastomeri.si\/de\/wp-json\/wp\/v2\/pages"}],"about":[{"href":"https:\/\/elastomeri.si\/de\/wp-json\/wp\/v2\/types\/page"}],"author":[{"embeddable":true,"href":"https:\/\/elastomeri.si\/de\/wp-json\/wp\/v2\/users\/3"}],"replies":[{"embeddable":true,"href":"https:\/\/elastomeri.si\/de\/wp-json\/wp\/v2\/comments?post=44936"}],"version-history":[{"count":1,"href":"https:\/\/elastomeri.si\/de\/wp-json\/wp\/v2\/pages\/44936\/revisions"}],"predecessor-version":[{"id":44937,"href":"https:\/\/elastomeri.si\/de\/wp-json\/wp\/v2\/pages\/44936\/revisions\/44937"}],"wp:attachment":[{"href":"https:\/\/elastomeri.si\/de\/wp-json\/wp\/v2\/media?parent=44936"}],"curies":[{"name":"wp","href":"https:\/\/api.w.org\/{rel}","templated":true}]}}