{"id":44921,"date":"2025-09-26T13:05:31","date_gmt":"2025-09-26T11:05:31","guid":{"rendered":"https:\/\/elastomeri.click.si\/zahlungsart-2\/"},"modified":"2026-01-15T09:42:45","modified_gmt":"2026-01-15T08:42:45","slug":"zahlungsart-2","status":"publish","type":"page","link":"https:\/\/elastomeri.si\/de\/zahlungsart-2\/","title":{"rendered":"Zahlungsart"},"content":{"rendered":"\t\t<div data-elementor-type=\"wp-page\" data-elementor-id=\"44921\" class=\"elementor elementor-44921 elementor-43966\" data-elementor-post-type=\"page\">\n\t\t\t\t<div class=\"elementor-element elementor-element-47a040f2 e-flex e-con-boxed e-con e-parent\" data-id=\"47a040f2\" data-element_type=\"container\" data-e-type=\"container\">\n\t\t\t\t\t<div class=\"e-con-inner\">\n\t\t\t\t<div class=\"elementor-element elementor-element-5778a36a elementor-widget elementor-widget-heading\" data-id=\"5778a36a\" data-element_type=\"widget\" data-e-type=\"widget\" data-widget_type=\"heading.default\">\n\t\t\t\t\t<h1 class=\"elementor-heading-title elementor-size-default\">Zahlungsart<\/h1>\t\t\t\t<\/div>\n\t\t\t\t<div class=\"elementor-element elementor-element-6d47bffa elementor-widget elementor-widget-text-editor\" data-id=\"6d47bffa\" data-element_type=\"widget\" data-e-type=\"widget\" data-widget_type=\"text-editor.default\">\n\t\t\t\t\t\t\t\t\t<p><strong>Zahlungsmethoden im Online-Shop<\/strong><br>Der K\u00e4ufer kann zwischen folgenden Zahlungsmethoden w\u00e4hlen:<\/p><ul><li><strong>Zahlung mit PayPal<\/strong> \u2013 Klicken Sie auf den blauen Button mit der Aufschrift \u201eMit PayPal bezahlen\u201c. Es \u00f6ffnet sich ein Fenster, in dem Sie Ihren PayPal-Benutzernamen und Ihr Passwort eingeben m\u00fcssen.<\/li><li><strong>Zahlung per Bank\u00fcberweisung oder per Proforma-Rechnung <\/strong> &#8211; Nach Abschluss der Bestellung erh\u00e4lt der K\u00e4ufer eine Bestellbest\u00e4tigung und Zahlungsinformationen per E-Mail. Der K\u00e4ufer gibt die Bestellnummer im Verwendungszweck an. Die Bestellung muss innerhalb drei (3) Tage nach Erhalt der E-Mail mit den Zahlungsinformationen bezahlt werden. Andernfalls wird die Bestellung von ELASTOMERI d.o.o. storniert. Die Bearbeitungszeit beginnt mit dem Zahlungseingang auf dem Konto von ELASTOMERI d.o.o.    <\/li><li><strong>Zahlung per Lastschrift von einer Kreditkarte <\/strong>(Visa, MasterCard, Maestro, American Express).<\/li><\/ul><p><br>Einkaufen mit Zahlungskarten im Online-Shop von ELASTOMERI d.o.o. ist absolut sicher. Es werden Ma\u00dfnahmen getroffen, die den nationalen und europ\u00e4ischen Rechtsvorschriften f\u00fcr Zahlungsdienste entsprechen und das Betrugsrisiko bei Online-Zahlungen minimieren. <\/p><p><strong>Zahlungsmethode f\u00fcr Direktbestellungen<\/strong><br>F\u00fcr Direktbestellungen bei ELASTOMERI d.o.o. (pers\u00f6nlich, telefonisch oder per E-Mail) ist ausschlie\u00dflich <strong>die Zahlung per Bank\u00fcberweisung m\u00f6glich.<\/strong><\/p><p>Nach Ihrer Bestellung erhalten Sie eine Bestellbest\u00e4tigung und Zahlungsinformationen per E-Mail. Bitte geben Sie Ihre Bestellnummer als Verwendungszweck an. <\/p>\t\t\t\t\t\t\t\t<\/div>\n\t\t\t\t\t<\/div>\n\t\t\t\t<\/div>\n\t\t\t\t<\/div>\n\t\t","protected":false},"excerpt":{"rendered":"<p>Zahlungsart Zahlungsmethoden im Online-ShopDer K\u00e4ufer kann zwischen folgenden Zahlungsmethoden w\u00e4hlen: Zahlung mit PayPal \u2013 Klicken Sie auf den blauen Button mit der Aufschrift \u201eMit PayPal bezahlen\u201c. Es \u00f6ffnet sich ein Fenster, in dem Sie Ihren PayPal-Benutzernamen und Ihr Passwort eingeben m\u00fcssen. Zahlung per Bank\u00fcberweisung oder per Proforma-Rechnung &#8211; Nach Abschluss der Bestellung erh\u00e4lt der K\u00e4ufer [&hellip;]<\/p>\n","protected":false},"author":3,"featured_media":0,"parent":0,"menu_order":0,"comment_status":"closed","ping_status":"closed","template":"","meta":{"_acf_changed":false,"inline_featured_image":false,"_monsterinsights_skip_tracking":false,"_monsterinsights_sitenote_active":false,"_monsterinsights_sitenote_note":"","_monsterinsights_sitenote_category":0,"footnotes":""},"class_list":["post-44921","page","type-page","status-publish","hentry"],"acf":[],"aioseo_notices":[],"_links":{"self":[{"href":"https:\/\/elastomeri.si\/de\/wp-json\/wp\/v2\/pages\/44921","targetHints":{"allow":["GET"]}}],"collection":[{"href":"https:\/\/elastomeri.si\/de\/wp-json\/wp\/v2\/pages"}],"about":[{"href":"https:\/\/elastomeri.si\/de\/wp-json\/wp\/v2\/types\/page"}],"author":[{"embeddable":true,"href":"https:\/\/elastomeri.si\/de\/wp-json\/wp\/v2\/users\/3"}],"replies":[{"embeddable":true,"href":"https:\/\/elastomeri.si\/de\/wp-json\/wp\/v2\/comments?post=44921"}],"version-history":[{"count":4,"href":"https:\/\/elastomeri.si\/de\/wp-json\/wp\/v2\/pages\/44921\/revisions"}],"predecessor-version":[{"id":46273,"href":"https:\/\/elastomeri.si\/de\/wp-json\/wp\/v2\/pages\/44921\/revisions\/46273"}],"wp:attachment":[{"href":"https:\/\/elastomeri.si\/de\/wp-json\/wp\/v2\/media?parent=44921"}],"curies":[{"name":"wp","href":"https:\/\/api.w.org\/{rel}","templated":true}]}}