{"id":44906,"date":"2025-09-26T10:55:54","date_gmt":"2025-09-26T08:55:54","guid":{"rendered":"https:\/\/elastomeri.click.si\/so-funktioniert-das-b2b-affiliate-programm\/"},"modified":"2026-01-14T15:32:40","modified_gmt":"2026-01-14T14:32:40","slug":"so-funktioniert-das-b2b-affiliate-programm","status":"publish","type":"page","link":"https:\/\/elastomeri.si\/de\/so-funktioniert-das-b2b-affiliate-programm\/","title":{"rendered":"So funktioniert das B2B-Partnerprogramm"},"content":{"rendered":"\t\t<div data-elementor-type=\"wp-page\" data-elementor-id=\"44906\" class=\"elementor elementor-44906 elementor-43927\" data-elementor-post-type=\"page\">\n\t\t\t\t<div class=\"elementor-element elementor-element-5c468421 e-flex e-con-boxed e-con e-parent\" data-id=\"5c468421\" data-element_type=\"container\" data-e-type=\"container\">\n\t\t\t\t\t<div class=\"e-con-inner\">\n\t\t\t\t<div class=\"elementor-element elementor-element-1c63cc43 elementor-widget elementor-widget-heading\" data-id=\"1c63cc43\" data-element_type=\"widget\" data-e-type=\"widget\" data-widget_type=\"heading.default\">\n\t\t\t\t\t<h1 class=\"elementor-heading-title elementor-size-default\">Anmeldung zum B2B-Partnerprogramm<\/h1>\t\t\t\t<\/div>\n\t\t\t\t<div class=\"elementor-element elementor-element-551c8906 elementor-widget elementor-widget-text-editor\" data-id=\"551c8906\" data-element_type=\"widget\" data-e-type=\"widget\" data-widget_type=\"text-editor.default\">\n\t\t\t\t\t\t\t\t\t<p>Im Online-Shop von Elastomeri k\u00f6nnen Sie einfach und schnell eine Anfrage zur Teilnahme am B2B-Partnerprogramm stellen. F\u00fcllen Sie dazu das Anmeldeformular aus und warten Sie auf die Freigabe durch unser Unternehmen. <\/p><h3>Ausf\u00fcllen des Antragsformulars<\/h3><p>Bitte f\u00fcllen Sie alle Pflichtfelder aus, die mit einem Sternchen (*) gekennzeichnet sind. Es wird empfohlen, auch die weiteren Felder auszuf\u00fcllen. W\u00e4hlen Sie bei der Registrierung unter \u201eBenutzertyp\u201c die Option \u201eB2B\u201c aus.  <\/p>\t\t\t\t\t\t\t\t<\/div>\n\t\t\t\t<div class=\"elementor-element elementor-element-4d8fb4a elementor-widget elementor-widget-image\" data-id=\"4d8fb4a\" data-element_type=\"widget\" data-e-type=\"widget\" data-widget_type=\"image.default\">\n\t\t\t\t\t\t\t\t\t\t\t\t\t\t\t<img fetchpriority=\"high\" decoding=\"async\" width=\"800\" height=\"452\" src=\"https:\/\/elastomeri.si\/wp-content\/uploads\/2026\/01\/b2b-de-1-1024x579.png\" class=\"attachment-large size-large wp-image-46224\" alt=\"\" srcset=\"https:\/\/elastomeri.si\/wp-content\/uploads\/2026\/01\/b2b-de-1-1024x579.png 1024w, https:\/\/elastomeri.si\/wp-content\/uploads\/2026\/01\/b2b-de-1-300x170.png 300w, https:\/\/elastomeri.si\/wp-content\/uploads\/2026\/01\/b2b-de-1-768x434.png 768w, https:\/\/elastomeri.si\/wp-content\/uploads\/2026\/01\/b2b-de-1-600x339.png 600w, https:\/\/elastomeri.si\/wp-content\/uploads\/2026\/01\/b2b-de-1.png 1188w\" sizes=\"(max-width: 800px) 100vw, 800px\" \/>\t\t\t\t\t\t\t\t\t\t\t\t\t\t\t<\/div>\n\t\t\t\t<div class=\"elementor-element elementor-element-a460704 elementor-widget elementor-widget-text-editor\" data-id=\"a460704\" data-element_type=\"widget\" data-e-type=\"widget\" data-widget_type=\"text-editor.default\">\n\t\t\t\t\t\t\t\t\t<p><strong>Bevor Sie auf die Schaltfl\u00e4che \u201eRegistrieren\u201c klicken, \u00fcberpr\u00fcfen Sie bitte, ob alle Angaben korrekt sind. <\/strong><\/p><p>An die angegebene E-Mail-Adresse erhalten Sie eine Best\u00e4tigungs-E-Mail mit Anweisungen zur Festlegung Ihres Passworts. Anschlie\u00dfend warten Sie bitte auf unsere Freigabe. Nach erfolgreicher Pr\u00fcfung erhalten Sie eine weitere E-Mail, die best\u00e4tigt, dass Ihr Konto aktiviert wurde. <\/p><h3> <\/h3><h3>Abschluss der Anmeldung<\/h3><p>Klicken Sie auf die \u201eRegistrieren\u201c am unteren Ende des Formulars. An die angegebene E-Mail-Adresse wird eine Best\u00e4tigungs-E-Mail mit Anweisungen zur Passworterstellung gesendet. Nachdem unser Team Ihre Angaben \u00fcberpr\u00fcft und Ihre Anmeldung genehmigt hat, erhalten Sie eine weitere E-Mail mit der Best\u00e4tigung, dass Ihr B2B-Konto freigeschaltet wurde. Danach k\u00f6nnen Sie sich mit der bei der Registrierung angegebenen E-Mail-Adresse und dem Passwort anmelden.   <\/p>\t\t\t\t\t\t\t\t<\/div>\n\t\t\t\t\t<\/div>\n\t\t\t\t<\/div>\n\t\t\t\t<\/div>\n\t\t","protected":false},"excerpt":{"rendered":"<p>Anmeldung zum B2B-Partnerprogramm Im Online-Shop von Elastomeri k\u00f6nnen Sie einfach und schnell eine Anfrage zur Teilnahme am B2B-Partnerprogramm stellen. F\u00fcllen Sie dazu das Anmeldeformular aus und warten Sie auf die Freigabe durch unser Unternehmen. Ausf\u00fcllen des Antragsformulars Bitte f\u00fcllen Sie alle Pflichtfelder aus, die mit einem Sternchen (*) gekennzeichnet sind. Es wird empfohlen, auch die [&hellip;]<\/p>\n","protected":false},"author":3,"featured_media":0,"parent":0,"menu_order":0,"comment_status":"closed","ping_status":"closed","template":"","meta":{"_acf_changed":false,"inline_featured_image":false,"_monsterinsights_skip_tracking":false,"_monsterinsights_sitenote_active":false,"_monsterinsights_sitenote_note":"","_monsterinsights_sitenote_category":0,"footnotes":""},"class_list":["post-44906","page","type-page","status-publish","hentry"],"acf":[],"aioseo_notices":[],"_links":{"self":[{"href":"https:\/\/elastomeri.si\/de\/wp-json\/wp\/v2\/pages\/44906","targetHints":{"allow":["GET"]}}],"collection":[{"href":"https:\/\/elastomeri.si\/de\/wp-json\/wp\/v2\/pages"}],"about":[{"href":"https:\/\/elastomeri.si\/de\/wp-json\/wp\/v2\/types\/page"}],"author":[{"embeddable":true,"href":"https:\/\/elastomeri.si\/de\/wp-json\/wp\/v2\/users\/3"}],"replies":[{"embeddable":true,"href":"https:\/\/elastomeri.si\/de\/wp-json\/wp\/v2\/comments?post=44906"}],"version-history":[{"count":12,"href":"https:\/\/elastomeri.si\/de\/wp-json\/wp\/v2\/pages\/44906\/revisions"}],"predecessor-version":[{"id":46227,"href":"https:\/\/elastomeri.si\/de\/wp-json\/wp\/v2\/pages\/44906\/revisions\/46227"}],"wp:attachment":[{"href":"https:\/\/elastomeri.si\/de\/wp-json\/wp\/v2\/media?parent=44906"}],"curies":[{"name":"wp","href":"https:\/\/api.w.org\/{rel}","templated":true}]}}