{"id":44904,"date":"2025-09-26T10:45:41","date_gmt":"2025-09-26T08:45:41","guid":{"rendered":"https:\/\/elastomeri.click.si\/lieferung-2\/"},"modified":"2026-01-23T09:31:09","modified_gmt":"2026-01-23T08:31:09","slug":"lieferung-2","status":"publish","type":"page","link":"https:\/\/elastomeri.si\/de\/lieferung-2\/","title":{"rendered":"Lieferung"},"content":{"rendered":"\t\t<div data-elementor-type=\"wp-page\" data-elementor-id=\"44904\" class=\"elementor elementor-44904 elementor-43885\" data-elementor-post-type=\"page\">\n\t\t\t\t<div class=\"elementor-element elementor-element-26384efb e-flex e-con-boxed e-con e-parent\" data-id=\"26384efb\" data-element_type=\"container\" data-e-type=\"container\">\n\t\t\t\t\t<div class=\"e-con-inner\">\n\t\t\t\t<div class=\"elementor-element elementor-element-45630c74 elementor-widget elementor-widget-heading\" data-id=\"45630c74\" data-element_type=\"widget\" data-e-type=\"widget\" data-widget_type=\"heading.default\">\n\t\t\t\t\t<h1 class=\"elementor-heading-title elementor-size-default\">Lieferung<\/h1>\t\t\t\t<\/div>\n\t\t\t\t<div class=\"elementor-element elementor-element-538f0274 elementor-widget elementor-widget-text-editor\" data-id=\"538f0274\" data-element_type=\"widget\" data-e-type=\"widget\" data-widget_type=\"text-editor.default\">\n\t\t\t\t\t\t\t\t\t<p>Die Firma ELASTOMERI d.o.o. ist bestrebt, bestellte Waren schnellstm\u00f6glich zu liefern. Wir liefern in Zusammenarbeit mit Po\u0161ta Slovenije, DPD, DHL, GLS und anderen. <\/p><p>Die Lieferzeit wird f\u00fcr jedes Produkt individuell angegeben und beginnt am n\u00e4chsten Werktag nach Auftragsbest\u00e4tigung. Samstage, Sonntage und Feiertage sind von der Lieferzeit ausgenommen. Die Firma ELASTOMERI d.o.o. beh\u00e4lt sich das Recht auf Teillieferungen vor.  <\/p><p>Sollte ELASTOMERI d.o.o. die bestellten Produkte aufgrund unvorhergesehener Umst\u00e4nde (z. B. extreme Wetterbedingungen oder sonstige Lieferverz\u00f6gerungen) nicht innerhalb der erwarteten Lieferzeit liefern k\u00f6nnen, wird der K\u00e4ufer per E-Mail oder Telefon benachrichtigt und erh\u00e4lt einen neuen Liefertermin. In diesem Fall hat der K\u00e4ufer das Recht, kostenfrei vom Vertrag zur\u00fcckzutreten. <\/p>\t\t\t\t\t\t\t\t<\/div>\n\t\t\t\t\t<\/div>\n\t\t\t\t<\/div>\n\t\t\t\t<\/div>\n\t\t","protected":false},"excerpt":{"rendered":"<p>Lieferung Die Firma ELASTOMERI d.o.o. ist bestrebt, bestellte Waren schnellstm\u00f6glich zu liefern. Wir liefern in Zusammenarbeit mit Po\u0161ta Slovenije, DPD, DHL, GLS und anderen. Die Lieferzeit wird f\u00fcr jedes Produkt individuell angegeben und beginnt am n\u00e4chsten Werktag nach Auftragsbest\u00e4tigung. Samstage, Sonntage und Feiertage sind von der Lieferzeit ausgenommen. Die Firma ELASTOMERI d.o.o. beh\u00e4lt sich das [&hellip;]<\/p>\n","protected":false},"author":3,"featured_media":0,"parent":0,"menu_order":0,"comment_status":"closed","ping_status":"closed","template":"","meta":{"_acf_changed":false,"inline_featured_image":false,"_monsterinsights_skip_tracking":false,"_monsterinsights_sitenote_active":false,"_monsterinsights_sitenote_note":"","_monsterinsights_sitenote_category":0,"footnotes":""},"class_list":["post-44904","page","type-page","status-publish","hentry"],"acf":[],"aioseo_notices":[],"_links":{"self":[{"href":"https:\/\/elastomeri.si\/de\/wp-json\/wp\/v2\/pages\/44904","targetHints":{"allow":["GET"]}}],"collection":[{"href":"https:\/\/elastomeri.si\/de\/wp-json\/wp\/v2\/pages"}],"about":[{"href":"https:\/\/elastomeri.si\/de\/wp-json\/wp\/v2\/types\/page"}],"author":[{"embeddable":true,"href":"https:\/\/elastomeri.si\/de\/wp-json\/wp\/v2\/users\/3"}],"replies":[{"embeddable":true,"href":"https:\/\/elastomeri.si\/de\/wp-json\/wp\/v2\/comments?post=44904"}],"version-history":[{"count":6,"href":"https:\/\/elastomeri.si\/de\/wp-json\/wp\/v2\/pages\/44904\/revisions"}],"predecessor-version":[{"id":46312,"href":"https:\/\/elastomeri.si\/de\/wp-json\/wp\/v2\/pages\/44904\/revisions\/46312"}],"wp:attachment":[{"href":"https:\/\/elastomeri.si\/de\/wp-json\/wp\/v2\/media?parent=44904"}],"curies":[{"name":"wp","href":"https:\/\/api.w.org\/{rel}","templated":true}]}}